{"id":2061,"date":"2021-05-03T06:50:10","date_gmt":"2021-05-03T06:50:10","guid":{"rendered":"https:\/\/volcanoschool.org\/masterclass\/"},"modified":"2021-06-03T08:27:38","modified_gmt":"2021-06-03T08:27:38","slug":"masterclass","status":"publish","type":"page","link":"https:\/\/volcanoschool.org\/fr\/masterclass\/","title":{"rendered":"masterclass"},"content":{"rendered":"<div id='av_section_1'  class='avia-section av-ko88tmvc-9ecb5bb773c25a99de555e910950822b main_color avia-section-no-padding avia-no-border-styling  avia-builder-el-0  el_before_av_section  avia-builder-el-first  av-small-hide av-mini-hide avia-bg-style-scroll av-minimum-height av-minimum-height-100 av-height-100  container_wrap fullsize'   data-av_minimum_height_pc='100' data-av_min_height_opt='100'><div class='container av-section-cont-open' ><main  role=\"main\" itemprop=\"mainContentOfPage\"  class='template-page content  av-content-full alpha units'><div class='post-entry post-entry-type-page post-entry-2061'><div class='entry-content-wrapper clearfix'>\n\n<\/div><\/div><\/main><!-- close content main element --><\/div><\/div><div id='av_section_2'  class='avia-section av-koo2w8uu-4484c4bd07967f8ec6fd5dff0801d29c main_color avia-section-no-padding avia-no-border-styling  avia-builder-el-2  el_after_av_section  el_before_av_section  av-desktop-hide av-medium-hide avia-bg-style-scroll container_wrap fullsize'  ><div class='container av-section-cont-open' ><div class='template-page content  av-content-full alpha units'><div class='post-entry post-entry-type-page post-entry-2061'><div class='entry-content-wrapper clearfix'>\n\n<\/div><\/div><\/div><!-- close content main div --><\/div><\/div>\n<style type=\"text\/css\" data-created_by=\"avia_inline_auto\" id=\"style-css-av-iie3kd-d0ef169977a76613540df74ffe71a24f\">\n.avia-section.av-iie3kd-d0ef169977a76613540df74ffe71a24f{\nbackground-color:#c1ce2d;\nbackground-image:unset;\n}\n<\/style>\n<div id='av_section_3'  class='avia-section av-iie3kd-d0ef169977a76613540df74ffe71a24f main_color avia-section-default avia-no-border-styling  avia-builder-el-4  el_after_av_section  avia-builder-el-last  cinta-roja-dona avia-bg-style-scroll container_wrap fullsize'  ><div class='container av-section-cont-open' ><div class='template-page content  av-content-full alpha units'><div class='post-entry post-entry-type-page post-entry-2061'><div class='entry-content-wrapper clearfix'>\n<div class='flex_column_table av-i4jzgt-8d730810b051290ee996fe107cb1d3ca sc-av_one_third av-equal-height-column-flextable'>\n<style type=\"text\/css\" data-created_by=\"avia_inline_auto\" id=\"style-css-av-i4jzgt-8d730810b051290ee996fe107cb1d3ca\">\n.flex_column.av-i4jzgt-8d730810b051290ee996fe107cb1d3ca{\nborder-radius:0px 0px 0px 0px;\npadding:0px 0px 0px 0px;\n}\n<\/style>\n<div  class='flex_column av-i4jzgt-8d730810b051290ee996fe107cb1d3ca av_one_third  avia-builder-el-5  el_before_av_two_third  avia-builder-el-first  first flex_column_table_cell av-equal-height-column av-align-middle av-animated-generic fade-in av-zero-column-padding avia-link-column av-column-link  '    data-link-column-url=\"https:\/\/volcanoactive.shop\/producto\/la-tierra-y-los-volcanes\/\"  data-link-column-target=\"_blank\"   ><a class=\"av-screen-reader-only\" href=https:\/\/volcanoactive.shop\/producto\/la-tierra-y-los-volcanes\/  target=\"_blank\" >Suivre un lien ajout\u00e9 manuellement<\/a><style type=\"text\/css\" data-created_by=\"avia_inline_auto\" id=\"style-css-av-fa0pnx-0328ff2b7f31b517c8c48eb749be9f35\">\n.avia-image-container.av-fa0pnx-0328ff2b7f31b517c8c48eb749be9f35 img.avia_image{\nbox-shadow:none;\n}\n.avia-image-container.av-fa0pnx-0328ff2b7f31b517c8c48eb749be9f35 .av-image-caption-overlay-center{\ncolor:#ffffff;\n}\n<\/style>\n<div  class='avia-image-container av-fa0pnx-0328ff2b7f31b517c8c48eb749be9f35 av-styling- avia-align-center  avia-builder-el-6  avia-builder-el-no-sibling '   itemprop=\"image\" itemscope=\"itemscope\" itemtype=\"https:\/\/schema.org\/ImageObject\" ><div class=\"avia-image-container-inner\"><div class=\"avia-image-overlay-wrap\"><img decoding=\"async\" fetchpriority=\"high\" class='wp-image-1247 avia-img-lazy-loading-not-1247 avia_image ' src=\"https:\/\/volcanoschool.org\/wp-content\/uploads\/2021\/05\/la-tierra-y-los-volcanes.png\" alt='' title='la-tierra-y-los-volcanes'  height=\"690\" width=\"465\"  itemprop=\"thumbnailUrl\" srcset=\"https:\/\/volcanoschool.org\/wp-content\/uploads\/2021\/05\/la-tierra-y-los-volcanes.png 465w, https:\/\/volcanoschool.org\/wp-content\/uploads\/2021\/05\/la-tierra-y-los-volcanes-202x300.png 202w\" sizes=\"(max-width: 465px) 100vw, 465px\" \/><\/div><\/div><\/div><\/div><div class='av-flex-placeholder'><\/div>\n<style type=\"text\/css\" data-created_by=\"avia_inline_auto\" id=\"style-css-av-djrud9-be32ee8c7e24a3eedc2ba68a97ac1667\">\n.flex_column.av-djrud9-be32ee8c7e24a3eedc2ba68a97ac1667{\nborder-radius:0px 0px 0px 0px;\npadding:0px 0px 0px 0px;\n}\n<\/style>\n<div  class='flex_column av-djrud9-be32ee8c7e24a3eedc2ba68a97ac1667 av_two_third  avia-builder-el-7  el_after_av_one_third  avia-builder-el-last  flex_column_table_cell av-equal-height-column av-align-middle av-animated-generic fade-in av-zero-column-padding avia-link-column av-column-link  '    data-link-column-url=\"https:\/\/volcanoactive.shop\/producto\/la-tierra-y-los-volcanes\/\"  data-link-column-target=\"_blank\"   ><a class=\"av-screen-reader-only\" href=https:\/\/volcanoactive.shop\/producto\/la-tierra-y-los-volcanes\/  target=\"_blank\" >Suivre un lien ajout\u00e9 manuellement<\/a><p>\n<style type=\"text\/css\" data-created_by=\"avia_inline_auto\" id=\"style-css-av-bue9m5-e0c65577861af0a3f1ea92485b76a5fc\">\n#top .av-special-heading.av-bue9m5-e0c65577861af0a3f1ea92485b76a5fc{\npadding-bottom:10px;\n}\nbody .av-special-heading.av-bue9m5-e0c65577861af0a3f1ea92485b76a5fc .av-special-heading-tag .heading-char{\nfont-size:25px;\n}\n.av-special-heading.av-bue9m5-e0c65577861af0a3f1ea92485b76a5fc .av-subheading{\nfont-size:15px;\n}\n<\/style>\n<div  class='av-special-heading av-bue9m5-e0c65577861af0a3f1ea92485b76a5fc av-special-heading-h2 blockquote modern-quote  avia-builder-el-8  el_before_av_textblock  avia-builder-el-first '><h2 class='av-special-heading-tag '  itemprop=\"headline\"  >NOTRE LIVRE<\/h2><div class=\"special-heading-border\"><div class=\"special-heading-inner-border\"><\/div><\/div><\/div><br \/>\n\n<style type=\"text\/css\" data-created_by=\"avia_inline_auto\" id=\"style-css-av-b4d71p-80f99536d0c4bdcd0c78bed1d2a388a7\">\n#top .av_textblock_section.av-b4d71p-80f99536d0c4bdcd0c78bed1d2a388a7 .avia_textblock{\nfont-size:40px;\ncolor:#15255f;\n}\n<\/style>\n<section  class='av_textblock_section av-b4d71p-80f99536d0c4bdcd0c78bed1d2a388a7 '   itemscope=\"itemscope\" itemtype=\"https:\/\/schema.org\/CreativeWork\" ><div class='av-small-hide av-mini-hide avia_textblock av_inherit_color'  itemprop=\"text\" ><p class=\"handwrite\" style=\"text-align: left; font-size: 1.7em; color: #2c3849;\">LA TERRE ET LES VOLCANS<span class=\"flecha-donativo\" style=\"color: #2c3849; font-size: 60px; font-weight: 900px; vertical-align: inherit;\">&gt;<\/span><\/p>\n<\/div><\/section><br \/>\n\n<style type=\"text\/css\" data-created_by=\"avia_inline_auto\" id=\"style-css-av-8ynwvx-949929893f166e0df09e31349f570f5e\">\n#top .av_textblock_section.av-8ynwvx-949929893f166e0df09e31349f570f5e .avia_textblock{\nfont-size:40px;\ncolor:#15255f;\n}\n<\/style>\n<section  class='av_textblock_section av-8ynwvx-949929893f166e0df09e31349f570f5e '   itemscope=\"itemscope\" itemtype=\"https:\/\/schema.org\/CreativeWork\" ><div class='av-desktop-hide av-medium-hide avia_textblock av_inherit_color'  itemprop=\"text\" ><p class=\"handwrite\" style=\"text-align: left; font-size: 1.4em; color: #2c3849;\">LA TERRE ET LES VOLCANS<\/p>\n<\/div><\/section><br \/>\n\n<style type=\"text\/css\" data-created_by=\"avia_inline_auto\" id=\"style-css-av-7h46ql-cc0cd8eec10c7c83d43470896c180137\">\n#top .hr.hr-invisible.av-7h46ql-cc0cd8eec10c7c83d43470896c180137{\nheight:20px;\n}\n<\/style>\n<div  class='hr av-7h46ql-cc0cd8eec10c7c83d43470896c180137 hr-invisible  avia-builder-el-11  el_after_av_textblock  el_before_av_textblock '><span class='hr-inner '><span class=\"hr-inner-style\"><\/span><\/span><\/div><br \/>\n\n<style type=\"text\/css\" data-created_by=\"avia_inline_auto\" id=\"style-css-av-5xasrx-38d311b6c929a2859096d08c0daacdf3\">\n#top .av_textblock_section.av-5xasrx-38d311b6c929a2859096d08c0daacdf3 .avia_textblock{\ncolor:#ffffff;\n}\n<\/style>\n<section  class='av_textblock_section av-5xasrx-38d311b6c929a2859096d08c0daacdf3 '   itemscope=\"itemscope\" itemtype=\"https:\/\/schema.org\/CreativeWork\" ><div class='avia_textblock av_inherit_color'  itemprop=\"text\" ><p>Un voyage direct dans la connaissance du monde volcanique par Anne Fornier et Fernando Minguela de la Fondation Volcano Active.<\/p>\n<p>\u00ab\u00a0<em>Lorsque nous avons commenc\u00e9 \u00e0 donner la masterclass Volcano School aux enfants des \u00e9coles primaires, nous nous sommes rendu compte que tous les livres sur les volcans \u00e9taient fantastiques, mais aucun n&rsquo;expliquait de mani\u00e8re directe et con\u00e7ue pour les petits, depuis leur origine, leurs parties, les types de volcans, les dangers&#8230;\u00a0\u00bb<\/em><\/p>\n<p>\u00c9duquer nos enfants \u00e0 l&rsquo;environnement, \u00e0 travers la connaissance du monde volcanique, c&rsquo;est donner une chance de plus \u00e0 la plan\u00e8te et \u00e0 sa g\u00e9n\u00e9ration. En achetant notre livre, vous collaborez \u00e0 leur \u00e9ducation et \u00e0 celle de milliers d&rsquo;enfants dans le monde.<\/p>\n<\/div><\/section><br \/>\n\n<style type=\"text\/css\" data-created_by=\"avia_inline_auto\" id=\"style-css-av-433eb1-205b33686e2db9a5ac9faac73ad1e6dc\">\n#top .hr.hr-invisible.av-433eb1-205b33686e2db9a5ac9faac73ad1e6dc{\nheight:20px;\n}\n<\/style>\n<div  class='hr av-433eb1-205b33686e2db9a5ac9faac73ad1e6dc hr-invisible  avia-builder-el-13  el_after_av_textblock  el_before_av_button '><span class='hr-inner '><span class=\"hr-inner-style\"><\/span><\/span><\/div><br \/>\n<div  class='avia-button-wrap av-34g6m5-b9fe3b46cd0c177af98833142b006c7a-wrap avia-button-right  avia-builder-el-14  el_after_av_hr  avia-builder-el-last  para'><a href='https:\/\/donativos.volcanofoundation.org'  class='avia-button av-34g6m5-b9fe3b46cd0c177af98833142b006c7a av-link-btn avia-icon_select-no avia-size-large avia-position-right avia-color-light'  target=\"_blank\"  rel=\"noopener noreferrer\"  aria-label=\"ACHETEZ !\"><span class='avia_iconbox_title' >ACHETEZ !<\/span><\/a><\/div><\/p><\/div><\/div><!--close column table wrapper. Autoclose: 1 -->\n<\/p>\n","protected":false},"excerpt":{"rendered":"<p>Educating our children in the Environment, through the knowledge of the volcanic world, is to give one more opportunity to the planet and its generation. By buying our book you collaborate in their education and that of thousands of children around the world<\/p>\n","protected":false},"author":3,"featured_media":1429,"parent":0,"menu_order":0,"comment_status":"closed","ping_status":"closed","template":"","meta":{"footnotes":""},"class_list":["post-2061","page","type-page","status-publish","has-post-thumbnail","hentry"],"aioseo_notices":[],"_links":{"self":[{"href":"https:\/\/volcanoschool.org\/fr\/wp-json\/wp\/v2\/pages\/2061","targetHints":{"allow":["GET"]}}],"collection":[{"href":"https:\/\/volcanoschool.org\/fr\/wp-json\/wp\/v2\/pages"}],"about":[{"href":"https:\/\/volcanoschool.org\/fr\/wp-json\/wp\/v2\/types\/page"}],"author":[{"embeddable":true,"href":"https:\/\/volcanoschool.org\/fr\/wp-json\/wp\/v2\/users\/3"}],"replies":[{"embeddable":true,"href":"https:\/\/volcanoschool.org\/fr\/wp-json\/wp\/v2\/comments?post=2061"}],"version-history":[{"count":4,"href":"https:\/\/volcanoschool.org\/fr\/wp-json\/wp\/v2\/pages\/2061\/revisions"}],"predecessor-version":[{"id":2183,"href":"https:\/\/volcanoschool.org\/fr\/wp-json\/wp\/v2\/pages\/2061\/revisions\/2183"}],"wp:featuredmedia":[{"embeddable":true,"href":"https:\/\/volcanoschool.org\/fr\/wp-json\/wp\/v2\/media\/1429"}],"wp:attachment":[{"href":"https:\/\/volcanoschool.org\/fr\/wp-json\/wp\/v2\/media?parent=2061"}],"curies":[{"name":"wp","href":"https:\/\/api.w.org\/{rel}","templated":true}]}}