{"id":2009,"date":"2021-05-10T13:58:08","date_gmt":"2021-05-10T13:58:08","guid":{"rendered":"https:\/\/volcanoschool.org\/para-ninos\/"},"modified":"2021-06-07T14:06:48","modified_gmt":"2021-06-07T14:06:48","slug":"pour-enfants","status":"publish","type":"page","link":"https:\/\/volcanoschool.org\/fr\/pour-enfants\/","title":{"rendered":"POUR ENFANTS"},"content":{"rendered":"\n<style type=\"text\/css\" data-created_by=\"avia_inline_auto\" id=\"style-css-av-koffb3gt-5c2c7d54aa1664f330fddd4818fb647f\">\n.avia-section.av-koffb3gt-5c2c7d54aa1664f330fddd4818fb647f{\nbackground-repeat:no-repeat;\nbackground-image:url(https:\/\/volcanoschool.org\/wp-content\/uploads\/2021\/04\/volcanoschool-fondo-estrellas-scaled.jpg);\nbackground-position:50% 50%;\nbackground-attachment:fixed;\n}\n<\/style>\n<div id='av_section_1'  class='avia-section av-koffb3gt-5c2c7d54aa1664f330fddd4818fb647f main_color avia-section-huge avia-no-border-styling  avia-builder-el-0  el_before_av_section  avia-builder-el-first  avia-full-stretch avia-bg-style-fixed av-minimum-height av-minimum-height-50 av-height-50  container_wrap fullsize'  data-section-bg-repeat='stretch' data-av_minimum_height_pc='50' data-av_min_height_opt='50'><div class='container av-section-cont-open' ><main  role=\"main\" itemprop=\"mainContentOfPage\"  class='template-page content  av-content-full alpha units'><div class='post-entry post-entry-type-page post-entry-2009'><div class='entry-content-wrapper clearfix'>\n<div class='flex_column_table av-f859i-1c4673f7d56311b4ca57c8ec939e0b1b sc-av_one_half av-equal-height-column-flextable'>\n<style type=\"text\/css\" data-created_by=\"avia_inline_auto\" id=\"style-css-av-f859i-1c4673f7d56311b4ca57c8ec939e0b1b\">\n.flex_column.av-f859i-1c4673f7d56311b4ca57c8ec939e0b1b{\nborder-radius:0px 0px 0px 0px;\npadding:0px 0px 0px 0px;\n}\n<\/style>\n<div  class='flex_column av-f859i-1c4673f7d56311b4ca57c8ec939e0b1b av_one_half  avia-builder-el-1  el_before_av_one_half  avia-builder-el-first  first flex_column_table_cell av-equal-height-column av-align-middle av-zero-column-padding  '     ><p>\n<style type=\"text\/css\" data-created_by=\"avia_inline_auto\" id=\"style-css-av-8frfa-a0dfcbc165d8e0546f6bd8b949580c82\">\n#top .av-special-heading.av-8frfa-a0dfcbc165d8e0546f6bd8b949580c82{\npadding-bottom:20px;\nfont-size:40px;\n}\nbody .av-special-heading.av-8frfa-a0dfcbc165d8e0546f6bd8b949580c82 .av-special-heading-tag .heading-char{\nfont-size:25px;\n}\n#top #wrap_all .av-special-heading.av-8frfa-a0dfcbc165d8e0546f6bd8b949580c82 .av-special-heading-tag{\nfont-size:40px;\n}\n.av-special-heading.av-8frfa-a0dfcbc165d8e0546f6bd8b949580c82 .av-subheading{\nfont-size:18px;\n}\n\n@media only screen and (min-width: 480px) and (max-width: 767px){ \n#top #wrap_all .av-special-heading.av-8frfa-a0dfcbc165d8e0546f6bd8b949580c82 .av-special-heading-tag{\nfont-size:0.8em;\n}\n}\n\n@media only screen and (max-width: 479px){ \n#top #wrap_all .av-special-heading.av-8frfa-a0dfcbc165d8e0546f6bd8b949580c82 .av-special-heading-tag{\nfont-size:0.8em;\n}\n}\n<\/style>\n<div  class='av-special-heading av-8frfa-a0dfcbc165d8e0546f6bd8b949580c82 av-special-heading-h1 blockquote modern-quote  avia-builder-el-2  el_before_av_hr  avia-builder-el-first  av-inherit-size'><div class='av-subheading av-subheading_above'><p>VOLCANO SCHOOL POUR ENFANTS<\/p>\n<\/div><h1 class='av-special-heading-tag '  itemprop=\"headline\"  >PR\u00caT POUR UN VOYAGE VOLCANIQUE ?<\/h1><div class=\"special-heading-border\"><div class=\"special-heading-inner-border\"><\/div><\/div><\/div><br \/>\n\n<style type=\"text\/css\" data-created_by=\"avia_inline_auto\" id=\"style-css-av-koio9ij1-c632334b2c0ce4d83c85a7804a9fd0ba\">\n#top .hr.hr-invisible.av-koio9ij1-c632334b2c0ce4d83c85a7804a9fd0ba{\nheight:20px;\n}\n<\/style>\n<div  class='hr av-koio9ij1-c632334b2c0ce4d83c85a7804a9fd0ba hr-invisible  avia-builder-el-3  el_after_av_heading  el_before_av_textblock '><span class='hr-inner '><span class=\"hr-inner-style\"><\/span><\/span><\/div><br \/>\n<section  class='av_textblock_section av-koio65zy-6c0d633f30fa4c500c40ec8c3f29e1c3 '   itemscope=\"itemscope\" itemtype=\"https:\/\/schema.org\/CreativeWork\" ><div class='avia_textblock'  itemprop=\"text\" ><p>Voulez-vous savoir comment fonctionnent les volcans, pourquoi ils apparaissent, quelle est la diff\u00e9rence entre la lave et le magma, pourquoi ils explosent, pourquoi certains ont de la lave rouge et d&rsquo;autres non ? D\u00e9couvrez toutes ces questions et bien d&rsquo;autres dans notre masterclass adapt\u00e9e aux enfants.<\/p>\n<\/div><\/section><br \/>\n\n<style type=\"text\/css\" data-created_by=\"avia_inline_auto\" id=\"style-css-av-7x0cn-c79cdbf752f0c10292f716586e282799\">\n#top .hr.hr-invisible.av-7x0cn-c79cdbf752f0c10292f716586e282799{\nheight:50px;\n}\n<\/style>\n<div  class='hr av-7x0cn-c79cdbf752f0c10292f716586e282799 hr-invisible  avia-builder-el-5  el_after_av_textblock  el_before_av_button '><span class='hr-inner '><span class=\"hr-inner-style\"><\/span><\/span><\/div><br \/>\n<div  class='avia-button-wrap av-koio704e-285d7b65fa227420c84d4a3386267740-wrap avia-button-center  avia-builder-el-6  el_after_av_hr  avia-builder-el-last '><a href='https:\/\/volcanoschool.org\/fr\/masterclass\/'  class='avia-button av-koio704e-285d7b65fa227420c84d4a3386267740 av-link-btn avia-icon_select-no avia-size-large avia-position-center avia-color-light'   aria-label=\"VOIR +\"><span class='avia_iconbox_title' >VOIR +<\/span><\/a><\/div><\/p><\/div><div class='av-flex-placeholder'><\/div>\n<style type=\"text\/css\" data-created_by=\"avia_inline_auto\" id=\"style-css-av-gbeue-aa4fa579434cb4dfe4f95b3901f9c8e5\">\n.flex_column.av-gbeue-aa4fa579434cb4dfe4f95b3901f9c8e5{\nborder-radius:0px 0px 0px 0px;\npadding:0px 0px 0px 0px;\n}\n<\/style>\n<div  class='flex_column av-gbeue-aa4fa579434cb4dfe4f95b3901f9c8e5 av_one_half  avia-builder-el-7  el_after_av_one_half  avia-builder-el-last  flex_column_table_cell av-equal-height-column av-align-middle av-zero-column-padding  '     ><style type=\"text\/css\" data-created_by=\"avia_inline_auto\" id=\"style-css-av-koio1pxg-90986cb7092060f652b7f2f456753cc3\">\n.avia-image-container.av-koio1pxg-90986cb7092060f652b7f2f456753cc3 img.avia_image{\nbox-shadow:none;\n}\n.avia-image-container.av-koio1pxg-90986cb7092060f652b7f2f456753cc3 .av-image-caption-overlay-center{\ncolor:#ffffff;\n}\n<\/style>\n<div  class='avia-image-container av-koio1pxg-90986cb7092060f652b7f2f456753cc3 av-styling- avia-align-center  avia-builder-el-8  avia-builder-el-no-sibling '   itemprop=\"image\" itemscope=\"itemscope\" itemtype=\"https:\/\/schema.org\/ImageObject\" ><div class=\"avia-image-container-inner\"><div class=\"avia-image-overlay-wrap\"><img decoding=\"async\" fetchpriority=\"high\" class='wp-image-1103 avia-img-lazy-loading-not-1103 avia_image ' src=\"https:\/\/volcanoschool.org\/wp-content\/uploads\/2021\/05\/volcano-school-la-tierra.png\" alt='' title='volcano-school-la-tierra'  height=\"1557\" width=\"1781\"  itemprop=\"thumbnailUrl\" srcset=\"https:\/\/volcanoschool.org\/wp-content\/uploads\/2021\/05\/volcano-school-la-tierra.png 1781w, https:\/\/volcanoschool.org\/wp-content\/uploads\/2021\/05\/volcano-school-la-tierra-300x262.png 300w, https:\/\/volcanoschool.org\/wp-content\/uploads\/2021\/05\/volcano-school-la-tierra-1030x900.png 1030w, https:\/\/volcanoschool.org\/wp-content\/uploads\/2021\/05\/volcano-school-la-tierra-768x671.png 768w, https:\/\/volcanoschool.org\/wp-content\/uploads\/2021\/05\/volcano-school-la-tierra-1536x1343.png 1536w, https:\/\/volcanoschool.org\/wp-content\/uploads\/2021\/05\/volcano-school-la-tierra-1500x1311.png 1500w, https:\/\/volcanoschool.org\/wp-content\/uploads\/2021\/05\/volcano-school-la-tierra-705x616.png 705w\" sizes=\"(max-width: 1781px) 100vw, 1781px\" \/><\/div><\/div><\/div><\/div><\/div><!--close column table wrapper. Autoclose: 1 -->\n\n<\/div><\/div><\/main><!-- close content main element --><\/div><\/div>\n<style type=\"text\/css\" data-created_by=\"avia_inline_auto\" id=\"style-css-av-hnwhmx-4a5833cd4ddce40ef3e1cc80b1d47f68\">\n.avia-section.av-hnwhmx-4a5833cd4ddce40ef3e1cc80b1d47f68{\nbackground-color:#c1ce2d;\nbackground-image:unset;\n}\n<\/style>\n<div id='av_section_2'  class='avia-section av-hnwhmx-4a5833cd4ddce40ef3e1cc80b1d47f68 main_color avia-section-default avia-no-border-styling  avia-builder-el-9  el_after_av_section  el_before_av_section  cinta-roja-dona avia-bg-style-scroll container_wrap fullsize'  ><div class='container av-section-cont-open' ><div class='template-page content  av-content-full alpha units'><div class='post-entry post-entry-type-page post-entry-2009'><div class='entry-content-wrapper clearfix'>\n<div class='flex_column_table av-1ic27t-ddc528a08c8988cdcda59c3df3fc7170 sc-av_one_third av-equal-height-column-flextable'>\n<style type=\"text\/css\" data-created_by=\"avia_inline_auto\" id=\"style-css-av-1ic27t-ddc528a08c8988cdcda59c3df3fc7170\">\n.flex_column.av-1ic27t-ddc528a08c8988cdcda59c3df3fc7170{\nborder-radius:0px 0px 0px 0px;\npadding:0px 0px 0px 0px;\n}\n<\/style>\n<div  class='flex_column av-1ic27t-ddc528a08c8988cdcda59c3df3fc7170 av_one_third  avia-builder-el-10  el_before_av_two_third  avia-builder-el-first  first flex_column_table_cell av-equal-height-column av-align-middle av-animated-generic fade-in av-zero-column-padding avia-link-column av-column-link  '    data-link-column-url=\"https:\/\/volcanoactive.shop\/producto\/la-tierra-y-los-volcanes\/\"  data-link-column-target=\"_blank\"   ><a class=\"av-screen-reader-only\" href=https:\/\/volcanoactive.shop\/producto\/la-tierra-y-los-volcanes\/  target=\"_blank\" >Suivre un lien ajout\u00e9 manuellement<\/a><style type=\"text\/css\" data-created_by=\"avia_inline_auto\" id=\"style-css-av-di3m49-2da397a73d73f976dc1df9fb56b8dd2d\">\n.avia-image-container.av-di3m49-2da397a73d73f976dc1df9fb56b8dd2d img.avia_image{\nbox-shadow:none;\n}\n.avia-image-container.av-di3m49-2da397a73d73f976dc1df9fb56b8dd2d .av-image-caption-overlay-center{\ncolor:#ffffff;\n}\n<\/style>\n<div  class='avia-image-container av-di3m49-2da397a73d73f976dc1df9fb56b8dd2d av-styling- avia-align-center  avia-builder-el-11  avia-builder-el-no-sibling '   itemprop=\"image\" itemscope=\"itemscope\" itemtype=\"https:\/\/schema.org\/ImageObject\" ><div class=\"avia-image-container-inner\"><div class=\"avia-image-overlay-wrap\"><img decoding=\"async\" fetchpriority=\"high\" class='wp-image-1247 avia-img-lazy-loading-not-1247 avia_image ' src=\"https:\/\/volcanoschool.org\/wp-content\/uploads\/2021\/05\/la-tierra-y-los-volcanes.png\" alt='' title='la-tierra-y-los-volcanes'  height=\"690\" width=\"465\"  itemprop=\"thumbnailUrl\" srcset=\"https:\/\/volcanoschool.org\/wp-content\/uploads\/2021\/05\/la-tierra-y-los-volcanes.png 465w, https:\/\/volcanoschool.org\/wp-content\/uploads\/2021\/05\/la-tierra-y-los-volcanes-202x300.png 202w\" sizes=\"(max-width: 465px) 100vw, 465px\" \/><\/div><\/div><\/div><\/div><div class='av-flex-placeholder'><\/div>\n<style type=\"text\/css\" data-created_by=\"avia_inline_auto\" id=\"style-css-av-buh9ll-bff9caa8229a495404120f0d1928938c\">\n.flex_column.av-buh9ll-bff9caa8229a495404120f0d1928938c{\nborder-radius:0px 0px 0px 0px;\npadding:0px 0px 0px 0px;\n}\n<\/style>\n<div  class='flex_column av-buh9ll-bff9caa8229a495404120f0d1928938c av_two_third  avia-builder-el-12  el_after_av_one_third  avia-builder-el-last  flex_column_table_cell av-equal-height-column av-align-middle av-animated-generic fade-in av-zero-column-padding avia-link-column av-column-link  '    data-link-column-url=\"https:\/\/volcanoactive.shop\/producto\/la-tierra-y-los-volcanes\/\"  data-link-column-target=\"_blank\"   ><a class=\"av-screen-reader-only\" href=https:\/\/volcanoactive.shop\/producto\/la-tierra-y-los-volcanes\/  target=\"_blank\" >Suivre un lien ajout\u00e9 manuellement<\/a><p>\n<style type=\"text\/css\" data-created_by=\"avia_inline_auto\" id=\"style-css-av-kpgl3bv3-e958a9db1261c175f486b9aa9ac33e5e\">\n#top .av-special-heading.av-kpgl3bv3-e958a9db1261c175f486b9aa9ac33e5e{\npadding-bottom:10px;\n}\nbody .av-special-heading.av-kpgl3bv3-e958a9db1261c175f486b9aa9ac33e5e .av-special-heading-tag .heading-char{\nfont-size:25px;\n}\n.av-special-heading.av-kpgl3bv3-e958a9db1261c175f486b9aa9ac33e5e .av-subheading{\nfont-size:15px;\n}\n<\/style>\n<div  class='av-special-heading av-kpgl3bv3-e958a9db1261c175f486b9aa9ac33e5e av-special-heading-h2 blockquote modern-quote  avia-builder-el-13  el_before_av_textblock  avia-builder-el-first '><h2 class='av-special-heading-tag '  itemprop=\"headline\"  >VOUS SEREZ \u00c9TONN\u00c9S PAR NOTRE LIVRE<\/h2><div class=\"special-heading-border\"><div class=\"special-heading-inner-border\"><\/div><\/div><\/div><br \/>\n\n<style type=\"text\/css\" data-created_by=\"avia_inline_auto\" id=\"style-css-av-af3cdl-65cdd169cb6a812e5af77aef28257ec9\">\n#top .av_textblock_section.av-af3cdl-65cdd169cb6a812e5af77aef28257ec9 .avia_textblock{\nfont-size:40px;\ncolor:#15255f;\n}\n<\/style>\n<section  class='av_textblock_section av-af3cdl-65cdd169cb6a812e5af77aef28257ec9 '   itemscope=\"itemscope\" itemtype=\"https:\/\/schema.org\/CreativeWork\" ><div class='av-small-hide av-mini-hide avia_textblock av_inherit_color'  itemprop=\"text\" ><p class=\"handwrite\" style=\"text-align: left; font-size: 1.7em; color: #2c3849;\">LA TERRE ET LES VOLCANS<span class=\"flecha-donativo\" style=\"color: #2c3849; font-size: 60px; font-weight: 900px; vertical-align: inherit;\">&gt;<\/span><\/p>\n<\/div><\/section><br \/>\n\n<style type=\"text\/css\" data-created_by=\"avia_inline_auto\" id=\"style-css-av-8x21ih-7883f3ab3b15069aa083d360bc947d46\">\n#top .av_textblock_section.av-8x21ih-7883f3ab3b15069aa083d360bc947d46 .avia_textblock{\nfont-size:40px;\ncolor:#15255f;\n}\n<\/style>\n<section  class='av_textblock_section av-8x21ih-7883f3ab3b15069aa083d360bc947d46 '   itemscope=\"itemscope\" itemtype=\"https:\/\/schema.org\/CreativeWork\" ><div class='av-desktop-hide av-medium-hide avia_textblock av_inherit_color'  itemprop=\"text\" ><p class=\"handwrite\" style=\"text-align: left; font-size: 1.4em; color: #2c3849;\">LA TERRE ET LES VOLCANS<\/p>\n<\/div><\/section><br \/>\n\n<style type=\"text\/css\" data-created_by=\"avia_inline_auto\" id=\"style-css-av-tfa9l-045d58e7ece9efd52100747c5ebd63f6\">\n#top .hr.hr-invisible.av-tfa9l-045d58e7ece9efd52100747c5ebd63f6{\nheight:20px;\n}\n<\/style>\n<div  class='hr av-tfa9l-045d58e7ece9efd52100747c5ebd63f6 hr-invisible  avia-builder-el-16  el_after_av_textblock  el_before_av_textblock '><span class='hr-inner '><span class=\"hr-inner-style\"><\/span><\/span><\/div><br \/>\n\n<style type=\"text\/css\" data-created_by=\"avia_inline_auto\" id=\"style-css-av-6e0neh-29efc296d5f024f336938d40c739376f\">\n#top .av_textblock_section.av-6e0neh-29efc296d5f024f336938d40c739376f .avia_textblock{\ncolor:#ffffff;\n}\n<\/style>\n<section  class='av_textblock_section av-6e0neh-29efc296d5f024f336938d40c739376f '   itemscope=\"itemscope\" itemtype=\"https:\/\/schema.org\/CreativeWork\" ><div class='avia_textblock av_inherit_color'  itemprop=\"text\" ><p>Un voyage direct dans la connaissance du monde volcanique par Anne Fornier et Fernando Minguela de la Volcano Active Foundation.<\/p>\n<p>\u00c9duquer nos enfants \u00e0 l&rsquo;environnement, \u00e0 travers la connaissance du monde volcanique, c&rsquo;est donner une chance de plus \u00e0 nos enfants d&rsquo;\u00eatre conscient du monde qui les entoure. En achetant notre livre, vous collaborez \u00e0 leur \u00e9ducation et \u00e0 celle de milliers d&rsquo;enfants dans le monde.<\/p>\n<\/div><\/section><br \/>\n\n<style type=\"text\/css\" data-created_by=\"avia_inline_auto\" id=\"style-css-av-3k7iyh-e4af04b37e2a1d58e204f9f353f5f493\">\n#top .hr.hr-invisible.av-3k7iyh-e4af04b37e2a1d58e204f9f353f5f493{\nheight:20px;\n}\n<\/style>\n<div  class='hr av-3k7iyh-e4af04b37e2a1d58e204f9f353f5f493 hr-invisible  avia-builder-el-18  el_after_av_textblock  el_before_av_button '><span class='hr-inner '><span class=\"hr-inner-style\"><\/span><\/span><\/div><br \/>\n<div  class='avia-button-wrap av-1xu6t5-c8827dc2eace79ae2cb22f288b3e9c43-wrap avia-button-right  avia-builder-el-19  el_after_av_hr  avia-builder-el-last  para'><a href='https:\/\/donativos.volcanofoundation.org'  class='avia-button av-1xu6t5-c8827dc2eace79ae2cb22f288b3e9c43 av-link-btn avia-icon_select-no avia-size-large avia-position-right avia-color-light'  target=\"_blank\"  rel=\"noopener noreferrer\"  aria-label=\"ACHETEZ LE !\"><span class='avia_iconbox_title' >ACHETEZ LE !<\/span><\/a><\/div><\/p><\/div><\/div><!--close column table wrapper. Autoclose: 1 --><\/div><\/div><\/div><!-- close content main div --><\/div><\/div>\n<style type=\"text\/css\" data-created_by=\"avia_inline_auto\" id=\"style-css-av-kokg1trv-8e124a730cb10c23fe1173a54553d42c\">\n.avia-section.av-kokg1trv-8e124a730cb10c23fe1173a54553d42c{\nbackground-repeat:no-repeat;\nbackground-image:url(https:\/\/volcanoschool.org\/wp-content\/uploads\/2021\/04\/volcanoschool-fondo-estrellas-scaled.jpg);\nbackground-position:50% 50%;\nbackground-attachment:fixed;\n}\n<\/style>\n<div id='av_section_3'  class='avia-section av-kokg1trv-8e124a730cb10c23fe1173a54553d42c main_color avia-section-no-padding avia-no-border-styling  avia-builder-el-20  el_after_av_section  avia-builder-el-last  avia-full-stretch avia-bg-style-fixed container_wrap fullsize'  data-section-bg-repeat='stretch'><div class='container av-section-cont-open' ><div class='template-page content  av-content-full alpha units'><div class='post-entry post-entry-type-page post-entry-2009'><div class='entry-content-wrapper clearfix'><\/p>\n","protected":false},"excerpt":{"rendered":"<p>\u00bfQuieres saber c\u00f3mo funcionan los volcanes?\u00bfPor qu\u00e9 aparecen?\u00bfCu\u00e1l es la diferencia entre la lava y el magma?\u00bfPor qu\u00e9 explotan?\u00bfPor qu\u00e9 hay unos que tienen lava roja y otros que no?&#8230; <\/p>\n","protected":false},"author":3,"featured_media":1425,"parent":0,"menu_order":0,"comment_status":"closed","ping_status":"closed","template":"","meta":{"footnotes":""},"class_list":["post-2009","page","type-page","status-publish","has-post-thumbnail","hentry"],"aioseo_notices":[],"_links":{"self":[{"href":"https:\/\/volcanoschool.org\/fr\/wp-json\/wp\/v2\/pages\/2009","targetHints":{"allow":["GET"]}}],"collection":[{"href":"https:\/\/volcanoschool.org\/fr\/wp-json\/wp\/v2\/pages"}],"about":[{"href":"https:\/\/volcanoschool.org\/fr\/wp-json\/wp\/v2\/types\/page"}],"author":[{"embeddable":true,"href":"https:\/\/volcanoschool.org\/fr\/wp-json\/wp\/v2\/users\/3"}],"replies":[{"embeddable":true,"href":"https:\/\/volcanoschool.org\/fr\/wp-json\/wp\/v2\/comments?post=2009"}],"version-history":[{"count":5,"href":"https:\/\/volcanoschool.org\/fr\/wp-json\/wp\/v2\/pages\/2009\/revisions"}],"predecessor-version":[{"id":2176,"href":"https:\/\/volcanoschool.org\/fr\/wp-json\/wp\/v2\/pages\/2009\/revisions\/2176"}],"wp:featuredmedia":[{"embeddable":true,"href":"https:\/\/volcanoschool.org\/fr\/wp-json\/wp\/v2\/media\/1425"}],"wp:attachment":[{"href":"https:\/\/volcanoschool.org\/fr\/wp-json\/wp\/v2\/media?parent=2009"}],"curies":[{"name":"wp","href":"https:\/\/api.w.org\/{rel}","templated":true}]}}