{"id":1489,"date":"2021-05-12T16:23:47","date_gmt":"2021-05-12T16:23:47","guid":{"rendered":"https:\/\/volcanoschool.org\/contacto\/"},"modified":"2021-06-03T07:05:22","modified_gmt":"2021-06-03T07:05:22","slug":"contact","status":"publish","type":"page","link":"https:\/\/volcanoschool.org\/fr\/contact\/","title":{"rendered":"CONTACT"},"content":{"rendered":"\n<style type=\"text\/css\" data-created_by=\"avia_inline_auto\" id=\"style-css-av-koffb3gt-62152405f32e3c34ce58dc9ef46cb0aa\">\n.avia-section.av-koffb3gt-62152405f32e3c34ce58dc9ef46cb0aa{\nbackground-repeat:no-repeat;\nbackground-image:url(https:\/\/volcanoschool.org\/wp-content\/uploads\/2021\/04\/volcanoschool-fondo-estrellas-scaled.jpg);\nbackground-position:50% 50%;\nbackground-attachment:fixed;\n}\n<\/style>\n<div id='av_section_1'  class='avia-section av-koffb3gt-62152405f32e3c34ce58dc9ef46cb0aa main_color avia-section-large avia-no-border-styling  avia-builder-el-0  el_before_av_section  avia-builder-el-first  avia-full-stretch avia-bg-style-fixed av-minimum-height av-minimum-height-50 av-height-50  container_wrap fullsize'  data-section-bg-repeat='stretch' data-av_minimum_height_pc='50' data-av_min_height_opt='50'><div class='container av-section-cont-open' ><main  role=\"main\" itemprop=\"mainContentOfPage\"  class='template-page content  av-content-full alpha units'><div class='post-entry post-entry-type-page post-entry-1489'><div class='entry-content-wrapper clearfix'>\n\n<style type=\"text\/css\" data-created_by=\"avia_inline_auto\" id=\"style-css-av-1atcn-3a4a2ad69a52e40f0c1048e6eef82943\">\n.flex_column.av-1atcn-3a4a2ad69a52e40f0c1048e6eef82943{\nborder-radius:0px 0px 0px 0px;\npadding:0px 0px 0px 0px;\n}\n<\/style>\n<div  class='flex_column av-1atcn-3a4a2ad69a52e40f0c1048e6eef82943 av_one_fourth  avia-builder-el-1  el_before_av_one_fifth  avia-builder-el-first  first flex_column_div av-zero-column-padding  '     ><p>\n<style type=\"text\/css\" data-created_by=\"avia_inline_auto\" id=\"style-css-av-kogwx386-235964f69d54278c74ad4df6702a5473\">\n#top .av-special-heading.av-kogwx386-235964f69d54278c74ad4df6702a5473{\npadding-bottom:10px;\n}\nbody .av-special-heading.av-kogwx386-235964f69d54278c74ad4df6702a5473 .av-special-heading-tag .heading-char{\nfont-size:25px;\n}\n.av-special-heading.av-kogwx386-235964f69d54278c74ad4df6702a5473 .av-subheading{\nfont-size:15px;\n}\n<\/style>\n<div  class='av-special-heading av-kogwx386-235964f69d54278c74ad4df6702a5473 av-special-heading-h2 blockquote modern-quote modern-centered  avia-builder-el-2  el_before_av_image  avia-builder-el-first '><h2 class='av-special-heading-tag '  itemprop=\"headline\"  >CONTACTEZ-NOUS <\/h2><div class=\"special-heading-border\"><div class=\"special-heading-inner-border\"><\/div><\/div><\/div><br \/>\n\n<style type=\"text\/css\" data-created_by=\"avia_inline_auto\" id=\"style-css-av-kogwvnok-e242df472748b16217d5fb639c201368\">\n.avia-image-container.av-kogwvnok-e242df472748b16217d5fb639c201368 img.avia_image{\nbox-shadow:none;\n}\n.avia-image-container.av-kogwvnok-e242df472748b16217d5fb639c201368 .av-image-caption-overlay-center{\ncolor:#ffffff;\n}\n<\/style>\n<div  class='avia-image-container av-kogwvnok-e242df472748b16217d5fb639c201368 av-styling- avia-align-center  avia-builder-el-3  el_after_av_heading  el_before_av_heading  logo-titular'   itemprop=\"image\" itemscope=\"itemscope\" itemtype=\"https:\/\/schema.org\/ImageObject\" ><div class=\"avia-image-container-inner\"><div class=\"avia-image-overlay-wrap\"><img decoding=\"async\" fetchpriority=\"high\" class='wp-image-1077 avia-img-lazy-loading-not-1077 avia_image ' src=\"https:\/\/volcanoschool.org\/wp-content\/uploads\/2021\/04\/logo_volcano_school.png\" alt='' title='logo_volcano_school'  height=\"291\" width=\"600\"  itemprop=\"thumbnailUrl\" srcset=\"https:\/\/volcanoschool.org\/wp-content\/uploads\/2021\/04\/logo_volcano_school.png 600w, https:\/\/volcanoschool.org\/wp-content\/uploads\/2021\/04\/logo_volcano_school-300x146.png 300w\" sizes=\"(max-width: 600px) 100vw, 600px\" \/><\/div><\/div><\/div><br \/>\n\n<style type=\"text\/css\" data-created_by=\"avia_inline_auto\" id=\"style-css-av-16bgv-715f305ab0c7a222ce7c658ae0ccccaa\">\n#top .av-special-heading.av-16bgv-715f305ab0c7a222ce7c658ae0ccccaa{\npadding-bottom:10px;\n}\nbody .av-special-heading.av-16bgv-715f305ab0c7a222ce7c658ae0ccccaa .av-special-heading-tag .heading-char{\nfont-size:25px;\n}\n.av-special-heading.av-16bgv-715f305ab0c7a222ce7c658ae0ccccaa .av-subheading{\nfont-size:15px;\n}\n<\/style>\n<div  class='av-special-heading av-16bgv-715f305ab0c7a222ce7c658ae0ccccaa av-special-heading-h1 blockquote modern-quote modern-centered  avia-builder-el-4  el_after_av_image  el_before_av_hr '><h1 class='av-special-heading-tag '  itemprop=\"headline\"  >L\u2018\u00e9cole de l\u2019environnement de<br \/>\nVolcano Active Foundation.<\/h1><div class=\"special-heading-border\"><div class=\"special-heading-inner-border\"><\/div><\/div><\/div><br \/>\n\n<style type=\"text\/css\" data-created_by=\"avia_inline_auto\" id=\"style-css-av-koia9b5p-29ea9998df048b66b78daadb9675d284\">\n#top .hr.hr-invisible.av-koia9b5p-29ea9998df048b66b78daadb9675d284{\nheight:20px;\n}\n<\/style>\n<div  class='hr av-koia9b5p-29ea9998df048b66b78daadb9675d284 hr-invisible  avia-builder-el-5  el_after_av_heading  el_before_av_image '><span class='hr-inner '><span class=\"hr-inner-style\"><\/span><\/span><\/div><br \/>\n\n<style type=\"text\/css\" data-created_by=\"avia_inline_auto\" id=\"style-css-av-kogwuati-c3a038619ccc625d10505386bf853935\">\n.avia-image-container.av-kogwuati-c3a038619ccc625d10505386bf853935 img.avia_image{\nbox-shadow:none;\n}\n.avia-image-container.av-kogwuati-c3a038619ccc625d10505386bf853935 .av-image-caption-overlay-center{\ncolor:#ffffff;\n}\n<\/style>\n<div  class='avia-image-container av-kogwuati-c3a038619ccc625d10505386bf853935 av-styling- avia-align-center  avia-builder-el-6  el_after_av_hr  avia-builder-el-last '   itemprop=\"image\" itemscope=\"itemscope\" itemtype=\"https:\/\/schema.org\/ImageObject\" ><div class=\"avia-image-container-inner\"><div class=\"avia-image-overlay-wrap\"><img decoding=\"async\" fetchpriority=\"high\" class='wp-image-1103 avia-img-lazy-loading-not-1103 avia_image ' src=\"https:\/\/volcanoschool.org\/wp-content\/uploads\/2021\/05\/volcano-school-la-tierra.png\" alt='' title='volcano-school-la-tierra'  height=\"1557\" width=\"1781\"  itemprop=\"thumbnailUrl\" srcset=\"https:\/\/volcanoschool.org\/wp-content\/uploads\/2021\/05\/volcano-school-la-tierra.png 1781w, https:\/\/volcanoschool.org\/wp-content\/uploads\/2021\/05\/volcano-school-la-tierra-300x262.png 300w, https:\/\/volcanoschool.org\/wp-content\/uploads\/2021\/05\/volcano-school-la-tierra-1030x900.png 1030w, https:\/\/volcanoschool.org\/wp-content\/uploads\/2021\/05\/volcano-school-la-tierra-768x671.png 768w, https:\/\/volcanoschool.org\/wp-content\/uploads\/2021\/05\/volcano-school-la-tierra-1536x1343.png 1536w, https:\/\/volcanoschool.org\/wp-content\/uploads\/2021\/05\/volcano-school-la-tierra-1500x1311.png 1500w, https:\/\/volcanoschool.org\/wp-content\/uploads\/2021\/05\/volcano-school-la-tierra-705x616.png 705w\" sizes=\"(max-width: 1781px) 100vw, 1781px\" \/><\/div><\/div><\/div><\/p><\/div>\n<style type=\"text\/css\" data-created_by=\"avia_inline_auto\" id=\"style-css-av-egc8cs-0b26dc6809e8ea316ee1f7f407032e97\">\n.flex_column.av-egc8cs-0b26dc6809e8ea316ee1f7f407032e97{\nborder-radius:0px 0px 0px 0px;\npadding:0px 0px 0px 5px;\n}\n<\/style>\n<div  class='flex_column av-egc8cs-0b26dc6809e8ea316ee1f7f407032e97 av_one_fifth  avia-builder-el-7  el_after_av_one_fourth  el_before_av_one_half  flex_column_div  '     ><\/div>\n<style type=\"text\/css\" data-created_by=\"avia_inline_auto\" id=\"style-css-av-1s46x8-a7e2970baf98c7a2d32ba51f62e8fb27\">\n.flex_column.av-1s46x8-a7e2970baf98c7a2d32ba51f62e8fb27{\nborder-radius:0px 0px 0px 0px;\npadding:0px 0px 0px 5px;\n}\n<\/style>\n<div  class='flex_column av-1s46x8-a7e2970baf98c7a2d32ba51f62e8fb27 av_one_half  avia-builder-el-8  el_after_av_one_fifth  avia-builder-el-last  flex_column_div  '     ><p>\n<style type=\"text\/css\" data-created_by=\"avia_inline_auto\" id=\"style-css-av-fe5nik-c78b23de8d469d364d3ad55d25084c81\">\n#top .av-special-heading.av-fe5nik-c78b23de8d469d364d3ad55d25084c81{\npadding-bottom:10px;\ncolor:#ffffff;\n}\nbody .av-special-heading.av-fe5nik-c78b23de8d469d364d3ad55d25084c81 .av-special-heading-tag .heading-char{\nfont-size:25px;\n}\n.av-special-heading.av-fe5nik-c78b23de8d469d364d3ad55d25084c81 .special-heading-inner-border{\nborder-color:#ffffff;\n}\n.av-special-heading.av-fe5nik-c78b23de8d469d364d3ad55d25084c81 .av-subheading{\nfont-size:15px;\n}\n<\/style>\n<div  class='av-special-heading av-fe5nik-c78b23de8d469d364d3ad55d25084c81 av-special-heading-h2 custom-color-heading blockquote modern-quote modern-centered  avia-builder-el-9  el_before_av_textblock  avia-builder-el-first '><h2 class='av-special-heading-tag '  itemprop=\"headline\"  >Souhaitez-vous que la masterclass de l\u2019\u00e9cole des volcans ait lieu dans votre \u00e9cole ? Vous avez des doutes sur les volcans ? Vous voulez en savoir plus ?<\/h2><div class=\"special-heading-border\"><div class=\"special-heading-inner-border\"><\/div><\/div><\/div><br \/>\n<section  class='av_textblock_section av-dxaczw-5d906306cd3875cc61fb62f54589a778 '   itemscope=\"itemscope\" itemtype=\"https:\/\/schema.org\/CreativeWork\" ><div class='avia_textblock'  itemprop=\"text\" ><p style=\"text-align: center;\">Contactez nous \u00e0 travers ce formulaire, \u00e9crivez nous \u00e0 contact@volcanofoundation.org ou venez nous voir au VOLCANO ACTIVE SHOP, \u00e0 Travessera de Gracia 108. Barcelone.<\/p>\n<\/div><\/section><br \/>\n<form action=\"https:\/\/volcanoschool.org\/fr\/contact\/\" method=\"post\" data-fields-with-error=\"Erreurs trouv\u00e9es dans les champs suivants :\" class=\"avia_ajax_form av-form-labels-hidden   avia-builder-el-11  el_after_av_textblock  avia-builder-el-last  av-custom-form-color av-light-form \" data-avia-form-id=\"1\" data-avia-redirect='' ><fieldset><p class='  first_form  form_element form_element_half' id='element_avia_1_1'><label for=\"avia_1_1\">NOM <abbr class=\"required\" title=\"requis(e)\">*<\/abbr><\/label> <input name=\"avia_1_1\" class=\"text_input is_empty\" type=\"text\" id=\"avia_1_1\" value=\"\"  placeholder='NOM*'\/><\/p><p class='  form_element form_element_half' id='element_avia_2_1'><label for=\"avia_2_1\">CONTACT EMAIL <abbr class=\"required\" title=\"requis(e)\">*<\/abbr><\/label> <input name=\"avia_2_1\" class=\"text_input is_email\" type=\"text\" id=\"avia_2_1\" value=\"\"  placeholder='CONTACT EMAIL*'\/><\/p><p class='  first_form  form_element form_element_third' id='element_avia_3_1'><label for=\"avia_3_1\">COLLEGE <abbr class=\"required\" title=\"requis(e)\">*<\/abbr><\/label> <input name=\"avia_3_1\" class=\"text_input is_empty\" type=\"text\" id=\"avia_3_1\" value=\"\"  placeholder='COLLEGE*'\/><\/p><p class='  form_element form_element_third' id='element_avia_4_1'><label for=\"avia_4_1\">COURS <abbr class=\"required\" title=\"requis(e)\">*<\/abbr><\/label> <input name=\"avia_4_1\" class=\"text_input is_empty\" type=\"text\" id=\"avia_4_1\" value=\"\"  placeholder='COURS*'\/><\/p><p class='  form_element form_element_third' id='element_avia_5_1'><label for=\"avia_5_1\">VILLE <abbr class=\"required\" title=\"requis(e)\">*<\/abbr><\/label> <input name=\"avia_5_1\" class=\"text_input is_empty\" type=\"text\" id=\"avia_5_1\" value=\"\"  placeholder='VILLE*'\/><\/p><p class='  first_form  form_element form_fullwidth' id='element_avia_6_1'><label for=\"avia_6_1\" class=\"textare_label hidden textare_label_avia_6_1\">MESSAGE<\/label><textarea  placeholder='MESSAGE' name=\"avia_6_1\" class=\"text_area \" cols=\"40\" rows=\"7\" id=\"avia_6_1\" ><\/textarea><\/p><p class=\"hidden\"><input type=\"text\" name=\"avia_7_1\" class=\"hidden \" id=\"avia_7_1\" value=\"\" \/><\/p><p class='   form_element form_fullwidth' id='element_avia_8_1'><span class='value_verifier_label'>2 + 4 = ?<\/span><input name=\"avia_8_1_verifier\" type=\"hidden\" id=\"avia_8_1_verifier\" value=\"843465644\"\/><label for=\"avia_8_1\">Merci de prouver que vous \u00eates un humain en donnant le r\u00e9sultat de cette op\u00e9ration <abbr class=\"required\" title=\"requis(e)\">*<\/abbr><\/label><input name=\"avia_8_1\" class=\"text_input captcha\" type=\"text\" id=\"avia_8_1\" value=\"\"\/><\/p><p class=\"form_element \"><input type=\"hidden\" value=\"1\" name=\"avia_generated_form1\" \/><input type=\"submit\" value=\"Envoyer\" class=\"button\"  data-sending-label=\"Envoi\"\/><\/p><\/fieldset><\/form><div id=\"ajaxresponse_1\" class=\"ajaxresponse ajaxresponse_1 hidden\"><\/div><\/p><\/div><\/div><\/div><\/main><!-- close content main element --><\/div><\/div>\n<style type=\"text\/css\" data-created_by=\"avia_inline_auto\" id=\"style-css-av-av_section-3a07ee4db810783d0926b2630e3a323a\">\n.avia-section.av-av_section-3a07ee4db810783d0926b2630e3a323a{\nbackground-color:#c1ce2d;\nbackground-image:unset;\n}\n<\/style>\n<div id='av_section_2'  class='avia-section av-av_section-3a07ee4db810783d0926b2630e3a323a main_color avia-section-default avia-no-border-styling  avia-builder-el-12  el_after_av_section  el_before_av_section  cinta-roja-dona avia-bg-style-scroll container_wrap fullsize'  ><div class='container av-section-cont-open' ><div class='template-page content  av-content-full alpha units'><div class='post-entry post-entry-type-page post-entry-1489'><div class='entry-content-wrapper clearfix'>\n<div class='flex_column_table av-av_one_third-83895f8fc3ada7fcebf1cd87d0954188 sc-av_one_third av-equal-height-column-flextable'>\n<style type=\"text\/css\" data-created_by=\"avia_inline_auto\" id=\"style-css-av-av_one_third-83895f8fc3ada7fcebf1cd87d0954188\">\n.flex_column.av-av_one_third-83895f8fc3ada7fcebf1cd87d0954188{\nborder-radius:0px 0px 0px 0px;\npadding:0px 0px 0px 0px;\n}\n<\/style>\n<div  class='flex_column av-av_one_third-83895f8fc3ada7fcebf1cd87d0954188 av_one_third  avia-builder-el-13  el_before_av_two_third  avia-builder-el-first  first flex_column_table_cell av-equal-height-column av-align-middle av-animated-generic fade-in av-zero-column-padding avia-link-column av-column-link  '    data-link-column-url=\"https:\/\/volcanoactive.shop\/producto\/la-tierra-y-los-volcanes\/\"  data-link-column-target=\"_blank\"   ><a class=\"av-screen-reader-only\" href=https:\/\/volcanoactive.shop\/producto\/la-tierra-y-los-volcanes\/  target=\"_blank\" >Suivre un lien ajout\u00e9 manuellement<\/a><style type=\"text\/css\" data-created_by=\"avia_inline_auto\" id=\"style-css-av-av_image-cfe6a4c22d73f00339855beccb2b6f2d\">\n.avia-image-container.av-av_image-cfe6a4c22d73f00339855beccb2b6f2d img.avia_image{\nbox-shadow:none;\n}\n.avia-image-container.av-av_image-cfe6a4c22d73f00339855beccb2b6f2d .av-image-caption-overlay-center{\ncolor:#ffffff;\n}\n<\/style>\n<div  class='avia-image-container av-av_image-cfe6a4c22d73f00339855beccb2b6f2d av-styling- avia-align-center  avia-builder-el-14  avia-builder-el-no-sibling '   itemprop=\"image\" itemscope=\"itemscope\" itemtype=\"https:\/\/schema.org\/ImageObject\" ><div class=\"avia-image-container-inner\"><div class=\"avia-image-overlay-wrap\"><img decoding=\"async\" fetchpriority=\"high\" class='wp-image-1247 avia-img-lazy-loading-not-1247 avia_image ' src=\"https:\/\/volcanoschool.org\/wp-content\/uploads\/2021\/05\/la-tierra-y-los-volcanes.png\" alt='' title='la-tierra-y-los-volcanes'  height=\"690\" width=\"465\"  itemprop=\"thumbnailUrl\" srcset=\"https:\/\/volcanoschool.org\/wp-content\/uploads\/2021\/05\/la-tierra-y-los-volcanes.png 465w, https:\/\/volcanoschool.org\/wp-content\/uploads\/2021\/05\/la-tierra-y-los-volcanes-202x300.png 202w\" sizes=\"(max-width: 465px) 100vw, 465px\" \/><\/div><\/div><\/div><\/div><div class='av-flex-placeholder'><\/div>\n<style type=\"text\/css\" data-created_by=\"avia_inline_auto\" id=\"style-css-av-av_two_third-f497c80d04ffe70302cb1fbd66eb92a6\">\n.flex_column.av-av_two_third-f497c80d04ffe70302cb1fbd66eb92a6{\nborder-radius:0px 0px 0px 0px;\npadding:0px 0px 0px 0px;\n}\n<\/style>\n<div  class='flex_column av-av_two_third-f497c80d04ffe70302cb1fbd66eb92a6 av_two_third  avia-builder-el-15  el_after_av_one_third  avia-builder-el-last  flex_column_table_cell av-equal-height-column av-align-middle av-animated-generic fade-in av-zero-column-padding avia-link-column av-column-link  '    data-link-column-url=\"https:\/\/volcanoactive.shop\/producto\/la-tierra-y-los-volcanes\/\"  data-link-column-target=\"_blank\"   ><a class=\"av-screen-reader-only\" href=https:\/\/volcanoactive.shop\/producto\/la-tierra-y-los-volcanes\/  target=\"_blank\" >Suivre un lien ajout\u00e9 manuellement<\/a><p>\n<style type=\"text\/css\" data-created_by=\"avia_inline_auto\" id=\"style-css-av-av_heading-59a854962acabcef7d6334b3f299aed7\">\n#top .av-special-heading.av-av_heading-59a854962acabcef7d6334b3f299aed7{\npadding-bottom:10px;\n}\nbody .av-special-heading.av-av_heading-59a854962acabcef7d6334b3f299aed7 .av-special-heading-tag .heading-char{\nfont-size:25px;\n}\n.av-special-heading.av-av_heading-59a854962acabcef7d6334b3f299aed7 .av-subheading{\nfont-size:15px;\n}\n<\/style>\n<div  class='av-special-heading av-av_heading-59a854962acabcef7d6334b3f299aed7 av-special-heading-h2 blockquote modern-quote  avia-builder-el-16  el_before_av_textblock  avia-builder-el-first '><h2 class='av-special-heading-tag '  itemprop=\"headline\"  >NOTRE LIVRE<\/h2><div class=\"special-heading-border\"><div class=\"special-heading-inner-border\"><\/div><\/div><\/div><br \/>\n\n<style type=\"text\/css\" data-created_by=\"avia_inline_auto\" id=\"style-css-av-av_textblock-e5242fa09247bb95ee960fd1f9f08cf2\">\n#top .av_textblock_section.av-av_textblock-e5242fa09247bb95ee960fd1f9f08cf2 .avia_textblock{\nfont-size:40px;\ncolor:#15255f;\n}\n<\/style>\n<section  class='av_textblock_section av-av_textblock-e5242fa09247bb95ee960fd1f9f08cf2 '   itemscope=\"itemscope\" itemtype=\"https:\/\/schema.org\/CreativeWork\" ><div class='av-small-hide av-mini-hide avia_textblock av_inherit_color'  itemprop=\"text\" ><p class=\"handwrite\" style=\"text-align: left; font-size: 1.7em; color: #2c3849;\">LA TERRE ET LES VOLCANS<span class=\"flecha-donativo\" style=\"color: #2c3849; font-size: 60px; font-weight: 900px; vertical-align: inherit;\">&gt;<\/span><\/p>\n<\/div><\/section><br \/>\n\n<style type=\"text\/css\" data-created_by=\"avia_inline_auto\" id=\"style-css-av-av_textblock-2f8d86d91788d4ab13b077f7d34186ac\">\n#top .av_textblock_section.av-av_textblock-2f8d86d91788d4ab13b077f7d34186ac .avia_textblock{\nfont-size:40px;\ncolor:#15255f;\n}\n<\/style>\n<section  class='av_textblock_section av-av_textblock-2f8d86d91788d4ab13b077f7d34186ac '   itemscope=\"itemscope\" itemtype=\"https:\/\/schema.org\/CreativeWork\" ><div class='av-desktop-hide av-medium-hide avia_textblock av_inherit_color'  itemprop=\"text\" ><p class=\"handwrite\" style=\"text-align: left; font-size: 1.4em; color: #2c3849;\">LA TERRE ET LES VOLCANS<\/p>\n<\/div><\/section><br \/>\n\n<style type=\"text\/css\" data-created_by=\"avia_inline_auto\" id=\"style-css-av-av_hr-c1c0de9fd8446016fc7e439d4634093c\">\n#top .hr.hr-invisible.av-av_hr-c1c0de9fd8446016fc7e439d4634093c{\nheight:20px;\n}\n<\/style>\n<div  class='hr av-av_hr-c1c0de9fd8446016fc7e439d4634093c hr-invisible  avia-builder-el-19  el_after_av_textblock  el_before_av_textblock '><span class='hr-inner '><span class=\"hr-inner-style\"><\/span><\/span><\/div><br \/>\n\n<style type=\"text\/css\" data-created_by=\"avia_inline_auto\" id=\"style-css-av-av_textblock-8d09e837ca2380e6bdc85d849f6641d9\">\n#top .av_textblock_section.av-av_textblock-8d09e837ca2380e6bdc85d849f6641d9 .avia_textblock{\ncolor:#ffffff;\n}\n<\/style>\n<section  class='av_textblock_section av-av_textblock-8d09e837ca2380e6bdc85d849f6641d9 '   itemscope=\"itemscope\" itemtype=\"https:\/\/schema.org\/CreativeWork\" ><div class='avia_textblock av_inherit_color'  itemprop=\"text\" ><p>Un voyage direct dans la connaissance du monde volcanique par Anne Fornier et Fernando Minguela de la Fondation Volcano Active.<\/p>\n<p>\u00ab\u00a0<em>Lorsque nous avons commenc\u00e9 \u00e0 donner la masterclass Volcano School aux enfants des \u00e9coles primaires, nous nous sommes rendu compte que tous les livres sur les volcans \u00e9taient fantastiques, mais aucun n&rsquo;expliquait de mani\u00e8re directe et con\u00e7ue pour les petits, depuis leur origine, leurs parties, les types de volcans, les dangers&#8230;\u00a0\u00bb<\/em><\/p>\n<p>\u00c9duquer nos enfants \u00e0 l&rsquo;environnement, \u00e0 travers la connaissance du monde volcanique, c&rsquo;est donner une chance de plus \u00e0 la plan\u00e8te et \u00e0 sa g\u00e9n\u00e9ration. En achetant notre livre, vous collaborez \u00e0 leur \u00e9ducation et \u00e0 celle de milliers d&rsquo;enfants dans le monde.<\/p>\n<\/div><\/section><br \/>\n\n<style type=\"text\/css\" data-created_by=\"avia_inline_auto\" id=\"style-css-av-av_hr-c1c0de9fd8446016fc7e439d4634093c\">\n#top .hr.hr-invisible.av-av_hr-c1c0de9fd8446016fc7e439d4634093c{\nheight:20px;\n}\n<\/style>\n<div  class='hr av-av_hr-c1c0de9fd8446016fc7e439d4634093c hr-invisible  avia-builder-el-21  el_after_av_textblock  el_before_av_button '><span class='hr-inner '><span class=\"hr-inner-style\"><\/span><\/span><\/div><br \/>\n<div  class='avia-button-wrap av-av_button-edad9f023111d3752b300df2fba42e9a-wrap avia-button-right  avia-builder-el-22  el_after_av_hr  avia-builder-el-last  para'><a href='https:\/\/donativos.volcanofoundation.org'  class='avia-button av-av_button-edad9f023111d3752b300df2fba42e9a av-link-btn avia-icon_select-no avia-size-large avia-position-right avia-color-light'  target=\"_blank\"  rel=\"noopener noreferrer\"  aria-label=\"ACHETEZ !\"><span class='avia_iconbox_title' >ACHETEZ !<\/span><\/a><\/div><\/p><\/div><\/div><!--close column table wrapper. Autoclose: 1 -->\n<\/p>\n<\/div><\/div><\/div><!-- close content main div --><\/div><\/div>\n<style type=\"text\/css\" data-created_by=\"avia_inline_auto\" id=\"style-css-av-8nc9n-78521be0e969dbb273dbb48456b9d1b3\">\n.avia-section.av-8nc9n-78521be0e969dbb273dbb48456b9d1b3{\nbackground-repeat:no-repeat;\nbackground-image:url(https:\/\/volcanoschool.org\/wp-content\/uploads\/2021\/04\/volcanoschool-fondo-estrellas-scaled.jpg);\nbackground-position:50% 50%;\nbackground-attachment:fixed;\n}\n<\/style>\n<div id='av_section_3'  class='avia-section av-8nc9n-78521be0e969dbb273dbb48456b9d1b3 main_color avia-section-no-padding avia-no-border-styling  avia-builder-el-23  el_after_av_section  avia-builder-el-last  avia-full-stretch avia-bg-style-fixed container_wrap fullsize'  data-section-bg-repeat='stretch'><div class='container av-section-cont-open' ><div class='template-page content  av-content-full alpha units'><div class='post-entry post-entry-type-page post-entry-1489'><div class='entry-content-wrapper clearfix'>\n","protected":false},"excerpt":{"rendered":"","protected":false},"author":3,"featured_media":1423,"parent":0,"menu_order":0,"comment_status":"closed","ping_status":"closed","template":"","meta":{"footnotes":""},"class_list":["post-1489","page","type-page","status-publish","has-post-thumbnail","hentry"],"aioseo_notices":[],"_links":{"self":[{"href":"https:\/\/volcanoschool.org\/fr\/wp-json\/wp\/v2\/pages\/1489","targetHints":{"allow":["GET"]}}],"collection":[{"href":"https:\/\/volcanoschool.org\/fr\/wp-json\/wp\/v2\/pages"}],"about":[{"href":"https:\/\/volcanoschool.org\/fr\/wp-json\/wp\/v2\/types\/page"}],"author":[{"embeddable":true,"href":"https:\/\/volcanoschool.org\/fr\/wp-json\/wp\/v2\/users\/3"}],"replies":[{"embeddable":true,"href":"https:\/\/volcanoschool.org\/fr\/wp-json\/wp\/v2\/comments?post=1489"}],"version-history":[{"count":6,"href":"https:\/\/volcanoschool.org\/fr\/wp-json\/wp\/v2\/pages\/1489\/revisions"}],"predecessor-version":[{"id":1497,"href":"https:\/\/volcanoschool.org\/fr\/wp-json\/wp\/v2\/pages\/1489\/revisions\/1497"}],"wp:featuredmedia":[{"embeddable":true,"href":"https:\/\/volcanoschool.org\/fr\/wp-json\/wp\/v2\/media\/1423"}],"wp:attachment":[{"href":"https:\/\/volcanoschool.org\/fr\/wp-json\/wp\/v2\/media?parent=1489"}],"curies":[{"name":"wp","href":"https:\/\/api.w.org\/{rel}","templated":true}]}}