{"id":1458,"date":"2021-04-21T15:42:04","date_gmt":"2021-04-21T15:42:04","guid":{"rendered":"https:\/\/volcanoschool.org\/privacy-policy\/"},"modified":"2021-06-03T08:18:53","modified_gmt":"2021-06-03T08:18:53","slug":"politique-de-confidentialite","status":"publish","type":"page","link":"https:\/\/volcanoschool.org\/fr\/politique-de-confidentialite\/","title":{"rendered":"POLITIQUE DE CONFIDENTIALIT\u00c9"},"content":{"rendered":"<div id='av_section_1'  class='avia-section av-av_section-46ce1733c35ae24b9d75b0cc88a8631c main_color avia-section-default avia-no-border-styling  avia-builder-el-0  avia-builder-el-no-sibling  avia-bg-style-scroll container_wrap fullsize'  ><div class='container av-section-cont-open' ><main  role=\"main\" itemprop=\"mainContentOfPage\"  class='template-page content  av-content-full alpha units'><div class='post-entry post-entry-type-page post-entry-1458'><div class='entry-content-wrapper clearfix'>\n\n<style type=\"text\/css\" data-created_by=\"avia_inline_auto\" id=\"style-css-av-ehjmw-ab12a60cdc33a34e66d964e6a0d694f2\">\n.flex_column.av-ehjmw-ab12a60cdc33a34e66d964e6a0d694f2{\nborder-radius:0px 0px 0px 0px;\npadding:0px 0px 0px 0px;\n}\n<\/style>\n<div  class='flex_column av-ehjmw-ab12a60cdc33a34e66d964e6a0d694f2 av_one_fifth  avia-builder-el-1  el_before_av_four_fifth  avia-builder-el-first  first flex_column_div av-zero-column-padding  '     ><style type=\"text\/css\" data-created_by=\"avia_inline_auto\" id=\"style-css-av-k9oeyn10-68d3114efe1655ef7fabada015cf31bc\">\n#top .av-special-heading.av-k9oeyn10-68d3114efe1655ef7fabada015cf31bc{\npadding-bottom:10px;\n}\nbody .av-special-heading.av-k9oeyn10-68d3114efe1655ef7fabada015cf31bc .av-special-heading-tag .heading-char{\nfont-size:25px;\n}\n.av-special-heading.av-k9oeyn10-68d3114efe1655ef7fabada015cf31bc .av-subheading{\nfont-size:15px;\n}\n<\/style>\n<div  class='av-special-heading av-k9oeyn10-68d3114efe1655ef7fabada015cf31bc av-special-heading-h1  avia-builder-el-2  avia-builder-el-no-sibling  av-linked-heading'><h1 class='av-special-heading-tag '  itemprop=\"headline\"  >POLITIQUE DE CONFIDENTIALIT\u00c9<\/h1><div class=\"special-heading-border\"><div class=\"special-heading-inner-border\"><\/div><\/div><\/div><\/div>\n<style type=\"text\/css\" data-created_by=\"avia_inline_auto\" id=\"style-css-av-a4psw-27db7be6778cff79fbd5b1a8dba9865f\">\n.flex_column.av-a4psw-27db7be6778cff79fbd5b1a8dba9865f{\nborder-radius:0px 0px 0px 0px;\npadding:0px 0px 0px 0px;\n}\n<\/style>\n<div  class='flex_column av-a4psw-27db7be6778cff79fbd5b1a8dba9865f av_four_fifth  avia-builder-el-3  el_after_av_one_fifth  avia-builder-el-last  flex_column_div av-zero-column-padding  '     ><section  class='av_textblock_section av-joissh8w-b297ac8b83df5b6b2096b2070bcd0b18 '   itemscope=\"itemscope\" itemtype=\"https:\/\/schema.org\/CreativeWork\" ><div class='avia_textblock'  itemprop=\"text\" ><p>Conform\u00e9ment au R\u00c8GLEMENT (UE) 2016\/679 DU PARLEMENT EUROP\u00c9EN ET DU CONSEIL du 27 avril 2016 relatif \u00e0 la protection des personnes physiques \u00e0 l&rsquo;\u00e9gard du traitement des donn\u00e9es \u00e0 caract\u00e8re personnel et \u00e0 la libre circulation de ces donn\u00e9es, et \u00e0 la loi organique 3\/2018 du 5 d\u00e9cembre relative \u00e0 la protection des donn\u00e9es \u00e0 caract\u00e8re personnel et \u00e0 la garantie des droits num\u00e9riques, vous \u00eates inform\u00e9 que les donn\u00e9es \u00e0 caract\u00e8re personnel que vous avez fournies par le biais du site https:\/\/volcanoschool.org\/ (ci-apr\u00e8s le Site), seront trait\u00e9es dans les conditions suivantes :<\/p>\n<h5>Contr\u00f4leur des donn\u00e9es<\/h5>\n<p>Les donn\u00e9es personnelles recueillies \u00e0 travers ce site web seront trait\u00e9es par la \u00a0VOLCANO ACTIVE FOUNDATION RESPONSABILITY, dont l&rsquo;adresse pour l&rsquo;exercice des droits est TRAVESSERA DE GRACIA, 108, BARCELONE (08012) BARCELONE, ESPAGNE. Courriel : contact@volcanoschool.org<\/p>\n<h5>Objectifs du traitement<\/h5>\n<ul>\n<li>Pour vous informer sur nos produits et services, lorsque vous en faites la demande par le biais des formulaires du site web ou par courrier \u00e9lectronique.<\/li>\n<li>R\u00e9pondre et g\u00e9rer vos questions, commentaires et suggestions, le cas \u00e9ch\u00e9ant.<\/li>\n<li>Pour g\u00e9rer votre participation aux processus de s\u00e9lection actuels et futurs, lorsque vous nous envoyez vos donn\u00e9es (y compris votre curriculum) \u00e0 cette fin.<\/li>\n<li>Afin d&rsquo;obtenir des informations sur l&rsquo;utilisation du site web, le nombre de pages visit\u00e9es, le nombre de visites, ainsi que l&rsquo;activit\u00e9 des visiteurs et leur fr\u00e9quence d&rsquo;utilisation sont analys\u00e9s. A ces fins, le RESPONSABLE utilise des informations statistiques produites par le fournisseur d&rsquo;acc\u00e8s \u00e0 Internet qui ne permettent \u00e0 aucun moment d&rsquo;identifier l&rsquo;int\u00e9ress\u00e9.<\/li>\n<\/ul>\n<h5>L\u00e9gitimation<\/h5>\n<p>Consentement. Les donn\u00e9es personnelles obtenues \u00e0 travers les formulaires du site web seront trait\u00e9es uniquement sur la base du consentement donn\u00e9 par l&rsquo;int\u00e9ress\u00e9, \u00e0 travers l&rsquo;acceptation de la case pr\u00e9vue \u00e0 cet effet. Ce consentement peut \u00eatre retir\u00e9 \u00e0 tout moment.<\/p>\n<p>Int\u00e9r\u00eat l\u00e9gitime du responsable du traitement des donn\u00e9es. Les informations statistiques obtenues \u00e0 partir du site web seront trait\u00e9es sur la base de l&rsquo;int\u00e9r\u00eat l\u00e9gitime de la partie responsable. Ces informations ne permettent pas d&rsquo;identifier l&rsquo;utilisateur.<\/p>\n<h5>B\u00e9n\u00e9ficiaires<\/h5>\n<p>Les donn\u00e9es personnelles obtenues par le biais du site web ne seront pas communiqu\u00e9es \u00e0 des tiers, sauf si la loi l&rsquo;oblige.<\/p>\n<h5>Conservation<\/h5>\n<p>Les donn\u00e9es personnelles fournies par l&rsquo;utilisateur pour recevoir des communications commerciales seront conserv\u00e9es tant que l&rsquo;int\u00e9ress\u00e9 ne demandera pas leur suppression ou ne retirera pas son consentement.<\/p>\n<p>Lorsque l&rsquo;utilisateur envoie ses donn\u00e9es personnelles pour participer \u00e0 des processus de s\u00e9lection du RESPONSABLE, les donn\u00e9es seront trait\u00e9es pour participer \u00e0 ces processus de s\u00e9lection, et si elles ne sont pas s\u00e9lectionn\u00e9es, vos donn\u00e9es personnelles seront conserv\u00e9es pendant une p\u00e9riode de deux ans afin de pouvoir compter sur leur participation \u00e0 des processus futurs.<\/p>\n<p>Lorsque l&rsquo;utilisateur envoie ses donn\u00e9es pour contacter le RESPONSABLE, lui poser des questions ou lui faire des suggestions, les donn\u00e9es seront conserv\u00e9es aussi longtemps qu&rsquo;elles sont n\u00e9cessaires \u00e0 cette fin et les responsabilit\u00e9s peuvent d\u00e9couler du traitement.<br \/>\nDonn\u00e9es de trafic, statistiques et visites web : les donn\u00e9es seront conserv\u00e9es pendant une p\u00e9riode de trois ans.<\/p>\n<h5>Droits<\/h5>\n<p>Vous pouvez exercer vos droits d&rsquo;acc\u00e8s, de rectification, de suppression et de portabilit\u00e9 de vos donn\u00e9es, de limitation et d&rsquo;opposition \u00e0 leur traitement, en \u00e9crivant \u00e0 TRAVESSERA DE GRACIA, 108, BARCELONA (08012) BARCELONA, ESPAGNE, accompagn\u00e9 d&rsquo;un document officiel qui vous identifie. Courriel : contact@volcanofoundation.org. En cas de d\u00e9saccord avec le traitement, vous avez \u00e9galement le droit de d\u00e9poser une plainte aupr\u00e8s de l&rsquo;Agence espagnole de protection des donn\u00e9es (www.aepd.es).<\/p>\n<h5>Politique de protection des mineurs<\/h5>\n<p>Celui qui fournit des donn\u00e9es \u00e0 travers les formulaires de ce site et accepte leur traitement d\u00e9clare formellement avoir plus de 14 ans.<\/p>\n<p>L&rsquo;acc\u00e8s et l&rsquo;utilisation du portail sont interdits aux mineurs de moins de 14 ans.<\/p>\n<p>Le RESPONSABLE rappelle aux adultes qui sont responsables de mineurs, qu&rsquo;ils seront seuls responsables si un mineur incorpore ses donn\u00e9es pour demander un produit.<\/p>\n<p>Il les informe \u00e9galement qu&rsquo;il existe des programmes informatiques permettant de limiter la navigation en filtrant ou en bloquant certains contenus.<\/p>\n<h5>Traitement d\u00e9riv\u00e9 de l&rsquo;utilisation des r\u00e9seaux sociaux<\/h5>\n<p>En suivant notre profil sur les r\u00e9seaux sociaux, vous consentez express\u00e9ment au traitement de vos donn\u00e9es personnelles conform\u00e9ment \u00e0 la politique de confidentialit\u00e9 du r\u00e9seau social correspondant. De m\u00eame, vous consentez express\u00e9ment \u00e0 ce que le RESPONSABLE ait acc\u00e8s au traitement de vos donn\u00e9es contenues dans votre profil et que les nouvelles publi\u00e9es sur tout produit du RESPONSABLE apparaissent sur votre mur. Votre demande de connexion, implique n\u00e9cessairement votre consentement aux traitements indiqu\u00e9s, ceci \u00e9tant la base l\u00e9gale du traitement. Les donn\u00e9es seront conserv\u00e9es tant que la partie int\u00e9ress\u00e9e ne demandera pas votre opposition ou ne retirera pas votre consentement, en pouvant le retirer \u00e0 tout moment.<\/p>\n<\/div><\/section><\/div>\n","protected":false},"excerpt":{"rendered":"","protected":false},"author":3,"featured_media":0,"parent":0,"menu_order":0,"comment_status":"closed","ping_status":"open","template":"","meta":{"footnotes":""},"class_list":["post-1458","page","type-page","status-publish","hentry"],"aioseo_notices":[],"_links":{"self":[{"href":"https:\/\/volcanoschool.org\/fr\/wp-json\/wp\/v2\/pages\/1458","targetHints":{"allow":["GET"]}}],"collection":[{"href":"https:\/\/volcanoschool.org\/fr\/wp-json\/wp\/v2\/pages"}],"about":[{"href":"https:\/\/volcanoschool.org\/fr\/wp-json\/wp\/v2\/types\/page"}],"author":[{"embeddable":true,"href":"https:\/\/volcanoschool.org\/fr\/wp-json\/wp\/v2\/users\/3"}],"replies":[{"embeddable":true,"href":"https:\/\/volcanoschool.org\/fr\/wp-json\/wp\/v2\/comments?post=1458"}],"version-history":[{"count":4,"href":"https:\/\/volcanoschool.org\/fr\/wp-json\/wp\/v2\/pages\/1458\/revisions"}],"predecessor-version":[{"id":1464,"href":"https:\/\/volcanoschool.org\/fr\/wp-json\/wp\/v2\/pages\/1458\/revisions\/1464"}],"wp:attachment":[{"href":"https:\/\/volcanoschool.org\/fr\/wp-json\/wp\/v2\/media?parent=1458"}],"curies":[{"name":"wp","href":"https:\/\/api.w.org\/{rel}","templated":true}]}}