{"id":1456,"date":"2021-05-12T16:05:19","date_gmt":"2021-05-12T16:05:19","guid":{"rendered":"https:\/\/volcanoschool.org\/politica-de-cookies\/"},"modified":"2021-06-03T07:06:58","modified_gmt":"2021-06-03T07:06:58","slug":"politica-de-cookies","status":"publish","type":"page","link":"https:\/\/volcanoschool.org\/fr\/politica-de-cookies\/","title":{"rendered":"POLITIQUE COOKIES"},"content":{"rendered":"<div id='av_section_1'  class='avia-section av-kpgj4ncf-7b2321d7e12d7eb3a083695d7fceb8e0 main_color avia-section-large avia-no-border-styling  avia-builder-el-0  avia-builder-el-no-sibling  avia-bg-style-scroll container_wrap fullsize'  ><div class='container av-section-cont-open' ><main  role=\"main\" itemprop=\"mainContentOfPage\"  class='template-page content  av-content-full alpha units'><div class='post-entry post-entry-type-page post-entry-1456'><div class='entry-content-wrapper clearfix'>\n\n<style type=\"text\/css\" data-created_by=\"avia_inline_auto\" id=\"style-css-av-g98ue-9f3cf2945e90ce221832bb5dcbe64623\">\n.flex_column.av-g98ue-9f3cf2945e90ce221832bb5dcbe64623{\nborder-radius:0px 0px 0px 0px;\npadding:0px 0px 0px 0px;\n}\n<\/style>\n<div  class='flex_column av-g98ue-9f3cf2945e90ce221832bb5dcbe64623 av_one_fifth  avia-builder-el-1  el_before_av_four_fifth  avia-builder-el-first  first flex_column_div av-zero-column-padding  '     ><style type=\"text\/css\" data-created_by=\"avia_inline_auto\" id=\"style-css-av-k9of816b-96c309fd24e0bfd8d8dee5e606a22c01\">\n#top .av-special-heading.av-k9of816b-96c309fd24e0bfd8d8dee5e606a22c01{\npadding-bottom:10px;\n}\nbody .av-special-heading.av-k9of816b-96c309fd24e0bfd8d8dee5e606a22c01 .av-special-heading-tag .heading-char{\nfont-size:25px;\n}\n.av-special-heading.av-k9of816b-96c309fd24e0bfd8d8dee5e606a22c01 .av-subheading{\nfont-size:15px;\n}\n<\/style>\n<div  class='av-special-heading av-k9of816b-96c309fd24e0bfd8d8dee5e606a22c01 av-special-heading-h1 blockquote modern-quote  avia-builder-el-2  avia-builder-el-no-sibling  av-linked-heading'><h1 class='av-special-heading-tag '  itemprop=\"headline\"  >POLITIQUE COOKIES<\/h1><div class=\"special-heading-border\"><div class=\"special-heading-inner-border\"><\/div><\/div><\/div><\/div>\n<style type=\"text\/css\" data-created_by=\"avia_inline_auto\" id=\"style-css-av-104bq-72c960c03c5cd8d3735ee28eea5b3423\">\n.flex_column.av-104bq-72c960c03c5cd8d3735ee28eea5b3423{\nborder-radius:0px 0px 0px 0px;\npadding:0px 0px 0px 0px;\n}\n<\/style>\n<div  class='flex_column av-104bq-72c960c03c5cd8d3735ee28eea5b3423 av_four_fifth  avia-builder-el-3  el_after_av_one_fifth  avia-builder-el-last  flex_column_div av-zero-column-padding  '     ><section  class='av_textblock_section av-joisq06q-d3a03da2086628b536c6487d7241217d '   itemscope=\"itemscope\" itemtype=\"https:\/\/schema.org\/CreativeWork\" ><div class='avia_textblock'  itemprop=\"text\" ><h5>D\u00c9FINITION ET FONCTION DES COOKIES<\/h5>\n<p>Un cookie est un fichier qui est t\u00e9l\u00e9charg\u00e9 sur votre ordinateur pour acc\u00e9der \u00e0 certaines pages Web. Les cookies permettent un site Web, entre autres, de stocker et de r\u00e9cup\u00e9rer des informations sur les habitudes de navigation d&rsquo;un utilisateur ou votre ordinateur, en fonction des informations qu&rsquo;ils contiennent et la fa\u00e7on dont vous utilisez votre ordinateur, peut \u00eatre utilis\u00e9 pour reconna\u00eetre le site primaire. La plupart des sites Web, utilise des cookies pour am\u00e9liorer et optimiser l&rsquo;exp\u00e9rience utilisateur. Ci-dessous vous trouverez des informations d\u00e9taill\u00e9es sur les types de cookies utilis\u00e9s par ce site sur la fa\u00e7on dont vous pouvez les d\u00e9sactiver dans votre navigateur et de bloquer sp\u00e9cifiquement l&rsquo;installation des cookies tiers.<\/p>\n<h5>TYPE DE COOKIES D&rsquo;UTILISER LE SITE WEB ET SON OBJECTIF<\/h5>\n<ul>\n<li><strong>d&rsquo;exploitation<\/strong>. Ces cookies permettent de naviguer \u00e0 travers le web et l&rsquo;utilisation de diff\u00e9rentes options ou des services fournis. Ils sont \u00e9galement utilis\u00e9s pour am\u00e9liorer votre exp\u00e9rience de navigation et d&rsquo;optimiser le fonctionnement de notre site. configurations de service stock\u00e9es afin que l&rsquo;utilisateur n&rsquo;a pas \u00e0 les remettre \u00e0 z\u00e9ro chaque fois que vous nous rendre visite.<\/li>\n<li><strong>analytique<\/strong>. Ces cookies sont utilis\u00e9s pour recueillir des informations sur l&rsquo;utilisation de notre site par les visiteurs. Nous utilisons les informations pour \u00e9tablir des rapports et d&rsquo;am\u00e9liorer le site. Ces cookies ne sont associ\u00e9s \u00e0 un utilisateur anonyme et votre ordinateur \/ appareil sans fournir des r\u00e9f\u00e9rences qui r\u00e9v\u00e8lent des donn\u00e9es personnelles. Recueillir le nombre de visiteurs du site, combien de temps ils durent visites, navigateur, type de terminal, lieu d&rsquo;origine des visiteurs et de pages vues.<\/li>\n<\/ul>\n<p>L&rsquo;utilisation de cookies nous permet de faciliter la navigation de l&rsquo;utilisateur et d&rsquo;adapter les informations et les services que nous offrons \u00e0 vos cookies intereses.Las sont utilis\u00e9s de fa\u00e7on permanente ou temporaire (cookies de session). Les cookies permanents sont stock\u00e9s sur votre ordinateur ou appareil mobile sur une p\u00e9riode de temps ne d\u00e9passant pas 24 mois. Utilisons les cookies tiers pour recueillir des donn\u00e9es statistiques agr\u00e9g\u00e9es par les donn\u00e9es que vous nous fournirez.<\/p>\n<h5>TRAITEMENT COOKIES<\/h5>\n<p>Les informations obtenues \u00e0 partir du traitement des cookies est trait\u00e9e par la VOLCANO ACTIVE FOUNDATION RESPONSABILITY.<\/p>\n<h5>SI LES CE QUI SE PASSE COOKIES D\u00c9SACTIV\u00c9S.<\/h5>\n<p>A tout moment vous pouvez acc\u00e9der aux param\u00e8tres de votre navigateur pour modifier et \/ ou de bloquer l&rsquo;installation de cookies, mais cela peut signifier que certaines fonctionnalit\u00e9s restent d\u00e9sactiv\u00e9es et peuvent \u00eatre un acc\u00e8s limit\u00e9 \u00e0 certains contenus. la performance de la qualit\u00e9 des services peut \u00eatre affect\u00e9e.<\/p>\n<h5>Voie pour d\u00e9sactiver ou supprimer les cookies<\/h5>\n<p>Pour activer, rencontrer, bloquer ou supprimer les cookies install\u00e9s sur votre ordinateur, vous pouvez le faire en d\u00e9finissant vos options de navigateur install\u00e9 sur votre ordenador.Vous pouvez trouver des informations sur la fa\u00e7on de faire si vous utilisez l&rsquo;un des navigateurs suivants: Internet Explorer:<a href=\"https:\/\/privacy.microsoft.com\/es-es\/privacystatement\">https:\/\/privacy.microsoft.com\/es-es\/privacystatement<\/a><br \/>\nSafari:<a href=\"https:\/\/www.apple.com\/legal\/privacy\/es\/cookies\/\">https:\/\/www.apple.com\/legal\/privacy\/es\/cookies\/<\/a><a href=\"https:\/\/support.apple.com\/es-es\/HT201265\">https:\/\/support.apple.com\/es-es\/HT201265<\/a><br \/>\nGoogle Chrome:<a href=\"https:\/\/support.google.com\/chrome\/answer\/95647?hl=es&amp;hlrm=en\">https:\/\/support.google.com\/chrome\/answer\/95647?hl=es&amp;hlrm=en<\/a><br \/>\ngoogle:<a href=\"https:\/\/www.google.com\/intl\/es\/policies\/privacy\/\">https:\/\/www.google.com\/intl\/es\/policies\/privacy\/<\/a><br \/>\nFirefox:<a href=\"http:\/\/support.mozilla.org\/es\/kb\/Borrar%20cookies\">http:\/\/support.mozilla.org\/es\/kb\/Borrar%20cookies<\/a><br \/>\nOpera:<a href=\"http:\/\/help.opera.com\/Windows\/11.50\/es-ES\/cookies.html\">http:\/\/help.opera.com\/Windows\/11.50\/es-ES\/cookies.html<\/a><br \/>\nAndroid (Google):<a href=\"https:\/\/www.google.com\/intl\/es\/policies\/privacy\/\">https:\/\/www.google.com\/intl\/es\/policies\/privacy\/<\/a><br \/>\nWindows Phone (Microsoft): <a href=\"https:\/\/privacy.microsoft.com\/es-es\/privacystatement\">https:\/\/privacy.microsoft.com\/es-es\/privacystatement<\/a><br \/>\nBlackberry:<a href=\"http:\/\/global.blackberry.com\/es\/legal\/privacy-policy.html\">http:\/\/global.blackberry.com\/es\/legal\/privacy-policy.html<\/a><br \/>\nVous pouvez \u00e9galement supprimer facilement les cookies de votre ordinateur ou appareil mobile en utilisant votre navigateur. Pour obtenir des instructions sur la fa\u00e7on de g\u00e9rer et de supprimer les cookies, allez dans l&rsquo;onglet \u00ab Aide \u00bb sur votre navigateur. Vous pouvez d\u00e9sactiver les cookies ou recevoir une notification chaque fois qu&rsquo;un nouveau cookie est envoy\u00e9 \u00e0 vos outils informatiques ou p\u00e9riph\u00e9riques m\u00f3vil.Existen disponibles en ligne qui permettent aux utilisateurs de d\u00e9tecter les cookies sur chaque site Web qu&rsquo;ils visitent et g\u00e9rer leur d\u00e9sactivation (par exemple , Ghostery:<a href=\"https:\/\/www.ghostery.com\/about-ghostery\/privacy-statements\/\">https:\/\/www.ghostery.com\/about-ghostery\/privacy-statements\/<\/a>,<br \/>\n<a href=\"http:\/\/www.ghostery.com\/faq\">http:\/\/www.ghostery.com\/faq<\/a>).<\/p>\n<\/div><\/section><\/div>\n","protected":false},"excerpt":{"rendered":"","protected":false},"author":3,"featured_media":0,"parent":0,"menu_order":0,"comment_status":"closed","ping_status":"closed","template":"","meta":{"footnotes":""},"class_list":["post-1456","page","type-page","status-publish","hentry"],"aioseo_notices":[],"_links":{"self":[{"href":"https:\/\/volcanoschool.org\/fr\/wp-json\/wp\/v2\/pages\/1456","targetHints":{"allow":["GET"]}}],"collection":[{"href":"https:\/\/volcanoschool.org\/fr\/wp-json\/wp\/v2\/pages"}],"about":[{"href":"https:\/\/volcanoschool.org\/fr\/wp-json\/wp\/v2\/types\/page"}],"author":[{"embeddable":true,"href":"https:\/\/volcanoschool.org\/fr\/wp-json\/wp\/v2\/users\/3"}],"replies":[{"embeddable":true,"href":"https:\/\/volcanoschool.org\/fr\/wp-json\/wp\/v2\/comments?post=1456"}],"version-history":[{"count":5,"href":"https:\/\/volcanoschool.org\/fr\/wp-json\/wp\/v2\/pages\/1456\/revisions"}],"predecessor-version":[{"id":1993,"href":"https:\/\/volcanoschool.org\/fr\/wp-json\/wp\/v2\/pages\/1456\/revisions\/1993"}],"wp:attachment":[{"href":"https:\/\/volcanoschool.org\/fr\/wp-json\/wp\/v2\/media?parent=1456"}],"curies":[{"name":"wp","href":"https:\/\/api.w.org\/{rel}","templated":true}]}}