{"id":1440,"date":"2021-05-12T16:03:21","date_gmt":"2021-05-12T16:03:21","guid":{"rendered":"https:\/\/volcanoschool.org\/aviso-legal\/"},"modified":"2021-06-03T08:14:19","modified_gmt":"2021-06-03T08:14:19","slug":"avis-juridique","status":"publish","type":"page","link":"https:\/\/volcanoschool.org\/fr\/avis-juridique\/","title":{"rendered":"AVIS JURIDIQUE"},"content":{"rendered":"<div id='av_section_1'  class='avia-section av-av_section-46ce1733c35ae24b9d75b0cc88a8631c main_color avia-section-default avia-no-border-styling  avia-builder-el-0  avia-builder-el-no-sibling  avia-bg-style-scroll container_wrap fullsize'  ><div class='container av-section-cont-open' ><main  role=\"main\" itemprop=\"mainContentOfPage\"  class='template-page content  av-content-full alpha units'><div class='post-entry post-entry-type-page post-entry-1440'><div class='entry-content-wrapper clearfix'>\n\n<style type=\"text\/css\" data-created_by=\"avia_inline_auto\" id=\"style-css-av-dpupw-8def508a9abc44575b07e03131517c1d\">\n.flex_column.av-dpupw-8def508a9abc44575b07e03131517c1d{\nborder-radius:0px 0px 0px 0px;\npadding:0px 0px 0px 0px;\n}\n<\/style>\n<div  class='flex_column av-dpupw-8def508a9abc44575b07e03131517c1d av_one_fifth  avia-builder-el-1  el_before_av_four_fifth  avia-builder-el-first  first flex_column_div av-zero-column-padding  '     ><style type=\"text\/css\" data-created_by=\"avia_inline_auto\" id=\"style-css-av-k9oel0dy-61cc64a47aeedd6dd933e7f0fe40bc23\">\n#top .av-special-heading.av-k9oel0dy-61cc64a47aeedd6dd933e7f0fe40bc23{\npadding-bottom:10px;\n}\nbody .av-special-heading.av-k9oel0dy-61cc64a47aeedd6dd933e7f0fe40bc23 .av-special-heading-tag .heading-char{\nfont-size:25px;\n}\n.av-special-heading.av-k9oel0dy-61cc64a47aeedd6dd933e7f0fe40bc23 .av-subheading{\nfont-size:15px;\n}\n<\/style>\n<div  class='av-special-heading av-k9oel0dy-61cc64a47aeedd6dd933e7f0fe40bc23 av-special-heading-h1 blockquote modern-quote modern-centered  avia-builder-el-2  avia-builder-el-no-sibling  av-linked-heading'><h1 class='av-special-heading-tag '  itemprop=\"headline\"  >AVIS JURIDIQUE<\/h1><div class=\"special-heading-border\"><div class=\"special-heading-inner-border\"><\/div><\/div><\/div><\/div>\n<style type=\"text\/css\" data-created_by=\"avia_inline_auto\" id=\"style-css-av-bp9ak-bf84b6da3904b345aa12583a19585a8a\">\n.flex_column.av-bp9ak-bf84b6da3904b345aa12583a19585a8a{\nborder-radius:0px 0px 0px 0px;\npadding:0px 0px 0px 0px;\n}\n<\/style>\n<div  class='flex_column av-bp9ak-bf84b6da3904b345aa12583a19585a8a av_four_fifth  avia-builder-el-3  el_after_av_one_fifth  avia-builder-el-last  flex_column_div av-zero-column-padding  '     ><section  class='av_textblock_section av-joisodmx-93f424d645c878496809fa0a1f6381e6 '   itemscope=\"itemscope\" itemtype=\"https:\/\/schema.org\/CreativeWork\" ><div class='avia_textblock'  itemprop=\"text\" ><h5>Identification<\/h5>\n<p>Conform\u00e9ment \u00e0 l&rsquo;obligation d&rsquo;information contenue dans l&rsquo;article 10 de la loi 34\/2002, du 11 juillet, sur les services de la soci\u00e9t\u00e9 de l&rsquo;information et le commerce \u00e9lectronique, VOLCANO ACTIVE FOUNDATION RESPONSABILITY, vous informe que les informations contenues dans le pr\u00e9sent document correspondent au propri\u00e9taire du site Web https:\/\/volcanofoundation.org\/.<br \/>\nNom : VOLCANO ACTIVE FOUNDATION RESPONSABILITY<br \/>\nAdresse : TRAVESSERA DE GRACIA, 108, BARCELONE (08012) BARCELONE, ESPAGNE<br \/>\nT\u00e9l\u00e9phone : +34\/689254645<br \/>\nCourriel : contact@volcanofoundation.org<br \/>\nNUM\u00c9RO DE TVA : G67314625<br \/>\nEnregistrement : REGISTRO DE FUNDACIONES Autoris\u00e9 par le Minist\u00e8re de la Justice avec le n\u00ba 2195<\/p>\n<h5>Propri\u00e9t\u00e9 intellectuelle et industrielle<\/h5>\n<p>Tous les droits de propri\u00e9t\u00e9 intellectuelle et industrielle de tous les \u00e9l\u00e9ments contenus dans ce site Web, y compris les marques, les formats, les conceptions graphiques, les textes, les images et les documents, appartiennent \u00e0 VOLCANO ACTIVE FOUNDATION RESPONSABILITY et sont prot\u00e9g\u00e9s par les lois espagnoles et internationales sur la propri\u00e9t\u00e9 intellectuelle et industrielle. La reproduction totale ou partielle de ce site Web et de l&rsquo;un de ses contenus est express\u00e9ment interdite sans l&rsquo;autorisation expresse et par \u00e9crit de VOLCANO ACTIVE FOUNDATION RESPONSABILITY .<\/p>\n<p>L&rsquo;acc\u00e8s au site web n&rsquo;implique aucun type de renonciation, transmission, licence ou cession de ces droits par VOLCANO FONDATION ACTIVE RESPONSABILIT\u00c9, sauf mention expresse contraire.<\/p>\n<h5>Conditions d&rsquo;utilisation<\/h5>\n<p>L&rsquo;acc\u00e8s \u00e0 ce site web implique l&rsquo;acceptation sans r\u00e9serve des pr\u00e9sentes conditions d&rsquo;utilisation, qui r\u00e9glementent l&rsquo;acc\u00e8s et l&rsquo;utilisation du site web dans le but de fournir aux utilisateurs des informations sur nos produits.<\/p>\n<p>L&rsquo;utilisation des contenus de ce site \u00e0 des fins commerciales ou pour leur distribution, transformation ou communication est express\u00e9ment interdite.<br \/>\nLa RESPONSABILIT\u00c9 DE LA FONDATION ACTIVE VOLCANO ne sera pas responsable des cons\u00e9quences ou des dommages qui pourraient d\u00e9couler d&rsquo;une telle utilisation de l&rsquo;information.<\/p>\n<p>Tant l&rsquo;acc\u00e8s \u00e0 ce site que l&rsquo;utilisation qui peut \u00eatre faite des informations qu&rsquo;il contient rel\u00e8vent de la responsabilit\u00e9 exclusive de l&rsquo;utilisateur.<\/p>\n<p>L&rsquo;utilisateur s&rsquo;engage \u00e0 ne pas utiliser les informations publi\u00e9es sur ce site \u00e0 des fins ou des effets illicites ou nuisibles, \u00e0 ne pas endommager ou d\u00e9sactiver les informations et \u00e0 ne pas r\u00e9aliser d&rsquo;autres actions contraires au contenu du pr\u00e9sent avis juridique.<\/p>\n<p>VOLCANO ACTIVE FOUNDATION RESPONSABILITY ne peut pas garantir l&rsquo;inexistence d&rsquo;interruptions ou d&rsquo;erreurs dans l&rsquo;acc\u00e8s \u00e0 ce site web, bien qu&rsquo;elle fasse tout son possible pour les \u00e9viter.<\/p>\n<h5>Liens vers d&rsquo;autres sites web<\/h5>\n<p>Les liens que vous pouvez trouver sur ce site web sont un service aux utilisateurs. Ces pages ne sont pas exploit\u00e9es ou contr\u00f4l\u00e9es par VOLCANO ACTIVE FOUNDATION RESPONSABILITY, par cons\u00e9quent, elle n&rsquo;est pas responsable du contenu de ces sites web et ils ne sont pas couverts par le pr\u00e9sent avis juridique. Si vous acc\u00e9dez \u00e0 ces sites Web, vous devez savoir que leurs politiques de confidentialit\u00e9 peuvent diff\u00e9rer des n\u00f4tres.<\/p>\n<h5>Droit applicable et juridiction<\/h5>\n<p>Le pr\u00e9sent avis juridique est r\u00e9gi par la l\u00e9gislation espagnole en vigueur.<\/p>\n<p>Pour la r\u00e9solution de tout litige pouvant d\u00e9couler de ces dispositions et de leur interpr\u00e9tation, application et respect, l&rsquo;utilisateur, en vertu de l&rsquo;acceptation des conditions contenues dans le pr\u00e9sent Avis l\u00e9gal, renonce express\u00e9ment \u00e0 toute autre juridiction \u00e0 laquelle il pourrait pr\u00e9tendre.<\/p>\n<p>En tout cas, au sein de la juridiction espagnole, si la l\u00e9gislation permet \u00e0 l&rsquo;utilisateur de se soumettre \u00e0 une juridiction sp\u00e9cifique, l&rsquo;utilisateur renonce express\u00e9ment \u00e0 toute autre juridiction qui pourrait lui correspondre et se soumet volontairement \u00e0 la juridiction des Cours et Tribunaux de BARCELONE.<\/p>\n<\/div><\/section><\/div>\n","protected":false},"excerpt":{"rendered":"","protected":false},"author":3,"featured_media":0,"parent":0,"menu_order":0,"comment_status":"closed","ping_status":"closed","template":"","meta":{"footnotes":""},"class_list":["post-1440","page","type-page","status-publish","hentry"],"aioseo_notices":[],"_links":{"self":[{"href":"https:\/\/volcanoschool.org\/fr\/wp-json\/wp\/v2\/pages\/1440","targetHints":{"allow":["GET"]}}],"collection":[{"href":"https:\/\/volcanoschool.org\/fr\/wp-json\/wp\/v2\/pages"}],"about":[{"href":"https:\/\/volcanoschool.org\/fr\/wp-json\/wp\/v2\/types\/page"}],"author":[{"embeddable":true,"href":"https:\/\/volcanoschool.org\/fr\/wp-json\/wp\/v2\/users\/3"}],"replies":[{"embeddable":true,"href":"https:\/\/volcanoschool.org\/fr\/wp-json\/wp\/v2\/comments?post=1440"}],"version-history":[{"count":4,"href":"https:\/\/volcanoschool.org\/fr\/wp-json\/wp\/v2\/pages\/1440\/revisions"}],"predecessor-version":[{"id":1484,"href":"https:\/\/volcanoschool.org\/fr\/wp-json\/wp\/v2\/pages\/1440\/revisions\/1484"}],"wp:attachment":[{"href":"https:\/\/volcanoschool.org\/fr\/wp-json\/wp\/v2\/media?parent=1440"}],"curies":[{"name":"wp","href":"https:\/\/api.w.org\/{rel}","templated":true}]}}