{"id":415,"date":"2021-05-10T13:58:08","date_gmt":"2021-05-10T13:58:08","guid":{"rendered":"https:\/\/volcanoschool.org\/?page_id=415"},"modified":"2021-05-16T17:32:04","modified_gmt":"2021-05-16T17:32:04","slug":"para-ninos","status":"publish","type":"page","link":"https:\/\/volcanoschool.org\/es\/para-ninos\/","title":{"rendered":"PARA NI\u00d1OS"},"content":{"rendered":"\n<style type=\"text\/css\" data-created_by=\"avia_inline_auto\" id=\"style-css-av-koffb3gt-5c2c7d54aa1664f330fddd4818fb647f\">\n.avia-section.av-koffb3gt-5c2c7d54aa1664f330fddd4818fb647f{\nbackground-repeat:no-repeat;\nbackground-image:url(https:\/\/volcanoschool.org\/wp-content\/uploads\/2021\/04\/volcanoschool-fondo-estrellas-scaled.jpg);\nbackground-position:50% 50%;\nbackground-attachment:fixed;\n}\n<\/style>\n<div id='av_section_1'  class='avia-section av-koffb3gt-5c2c7d54aa1664f330fddd4818fb647f main_color avia-section-huge avia-no-border-styling  avia-builder-el-0  el_before_av_section  avia-builder-el-first  avia-full-stretch avia-bg-style-fixed av-minimum-height av-minimum-height-50 av-height-50  container_wrap fullsize'  data-section-bg-repeat='stretch' data-av_minimum_height_pc='50' data-av_min_height_opt='50'><div class='container av-section-cont-open' ><main  role=\"main\" itemprop=\"mainContentOfPage\"  class='template-page content  av-content-full alpha units'><div class='post-entry post-entry-type-page post-entry-415'><div class='entry-content-wrapper clearfix'>\n<div class='flex_column_table av-f859i-1c4673f7d56311b4ca57c8ec939e0b1b sc-av_one_half av-equal-height-column-flextable'>\n<style type=\"text\/css\" data-created_by=\"avia_inline_auto\" id=\"style-css-av-f859i-1c4673f7d56311b4ca57c8ec939e0b1b\">\n.flex_column.av-f859i-1c4673f7d56311b4ca57c8ec939e0b1b{\nborder-radius:0px 0px 0px 0px;\npadding:0px 0px 0px 0px;\n}\n<\/style>\n<div  class='flex_column av-f859i-1c4673f7d56311b4ca57c8ec939e0b1b av_one_half  avia-builder-el-1  el_before_av_one_half  avia-builder-el-first  first flex_column_table_cell av-equal-height-column av-align-middle av-zero-column-padding  '     ><p>\n<style type=\"text\/css\" data-created_by=\"avia_inline_auto\" id=\"style-css-av-8frfa-36ba46a9dcbc075338bedd6d524be335\">\n#top .av-special-heading.av-8frfa-36ba46a9dcbc075338bedd6d524be335{\npadding-bottom:20px;\nfont-size:40px;\n}\nbody .av-special-heading.av-8frfa-36ba46a9dcbc075338bedd6d524be335 .av-special-heading-tag .heading-char{\nfont-size:25px;\n}\n#top #wrap_all .av-special-heading.av-8frfa-36ba46a9dcbc075338bedd6d524be335 .av-special-heading-tag{\nfont-size:40px;\n}\n.av-special-heading.av-8frfa-36ba46a9dcbc075338bedd6d524be335 .av-subheading{\nfont-size:18px;\n}\n\n@media only screen and (min-width: 480px) and (max-width: 767px){ \n#top #wrap_all .av-special-heading.av-8frfa-36ba46a9dcbc075338bedd6d524be335 .av-special-heading-tag{\nfont-size:0.8em;\n}\n}\n\n@media only screen and (max-width: 479px){ \n#top #wrap_all .av-special-heading.av-8frfa-36ba46a9dcbc075338bedd6d524be335 .av-special-heading-tag{\nfont-size:0.8em;\n}\n}\n<\/style>\n<div  class='av-special-heading av-8frfa-36ba46a9dcbc075338bedd6d524be335 av-special-heading-h1 blockquote modern-quote  avia-builder-el-2  el_before_av_hr  avia-builder-el-first  av-inherit-size'><div class='av-subheading av-subheading_above'><p>VOLCANO SCHOOL PARA NI\u00d1OS<\/p>\n<\/div><h1 class='av-special-heading-tag '  itemprop=\"headline\"  >\u00bfPREPARADO PARA UN VIAJE VOLC\u00c1NICO?<\/h1><div class=\"special-heading-border\"><div class=\"special-heading-inner-border\"><\/div><\/div><\/div><br \/>\n\n<style type=\"text\/css\" data-created_by=\"avia_inline_auto\" id=\"style-css-av-koio9ij1-c632334b2c0ce4d83c85a7804a9fd0ba\">\n#top .hr.hr-invisible.av-koio9ij1-c632334b2c0ce4d83c85a7804a9fd0ba{\nheight:20px;\n}\n<\/style>\n<div  class='hr av-koio9ij1-c632334b2c0ce4d83c85a7804a9fd0ba hr-invisible  avia-builder-el-3  el_after_av_heading  el_before_av_textblock '><span class='hr-inner '><span class=\"hr-inner-style\"><\/span><\/span><\/div><br \/>\n<section  class='av_textblock_section av-koio65zy-6c0d633f30fa4c500c40ec8c3f29e1c3 '   itemscope=\"itemscope\" itemtype=\"https:\/\/schema.org\/CreativeWork\" ><div class='avia_textblock'  itemprop=\"text\" ><p>\u00bfQuieres saber c\u00f3mo funcionan los volcanes?\u00bfPor qu\u00e9 aparecen?\u00bfCu\u00e1l es la diferencia entre la lava y el magma?\u00bfPor qu\u00e9 explotan?\u00bfPor qu\u00e9 hay unos que tienen lava roja y otros que no?&#8230; Todas estas preguntas y muchas m\u00e1s desc\u00fabrelas en nuestra masterclass adaptada para ni\u00f1os.<\/p>\n<\/div><\/section><br \/>\n\n<style type=\"text\/css\" data-created_by=\"avia_inline_auto\" id=\"style-css-av-7x0cn-c79cdbf752f0c10292f716586e282799\">\n#top .hr.hr-invisible.av-7x0cn-c79cdbf752f0c10292f716586e282799{\nheight:50px;\n}\n<\/style>\n<div  class='hr av-7x0cn-c79cdbf752f0c10292f716586e282799 hr-invisible  avia-builder-el-5  el_after_av_textblock  el_before_av_button '><span class='hr-inner '><span class=\"hr-inner-style\"><\/span><\/span><\/div><br \/>\n<div  class='avia-button-wrap av-koio704e-7ad301e96f7395b9684938ce19d6350e-wrap avia-button-center  avia-builder-el-6  el_after_av_hr  avia-builder-el-last '><a href='https:\/\/volcanoschool.org\/es\/masterclass\/'  class='avia-button av-koio704e-7ad301e96f7395b9684938ce19d6350e av-link-btn avia-icon_select-no avia-size-large avia-position-center avia-color-light'   aria-label=\"VER +\"><span class='avia_iconbox_title' >VER +<\/span><\/a><\/div><\/p><\/div><div class='av-flex-placeholder'><\/div>\n<style type=\"text\/css\" data-created_by=\"avia_inline_auto\" id=\"style-css-av-gbeue-aa4fa579434cb4dfe4f95b3901f9c8e5\">\n.flex_column.av-gbeue-aa4fa579434cb4dfe4f95b3901f9c8e5{\nborder-radius:0px 0px 0px 0px;\npadding:0px 0px 0px 0px;\n}\n<\/style>\n<div  class='flex_column av-gbeue-aa4fa579434cb4dfe4f95b3901f9c8e5 av_one_half  avia-builder-el-7  el_after_av_one_half  avia-builder-el-last  flex_column_table_cell av-equal-height-column av-align-middle av-zero-column-padding  '     ><style type=\"text\/css\" data-created_by=\"avia_inline_auto\" id=\"style-css-av-koio1pxg-d90268392f0e72f41e00f954480ea9a5\">\n.avia-image-container.av-koio1pxg-d90268392f0e72f41e00f954480ea9a5 img.avia_image{\nbox-shadow:none;\n}\n.avia-image-container.av-koio1pxg-d90268392f0e72f41e00f954480ea9a5 .av-image-caption-overlay-center{\ncolor:#ffffff;\n}\n<\/style>\n<div  class='avia-image-container av-koio1pxg-d90268392f0e72f41e00f954480ea9a5 av-styling- avia-align-center  avia-builder-el-8  avia-builder-el-no-sibling '   itemprop=\"image\" itemscope=\"itemscope\" itemtype=\"https:\/\/schema.org\/ImageObject\" ><div class=\"avia-image-container-inner\"><div class=\"avia-image-overlay-wrap\"><img decoding=\"async\" fetchpriority=\"high\" class='wp-image-106 avia-img-lazy-loading-not-106 avia_image ' src=\"https:\/\/volcanoschool.org\/wp-content\/uploads\/2021\/05\/volcano-school-la-tierra.png\" alt='' title='volcano-school-la-tierra'  height=\"1557\" width=\"1781\"  itemprop=\"thumbnailUrl\" srcset=\"https:\/\/volcanoschool.org\/wp-content\/uploads\/2021\/05\/volcano-school-la-tierra.png 1781w, https:\/\/volcanoschool.org\/wp-content\/uploads\/2021\/05\/volcano-school-la-tierra-300x262.png 300w, https:\/\/volcanoschool.org\/wp-content\/uploads\/2021\/05\/volcano-school-la-tierra-1030x900.png 1030w, https:\/\/volcanoschool.org\/wp-content\/uploads\/2021\/05\/volcano-school-la-tierra-768x671.png 768w, https:\/\/volcanoschool.org\/wp-content\/uploads\/2021\/05\/volcano-school-la-tierra-1536x1343.png 1536w, https:\/\/volcanoschool.org\/wp-content\/uploads\/2021\/05\/volcano-school-la-tierra-1500x1311.png 1500w, https:\/\/volcanoschool.org\/wp-content\/uploads\/2021\/05\/volcano-school-la-tierra-705x616.png 705w\" sizes=\"(max-width: 1781px) 100vw, 1781px\" \/><\/div><\/div><\/div><\/div><\/div><!--close column table wrapper. Autoclose: 1 -->\n\n<\/div><\/div><\/main><!-- close content main element --><\/div><\/div>\n<style type=\"text\/css\" data-created_by=\"avia_inline_auto\" id=\"style-css-av-1rtl7a-e558fcf8ceb18bdd528ece23e15f4f1f\">\n.avia-section.av-1rtl7a-e558fcf8ceb18bdd528ece23e15f4f1f{\nbackground-color:#c1ce2d;\nbackground-image:unset;\n}\n<\/style>\n<div id='av_section_2'  class='avia-section av-1rtl7a-e558fcf8ceb18bdd528ece23e15f4f1f main_color avia-section-default avia-shadow  avia-builder-el-9  el_after_av_section  el_before_av_section  cinta-roja-dona avia-bg-style-scroll container_wrap fullsize'  ><div class='container av-section-cont-open' ><div class='template-page content  av-content-full alpha units'><div class='post-entry post-entry-type-page post-entry-415'><div class='entry-content-wrapper clearfix'>\n<div class='flex_column_table av-1mntpa-39de96f1bb51d8600b61e85476734e7d sc-av_one_third av-equal-height-column-flextable'>\n<style type=\"text\/css\" data-created_by=\"avia_inline_auto\" id=\"style-css-av-1mntpa-39de96f1bb51d8600b61e85476734e7d\">\n.flex_column.av-1mntpa-39de96f1bb51d8600b61e85476734e7d{\nborder-radius:0px 0px 0px 0px;\npadding:0px 0px 0px 0px;\n}\n<\/style>\n<div  class='flex_column av-1mntpa-39de96f1bb51d8600b61e85476734e7d av_one_third  avia-builder-el-10  el_before_av_two_third  avia-builder-el-first  first flex_column_table_cell av-equal-height-column av-align-middle av-animated-generic fade-in av-zero-column-padding avia-link-column av-column-link  '    data-link-column-url=\"https:\/\/volcanoactive.shop\/producto\/la-tierra-y-los-volcanes\/\"  data-link-column-target=\"_blank\"   ><a class=\"av-screen-reader-only\" href=https:\/\/volcanoactive.shop\/producto\/la-tierra-y-los-volcanes\/  target=\"_blank\" >Follow a manual added link<\/a><style type=\"text\/css\" data-created_by=\"avia_inline_auto\" id=\"style-css-av-1g8fge-9f8262b3089c44164865ff8305ec8cd4\">\n.avia-image-container.av-1g8fge-9f8262b3089c44164865ff8305ec8cd4 img.avia_image{\nbox-shadow:none;\n}\n.avia-image-container.av-1g8fge-9f8262b3089c44164865ff8305ec8cd4 .av-image-caption-overlay-center{\ncolor:#ffffff;\n}\n<\/style>\n<div  class='avia-image-container av-1g8fge-9f8262b3089c44164865ff8305ec8cd4 av-styling- avia-align-center  avia-builder-el-11  avia-builder-el-no-sibling '   itemprop=\"image\" itemscope=\"itemscope\" itemtype=\"https:\/\/schema.org\/ImageObject\" ><div class=\"avia-image-container-inner\"><div class=\"avia-image-overlay-wrap\"><img decoding=\"async\" fetchpriority=\"high\" class='wp-image-239 avia-img-lazy-loading-not-239 avia_image ' src=\"https:\/\/volcanoschool.org\/wp-content\/uploads\/2021\/05\/la-tierra-y-los-volcanes.png\" alt='' title='la-tierra-y-los-volcanes'  height=\"690\" width=\"465\"  itemprop=\"thumbnailUrl\" srcset=\"https:\/\/volcanoschool.org\/wp-content\/uploads\/2021\/05\/la-tierra-y-los-volcanes.png 465w, https:\/\/volcanoschool.org\/wp-content\/uploads\/2021\/05\/la-tierra-y-los-volcanes-202x300.png 202w\" sizes=\"(max-width: 465px) 100vw, 465px\" \/><\/div><\/div><\/div><\/div><div class='av-flex-placeholder'><\/div>\n<style type=\"text\/css\" data-created_by=\"avia_inline_auto\" id=\"style-css-av-1b7uom-6538210b6e642952bf7f1cb8593cfafd\">\n.flex_column.av-1b7uom-6538210b6e642952bf7f1cb8593cfafd{\nborder-radius:0px 0px 0px 0px;\npadding:0px 0px 0px 0px;\n}\n<\/style>\n<div  class='flex_column av-1b7uom-6538210b6e642952bf7f1cb8593cfafd av_two_third  avia-builder-el-12  el_after_av_one_third  avia-builder-el-last  flex_column_table_cell av-equal-height-column av-align-middle av-animated-generic fade-in av-zero-column-padding avia-link-column av-column-link  '    data-link-column-url=\"https:\/\/volcanoactive.shop\/producto\/la-tierra-y-los-volcanes\/\"  data-link-column-target=\"_blank\"   ><a class=\"av-screen-reader-only\" href=https:\/\/volcanoactive.shop\/producto\/la-tierra-y-los-volcanes\/  target=\"_blank\" >Follow a manual added link<\/a><p>\n<style type=\"text\/css\" data-created_by=\"avia_inline_auto\" id=\"style-css-av-13rtri-363c71bc121f90c5b9b168a13f71e92e\">\n#top .av-special-heading.av-13rtri-363c71bc121f90c5b9b168a13f71e92e{\npadding-bottom:10px;\n}\nbody .av-special-heading.av-13rtri-363c71bc121f90c5b9b168a13f71e92e .av-special-heading-tag .heading-char{\nfont-size:25px;\n}\n.av-special-heading.av-13rtri-363c71bc121f90c5b9b168a13f71e92e .av-subheading{\nfont-size:15px;\n}\n<\/style>\n<div  class='av-special-heading av-13rtri-363c71bc121f90c5b9b168a13f71e92e av-special-heading-h2 blockquote modern-quote  avia-builder-el-13  el_before_av_textblock  avia-builder-el-first '><h2 class='av-special-heading-tag '  itemprop=\"headline\"  >ALUCINAR\u00c1S CON NUESTRO LIBRO<\/h2><div class=\"special-heading-border\"><div class=\"special-heading-inner-border\"><\/div><\/div><\/div><br \/>\n\n<style type=\"text\/css\" data-created_by=\"avia_inline_auto\" id=\"style-css-av-vojni-82ceb821618457f39c388a4e535b0a08\">\n#top .av_textblock_section.av-vojni-82ceb821618457f39c388a4e535b0a08 .avia_textblock{\nfont-size:40px;\ncolor:#15255f;\n}\n<\/style>\n<section  class='av_textblock_section av-vojni-82ceb821618457f39c388a4e535b0a08 '   itemscope=\"itemscope\" itemtype=\"https:\/\/schema.org\/CreativeWork\" ><div class='avia_textblock av_inherit_color'  itemprop=\"text\" ><p class=\"handwrite\" style=\"text-align: center; font-size: 1.7em; color: #2c3849;\">LA TIERRA Y LOS VOLCANES<span class=\"flecha-donativo\" style=\"color: #2c3849; font-size: 60px; font-weight: 900px; vertical-align: inherit;\">&gt;<\/span><\/p>\n<\/div><\/section><br \/>\n\n<style type=\"text\/css\" data-created_by=\"avia_inline_auto\" id=\"style-css-av-oes1i-a4a982c6f6ab6847daf99d87c24e9761\">\n#top .hr.hr-invisible.av-oes1i-a4a982c6f6ab6847daf99d87c24e9761{\nheight:20px;\n}\n<\/style>\n<div  class='hr av-oes1i-a4a982c6f6ab6847daf99d87c24e9761 hr-invisible  avia-builder-el-15  el_after_av_textblock  el_before_av_textblock '><span class='hr-inner '><span class=\"hr-inner-style\"><\/span><\/span><\/div><br \/>\n\n<style type=\"text\/css\" data-created_by=\"avia_inline_auto\" id=\"style-css-av-nludi-d9d99d74d77adb6de4165f1630327e9a\">\n#top .av_textblock_section.av-nludi-d9d99d74d77adb6de4165f1630327e9a .avia_textblock{\nfont-size:20px;\ncolor:#ffffff;\n}\n<\/style>\n<section  class='av_textblock_section av-nludi-d9d99d74d77adb6de4165f1630327e9a '   itemscope=\"itemscope\" itemtype=\"https:\/\/schema.org\/CreativeWork\" ><div class='avia_textblock av_inherit_color'  itemprop=\"text\" ><p style=\"text-align: left;\">Un viaje directo al conocimiento del mundo volc\u00e1nico de la mano de Anne Fornier y Fernando Minguela de Volcano Active Foundation.<br \/>\n<em>\u00abCuando comenzamos a impartir la masterclass de Volcano School a ni\u00f1os de las escuelas de primaria, nos dimos cuenta de que todos los libros sobre volcanes eran fant\u00e1sticos, pero ninguno explicaba de manera directa y pensada para los m\u00e1s peque\u00f1os, desde su origen, sus partes, tipos de volcanes, peligros&#8230;\u00bb\u00a0<\/em><\/p>\n<p style=\"text-align: left;\">Educar a nuestros hijos en el Medio Ambiente, a trav\u00e9s del conocimiento del mundo volc\u00e1nico, es dar una oportunidad m\u00e1s al planeta y a su generaci\u00f3n. Comprando nuestro libro colaboras en su educaci\u00f3n y en la de miles de ni\u00f1os de todo el mundo.<\/p>\n<\/div><\/section><br \/>\n\n<style type=\"text\/css\" data-created_by=\"avia_inline_auto\" id=\"style-css-av-cik5a-7aedbc156fabf88b6ed29121fa0902a7\">\n#top .hr.hr-invisible.av-cik5a-7aedbc156fabf88b6ed29121fa0902a7{\nheight:20px;\n}\n<\/style>\n<div  class='hr av-cik5a-7aedbc156fabf88b6ed29121fa0902a7 hr-invisible  avia-builder-el-17  el_after_av_textblock  el_before_av_button '><span class='hr-inner '><span class=\"hr-inner-style\"><\/span><\/span><\/div><br \/>\n<div  class='avia-button-wrap av-9obla-866f81cd9b639d33be42ec39883b2809-wrap avia-button-right  avia-builder-el-18  el_after_av_hr  avia-builder-el-last  para'><a href='https:\/\/volcanoactive.shop\/producto\/la-tierra-y-los-volcanes\/'  class='avia-button av-9obla-866f81cd9b639d33be42ec39883b2809 av-link-btn avia-icon_select-no avia-size-large avia-position-right avia-color-light'   aria-label=\"\u00a1 COMPRAR !\"><span class='avia_iconbox_title' >\u00a1 COMPRAR !<\/span><\/a><\/div><\/p><\/div><\/div><!--close column table wrapper. Autoclose: 1 -->\n\n<\/div><\/div><\/div><!-- close content main div --><\/div><\/div>\n<style type=\"text\/css\" data-created_by=\"avia_inline_auto\" id=\"style-css-av-kokg1trv-8e124a730cb10c23fe1173a54553d42c\">\n.avia-section.av-kokg1trv-8e124a730cb10c23fe1173a54553d42c{\nbackground-repeat:no-repeat;\nbackground-image:url(https:\/\/volcanoschool.org\/wp-content\/uploads\/2021\/04\/volcanoschool-fondo-estrellas-scaled.jpg);\nbackground-position:50% 50%;\nbackground-attachment:fixed;\n}\n<\/style>\n<div id='av_section_3'  class='avia-section av-kokg1trv-8e124a730cb10c23fe1173a54553d42c main_color avia-section-no-padding avia-no-border-styling  avia-builder-el-19  el_after_av_section  avia-builder-el-last  avia-full-stretch avia-bg-style-fixed container_wrap fullsize'  data-section-bg-repeat='stretch'><div class='container av-section-cont-open' ><div class='template-page content  av-content-full alpha units'><div class='post-entry post-entry-type-page post-entry-415'><div class='entry-content-wrapper clearfix'>\n\n","protected":false},"excerpt":{"rendered":"<p>\u00bfQuieres saber c\u00f3mo funcionan los volcanes?\u00bfPor qu\u00e9 aparecen?\u00bfCu\u00e1l es la diferencia entre la lava y el magma?\u00bfPor qu\u00e9 explotan?\u00bfPor qu\u00e9 hay unos que tienen lava roja y otros que no?&#8230; <\/p>\n","protected":false},"author":3,"featured_media":994,"parent":0,"menu_order":0,"comment_status":"closed","ping_status":"closed","template":"","meta":{"footnotes":""},"class_list":["post-415","page","type-page","status-publish","has-post-thumbnail","hentry"],"aioseo_notices":[],"_links":{"self":[{"href":"https:\/\/volcanoschool.org\/es\/wp-json\/wp\/v2\/pages\/415","targetHints":{"allow":["GET"]}}],"collection":[{"href":"https:\/\/volcanoschool.org\/es\/wp-json\/wp\/v2\/pages"}],"about":[{"href":"https:\/\/volcanoschool.org\/es\/wp-json\/wp\/v2\/types\/page"}],"author":[{"embeddable":true,"href":"https:\/\/volcanoschool.org\/es\/wp-json\/wp\/v2\/users\/3"}],"replies":[{"embeddable":true,"href":"https:\/\/volcanoschool.org\/es\/wp-json\/wp\/v2\/comments?post=415"}],"version-history":[{"count":14,"href":"https:\/\/volcanoschool.org\/es\/wp-json\/wp\/v2\/pages\/415\/revisions"}],"predecessor-version":[{"id":2008,"href":"https:\/\/volcanoschool.org\/es\/wp-json\/wp\/v2\/pages\/415\/revisions\/2008"}],"wp:featuredmedia":[{"embeddable":true,"href":"https:\/\/volcanoschool.org\/es\/wp-json\/wp\/v2\/media\/994"}],"wp:attachment":[{"href":"https:\/\/volcanoschool.org\/es\/wp-json\/wp\/v2\/media?parent=415"}],"curies":[{"name":"wp","href":"https:\/\/api.w.org\/{rel}","templated":true}]}}