{"id":3,"date":"2021-04-21T15:42:04","date_gmt":"2021-04-21T15:42:04","guid":{"rendered":"https:\/\/volcanoschool.org\/?page_id=3"},"modified":"2021-06-02T15:55:36","modified_gmt":"2021-06-02T15:55:36","slug":"privacy-policy","status":"publish","type":"page","link":"https:\/\/volcanoschool.org\/es\/privacy-policy\/","title":{"rendered":"Pol\u00edtica de privacidad"},"content":{"rendered":"<div id='av_section_1'  class='avia-section av-av_section-46ce1733c35ae24b9d75b0cc88a8631c main_color avia-section-default avia-no-border-styling  avia-builder-el-0  el_before_av_hr  avia-builder-el-first  avia-bg-style-scroll container_wrap fullsize'  ><div class='container av-section-cont-open' ><main  role=\"main\" itemprop=\"mainContentOfPage\"  class='template-page content  av-content-full alpha units'><div class='post-entry post-entry-type-page post-entry-3'><div class='entry-content-wrapper clearfix'>\n\n<style type=\"text\/css\" data-created_by=\"avia_inline_auto\" id=\"style-css-av-ehjmw-ab12a60cdc33a34e66d964e6a0d694f2\">\n.flex_column.av-ehjmw-ab12a60cdc33a34e66d964e6a0d694f2{\nborder-radius:0px 0px 0px 0px;\npadding:0px 0px 0px 0px;\n}\n<\/style>\n<div  class='flex_column av-ehjmw-ab12a60cdc33a34e66d964e6a0d694f2 av_one_fifth  avia-builder-el-1  el_before_av_four_fifth  avia-builder-el-first  first flex_column_div av-zero-column-padding  '     ><style type=\"text\/css\" data-created_by=\"avia_inline_auto\" id=\"style-css-av-k0cf4f90-529d2554ed16dc16cfd5bd7a98ded40d\">\n#top .av-special-heading.av-k0cf4f90-529d2554ed16dc16cfd5bd7a98ded40d{\npadding-bottom:10px;\n}\nbody .av-special-heading.av-k0cf4f90-529d2554ed16dc16cfd5bd7a98ded40d .av-special-heading-tag .heading-char{\nfont-size:25px;\n}\n.av-special-heading.av-k0cf4f90-529d2554ed16dc16cfd5bd7a98ded40d .av-subheading{\nfont-size:15px;\n}\n<\/style>\n<div  class='av-special-heading av-k0cf4f90-529d2554ed16dc16cfd5bd7a98ded40d av-special-heading-h1  avia-builder-el-2  avia-builder-el-no-sibling  av-linked-heading'><h1 class='av-special-heading-tag '  itemprop=\"headline\"  >POL\u00cdTICA DE PRIVACIDAD<\/h1><div class=\"special-heading-border\"><div class=\"special-heading-inner-border\"><\/div><\/div><\/div><\/div>\n<style type=\"text\/css\" data-created_by=\"avia_inline_auto\" id=\"style-css-av-a4psw-27db7be6778cff79fbd5b1a8dba9865f\">\n.flex_column.av-a4psw-27db7be6778cff79fbd5b1a8dba9865f{\nborder-radius:0px 0px 0px 0px;\npadding:0px 0px 0px 0px;\n}\n<\/style>\n<div  class='flex_column av-a4psw-27db7be6778cff79fbd5b1a8dba9865f av_four_fifth  avia-builder-el-3  el_after_av_one_fifth  avia-builder-el-last  flex_column_div av-zero-column-padding  '     ><section  class='av_textblock_section av-joissh8w-b297ac8b83df5b6b2096b2070bcd0b18 '   itemscope=\"itemscope\" itemtype=\"https:\/\/schema.org\/CreativeWork\" ><div class='avia_textblock'  itemprop=\"text\" ><p>En cumplimiento del REGLAMENTO (UE) 2016\/679 DEL PARLAMENTO EUROPEO Y DEL CONSEJO de 27 de Abril de 2016, relativo a la protecci\u00f3n de las personas f\u00edsicas en lo que respecta al tratamiento de datos personales y a la libre circulaci\u00f3n de estos datos, y de la Ley Org\u00e1nica 3\/2018, de 5 de diciembre, de Protecci\u00f3n de Datos Personales y garant\u00eda de los derechos digitales, se le informa que los datos personales proporcionados por usted a trav\u00e9s del sitio web\u00a0<a href=\"https:\/\/volcanoschool.org\/\">https:\/\/volcanoschool.org\/<\/a>\u00a0(en adelante el sitio web), ser\u00e1n tratados en los siguientes t\u00e9rminos:<\/p>\n<h5>Responsable del tratamiento<\/h5>\n<p>Los datos personales recabados a trav\u00e9s de este sitio web ser\u00e1n tratados por\u00a0FUNDACI\u00d3N VOLCANO ACTIVE RESPONSABILITY, con domicilio para el ejercicio de derechos en\u00a0TRAVESSERA DE GRACIA, 108, BARCELONA (08012) BARCELONA, ESPA\u00d1A. Email:\u00a0contact@volcanoschool.org<\/p>\n<h5>Finalidades del tratamiento<\/h5>\n<ul>\n<li>Informarle acerca de nuestros productos y servicios, cuando as\u00ed lo solicite a trav\u00e9s de los formularios del sitio web o por correo electr\u00f3nico.<\/li>\n<li>Dar contestaci\u00f3n y gestionar sus consultas, comentarios y sugerencias, en su caso.<\/li>\n<li>Gestionar su participaci\u00f3n en presentes y futuros procesos de selecci\u00f3n, cuando nos haga llegar sus datos (incluido su curr\u00edculo) con dicha finalidad.<\/li>\n<li>Con la finalidad de obtener informaci\u00f3n del uso del sitio web, se analizan el n\u00famero de p\u00e1ginas visitadas, el n\u00famero de visitas, as\u00ed como la actividad de los visitantes y su frecuencia de utilizaci\u00f3n. A estos efectos, el RESPONSABLE utiliza informaci\u00f3n estad\u00edstica elaborada por el Proveedor de Servicios de Internet que no permite identificar al interesado en ning\u00fan momento.<\/li>\n<\/ul>\n<h5>Legitimaci\u00f3n<\/h5>\n<p><em>Consentimiento<\/em>. Los datos personales obtenidos a trav\u00e9s de los formularios del sitio web ser\u00e1n tratados \u00fanicamente en base al consentimiento otorgado por el interesado, a trav\u00e9s de la aceptaci\u00f3n de la casilla dispuesta para tal fin. Este consentimiento puede ser retirado en cualquier momento.<\/p>\n<p><em>Inter\u00e9s leg\u00edtimo del responsable<\/em>. La informaci\u00f3n estad\u00edstica obtenida del sitio web ser\u00e1 tratada en base al inter\u00e9s leg\u00edtimo del responsable. Esta informaci\u00f3n no permite identificar al usuario.<\/p>\n<h5>Destinatarios<\/h5>\n<p>Los datos personales obtenidos a trav\u00e9s del sitio web no ser\u00e1n comunicados a terceros, salvo obligaci\u00f3n legal.<\/p>\n<h5>Conservaci\u00f3n<\/h5>\n<p>Los datos personales facilitados por el usuario para recibir comunicaciones comerciales, ser\u00e1n conservados mientras el interesado no solicite su supresi\u00f3n o retire su consentimiento.<\/p>\n<p>Cuando el usuario env\u00ede sus datos personales para participar en procesos de selecci\u00f3n del RESPONSABLE, los datos ser\u00e1n tratados para participar en presentes procesos de selecci\u00f3n, y si no fuera seleccionado, se conservar\u00e1n sus datos personales durante un periodo de dos a\u00f1os con el fin de poder contar con su participaci\u00f3n en futuros procesos.<\/p>\n<p>Cuando el usuario env\u00ede sus datos para contactar con el RESPONSABLE, realizar consultas o sugerencias, los datos se conservar\u00e1n mientras sea necesario para tal fin y puedan derivarse responsabilidades del tratamiento.<br \/>\nDatos de tr\u00e1fico, estad\u00edsticos y visitas web: los datos ser\u00e1n conservados durante el plazo de tres a\u00f1os.<\/p>\n<h5>Derechos<\/h5>\n<p>Puede ejercer sus derechos de acceso, rectificaci\u00f3n, supresi\u00f3n y portabilidad de sus datos, de limitaci\u00f3n y oposici\u00f3n a su tratamiento, mediante escrito acompa\u00f1ado de documento oficial que le identifique dirigido a\u00a0TRAVESSERA DE GRACIA, 108, BARCELONA (08012) BARCELONA, ESPA\u00d1A. Email:\u00a0contact@volcanofoundation.org. En caso de disconformidad con el tratamiento, tambi\u00e9n tiene derecho a presentar una reclamaci\u00f3n ante la Agencia Espa\u00f1ola de Protecci\u00f3n de Datos (<a href=\"http:\/\/www.aepd.es\/\">www.aepd.es<\/a>).<\/p>\n<h5>Pol\u00edtica de protecci\u00f3n de menores<\/h5>\n<p>Quien facilita los datos a trav\u00e9s de los formularios de esta Web y acepta su tratamiento declara formalmente ser mayor de 14 a\u00f1os.<\/p>\n<p>Queda prohibido el acceso y uso del portal a los menores de 14 a\u00f1os de edad.<\/p>\n<p>El RESPONSABLE recuerda a las personas mayores de edad que tengan a su cargo menores, que ser\u00e1 de su exclusiva responsabilidad si alg\u00fan menor incorpora sus datos para solicitar alg\u00fan producto.<\/p>\n<p>Tambi\u00e9n les informa que existen programas inform\u00e1ticos para acotar la navegaci\u00f3n mediante el filtro o bloqueo a determinados contenidos.<\/p>\n<h5>Tratamiento derivado del uso de las redes sociales<\/h5>\n<p>Al seguir nuestro perfil en las redes sociales consiente expresamente el tratamiento de sus datos personales conforme a la pol\u00edtica de privacidad de la correspondiente red social. Igualmente, consiente expresamente el acceso del RESPONSABLE al tratamiento de sus datos contenidos en su perfil y que las noticias publicadas sobre cualquier producto del RESPONSABLE aparezcan en su muro. Su petici\u00f3n para conectar, implica necesariamente su consentimiento para los tratamientos se\u00f1alados, siendo esta la base legal del tratamiento. Los datos se conservar\u00e1n mientras el interesado no solicite su oposici\u00f3n o retire su consentimiento, pudiendo retirar este en cualquier momento.<\/p>\n<p>Los comentarios y contenidos publicados en las redes sociales se convertir\u00e1n en informaci\u00f3n p\u00fablica, por lo que los usuarios deber\u00e1n tener especial cautela cuando decidan compartir su informaci\u00f3n personal. El RESPONSABLE no se hace responsable por la informaci\u00f3n que los usuarios incorporen en la p\u00e1gina. No obstante, las personas cuyos datos personales se encuentren publicados o est\u00e9n incluidos en comentarios, podr\u00e1n solicitar al RESPONSABLE la cancelaci\u00f3n de los mismos.<\/p>\n<\/div><\/section><\/div><\/div><\/div><\/main><!-- close content main element --><\/div><\/div><div id='after_section_1'  class='main_color av_default_container_wrap container_wrap fullsize'  ><div class='container av-section-cont-open' ><div class='template-page content  av-content-full alpha units'><div class='post-entry post-entry-type-page post-entry-3'><div class='entry-content-wrapper clearfix'>\n<style type=\"text\/css\" data-created_by=\"avia_inline_auto\" id=\"style-css-av-js4m3uzc-3b95e141c935a497ce041d4226be618c\">\n#top .hr.hr-invisible.av-js4m3uzc-3b95e141c935a497ce041d4226be618c{\nheight:50px;\n}\n<\/style>\n<div  id=\"English\"  class='hr av-js4m3uzc-3b95e141c935a497ce041d4226be618c hr-invisible  avia-builder-el-5  el_after_av_section  avia-builder-el-no-sibling '><span class='hr-inner '><span class=\"hr-inner-style\"><\/span><\/span><\/div><\/p>\n","protected":false},"excerpt":{"rendered":"","protected":false},"author":3,"featured_media":0,"parent":0,"menu_order":0,"comment_status":"closed","ping_status":"open","template":"","meta":{"footnotes":""},"class_list":["post-3","page","type-page","status-publish","hentry"],"aioseo_notices":[],"_links":{"self":[{"href":"https:\/\/volcanoschool.org\/es\/wp-json\/wp\/v2\/pages\/3","targetHints":{"allow":["GET"]}}],"collection":[{"href":"https:\/\/volcanoschool.org\/es\/wp-json\/wp\/v2\/pages"}],"about":[{"href":"https:\/\/volcanoschool.org\/es\/wp-json\/wp\/v2\/types\/page"}],"author":[{"embeddable":true,"href":"https:\/\/volcanoschool.org\/es\/wp-json\/wp\/v2\/users\/3"}],"replies":[{"embeddable":true,"href":"https:\/\/volcanoschool.org\/es\/wp-json\/wp\/v2\/comments?post=3"}],"version-history":[{"count":6,"href":"https:\/\/volcanoschool.org\/es\/wp-json\/wp\/v2\/pages\/3\/revisions"}],"predecessor-version":[{"id":2058,"href":"https:\/\/volcanoschool.org\/es\/wp-json\/wp\/v2\/pages\/3\/revisions\/2058"}],"wp:attachment":[{"href":"https:\/\/volcanoschool.org\/es\/wp-json\/wp\/v2\/media?parent=3"}],"curies":[{"name":"wp","href":"https:\/\/api.w.org\/{rel}","templated":true}]}}