{"id":103,"date":"2021-05-03T06:50:10","date_gmt":"2021-05-03T06:50:10","guid":{"rendered":"https:\/\/volcanoschool.org\/?page_id=103"},"modified":"2021-05-16T17:18:56","modified_gmt":"2021-05-16T17:18:56","slug":"masterclass","status":"publish","type":"page","link":"https:\/\/volcanoschool.org\/es\/masterclass\/","title":{"rendered":"masterclass"},"content":{"rendered":"<div id='av_section_1'  class='avia-section av-ko88tmvc-9ecb5bb773c25a99de555e910950822b main_color avia-section-no-padding avia-no-border-styling  avia-builder-el-0  el_before_av_section  avia-builder-el-first  av-small-hide av-mini-hide avia-bg-style-scroll av-minimum-height av-minimum-height-100 av-height-100  container_wrap fullsize'   data-av_minimum_height_pc='100' data-av_min_height_opt='100'><div class='container av-section-cont-open' ><main  role=\"main\" itemprop=\"mainContentOfPage\"  class='template-page content  av-content-full alpha units'><div class='post-entry post-entry-type-page post-entry-103'><div class='entry-content-wrapper clearfix'>\n\n\n<\/div><\/div><\/main><!-- close content main element --><\/div><\/div><div id='av_section_2'  class='avia-section av-koo2w8uu-4484c4bd07967f8ec6fd5dff0801d29c main_color avia-section-no-padding avia-no-border-styling  avia-builder-el-2  el_after_av_section  el_before_av_section  av-desktop-hide av-medium-hide avia-bg-style-scroll container_wrap fullsize'  ><div class='container av-section-cont-open' ><div class='template-page content  av-content-full alpha units'><div class='post-entry post-entry-type-page post-entry-103'><div class='entry-content-wrapper clearfix'>\n\n\n<\/div><\/div><\/div><!-- close content main div --><\/div><\/div>\n<style type=\"text\/css\" data-created_by=\"avia_inline_auto\" id=\"style-css-av-av_section-3a07ee4db810783d0926b2630e3a323a\">\n.avia-section.av-av_section-3a07ee4db810783d0926b2630e3a323a{\nbackground-color:#c1ce2d;\nbackground-image:unset;\n}\n<\/style>\n<div id='av_section_3'  class='avia-section av-av_section-3a07ee4db810783d0926b2630e3a323a main_color avia-section-default avia-no-border-styling  avia-builder-el-4  el_after_av_section  avia-builder-el-last  cinta-roja-dona avia-bg-style-scroll container_wrap fullsize'  ><div class='container av-section-cont-open' ><div class='template-page content  av-content-full alpha units'><div class='post-entry post-entry-type-page post-entry-103'><div class='entry-content-wrapper clearfix'>\n<div class='flex_column_table av-av_one_third-83895f8fc3ada7fcebf1cd87d0954188 sc-av_one_third av-equal-height-column-flextable'>\n<style type=\"text\/css\" data-created_by=\"avia_inline_auto\" id=\"style-css-av-av_one_third-83895f8fc3ada7fcebf1cd87d0954188\">\n.flex_column.av-av_one_third-83895f8fc3ada7fcebf1cd87d0954188{\nborder-radius:0px 0px 0px 0px;\npadding:0px 0px 0px 0px;\n}\n<\/style>\n<div  class='flex_column av-av_one_third-83895f8fc3ada7fcebf1cd87d0954188 av_one_third  avia-builder-el-5  el_before_av_two_third  avia-builder-el-first  first flex_column_table_cell av-equal-height-column av-align-middle av-animated-generic fade-in av-zero-column-padding avia-link-column av-column-link  '    data-link-column-url=\"https:\/\/volcanoactive.shop\/producto\/la-tierra-y-los-volcanes\/\"  data-link-column-target=\"_blank\"   ><a class=\"av-screen-reader-only\" href=https:\/\/volcanoactive.shop\/producto\/la-tierra-y-los-volcanes\/  target=\"_blank\" >Follow a manual added link<\/a><style type=\"text\/css\" data-created_by=\"avia_inline_auto\" id=\"style-css-av-av_image-0c81eeee7fa5184dd46e7806bd2ac4fb\">\n.avia-image-container.av-av_image-0c81eeee7fa5184dd46e7806bd2ac4fb img.avia_image{\nbox-shadow:none;\n}\n.avia-image-container.av-av_image-0c81eeee7fa5184dd46e7806bd2ac4fb .av-image-caption-overlay-center{\ncolor:#ffffff;\n}\n<\/style>\n<div  class='avia-image-container av-av_image-0c81eeee7fa5184dd46e7806bd2ac4fb av-styling- avia-align-center  avia-builder-el-6  avia-builder-el-no-sibling '   itemprop=\"image\" itemscope=\"itemscope\" itemtype=\"https:\/\/schema.org\/ImageObject\" ><div class=\"avia-image-container-inner\"><div class=\"avia-image-overlay-wrap\"><img decoding=\"async\" fetchpriority=\"high\" class='wp-image-239 avia-img-lazy-loading-not-239 avia_image ' src=\"https:\/\/volcanoschool.org\/wp-content\/uploads\/2021\/05\/la-tierra-y-los-volcanes.png\" alt='' title='la-tierra-y-los-volcanes'  height=\"690\" width=\"465\"  itemprop=\"thumbnailUrl\" srcset=\"https:\/\/volcanoschool.org\/wp-content\/uploads\/2021\/05\/la-tierra-y-los-volcanes.png 465w, https:\/\/volcanoschool.org\/wp-content\/uploads\/2021\/05\/la-tierra-y-los-volcanes-202x300.png 202w\" sizes=\"(max-width: 465px) 100vw, 465px\" \/><\/div><\/div><\/div><\/div><div class='av-flex-placeholder'><\/div>\n<style type=\"text\/css\" data-created_by=\"avia_inline_auto\" id=\"style-css-av-av_two_third-f497c80d04ffe70302cb1fbd66eb92a6\">\n.flex_column.av-av_two_third-f497c80d04ffe70302cb1fbd66eb92a6{\nborder-radius:0px 0px 0px 0px;\npadding:0px 0px 0px 0px;\n}\n<\/style>\n<div  class='flex_column av-av_two_third-f497c80d04ffe70302cb1fbd66eb92a6 av_two_third  avia-builder-el-7  el_after_av_one_third  avia-builder-el-last  flex_column_table_cell av-equal-height-column av-align-middle av-animated-generic fade-in av-zero-column-padding avia-link-column av-column-link  '    data-link-column-url=\"https:\/\/volcanoactive.shop\/producto\/la-tierra-y-los-volcanes\/\"  data-link-column-target=\"_blank\"   ><a class=\"av-screen-reader-only\" href=https:\/\/volcanoactive.shop\/producto\/la-tierra-y-los-volcanes\/  target=\"_blank\" >Follow a manual added link<\/a><p>\n<style type=\"text\/css\" data-created_by=\"avia_inline_auto\" id=\"style-css-av-av_heading-af6aa03f02694c3b51545737cfb7d37b\">\n#top .av-special-heading.av-av_heading-af6aa03f02694c3b51545737cfb7d37b{\npadding-bottom:10px;\n}\nbody .av-special-heading.av-av_heading-af6aa03f02694c3b51545737cfb7d37b .av-special-heading-tag .heading-char{\nfont-size:25px;\n}\n.av-special-heading.av-av_heading-af6aa03f02694c3b51545737cfb7d37b .av-subheading{\nfont-size:15px;\n}\n<\/style>\n<div  class='av-special-heading av-av_heading-af6aa03f02694c3b51545737cfb7d37b av-special-heading-h2 blockquote modern-quote  avia-builder-el-8  el_before_av_textblock  avia-builder-el-first '><h2 class='av-special-heading-tag '  itemprop=\"headline\"  >NUESTRO LIBRO<\/h2><div class=\"special-heading-border\"><div class=\"special-heading-inner-border\"><\/div><\/div><\/div><br \/>\n\n<style type=\"text\/css\" data-created_by=\"avia_inline_auto\" id=\"style-css-av-av_textblock-e5242fa09247bb95ee960fd1f9f08cf2\">\n#top .av_textblock_section.av-av_textblock-e5242fa09247bb95ee960fd1f9f08cf2 .avia_textblock{\nfont-size:40px;\ncolor:#15255f;\n}\n<\/style>\n<section  class='av_textblock_section av-av_textblock-e5242fa09247bb95ee960fd1f9f08cf2 '   itemscope=\"itemscope\" itemtype=\"https:\/\/schema.org\/CreativeWork\" ><div class='av-small-hide av-mini-hide avia_textblock av_inherit_color'  itemprop=\"text\" ><p class=\"handwrite\" style=\"text-align: left; font-size: 1.7em; color: #2c3849;\">LA TIERRA Y LOS VOLCANES<span class=\"flecha-donativo\" style=\"color: #2c3849; font-size: 60px; font-weight: 900px; vertical-align: inherit;\">&gt;<\/span><\/p>\n<\/div><\/section><br \/>\n\n<style type=\"text\/css\" data-created_by=\"avia_inline_auto\" id=\"style-css-av-av_textblock-2f8d86d91788d4ab13b077f7d34186ac\">\n#top .av_textblock_section.av-av_textblock-2f8d86d91788d4ab13b077f7d34186ac .avia_textblock{\nfont-size:40px;\ncolor:#15255f;\n}\n<\/style>\n<section  class='av_textblock_section av-av_textblock-2f8d86d91788d4ab13b077f7d34186ac '   itemscope=\"itemscope\" itemtype=\"https:\/\/schema.org\/CreativeWork\" ><div class='av-desktop-hide av-medium-hide avia_textblock av_inherit_color'  itemprop=\"text\" ><p class=\"handwrite\" style=\"text-align: left; font-size: 1.4em; color: #2c3849;\">LA TIERRA Y LOS VOLCANES<\/p>\n<\/div><\/section><br \/>\n\n<style type=\"text\/css\" data-created_by=\"avia_inline_auto\" id=\"style-css-av-av_hr-c1c0de9fd8446016fc7e439d4634093c\">\n#top .hr.hr-invisible.av-av_hr-c1c0de9fd8446016fc7e439d4634093c{\nheight:20px;\n}\n<\/style>\n<div  class='hr av-av_hr-c1c0de9fd8446016fc7e439d4634093c hr-invisible  avia-builder-el-11  el_after_av_textblock  el_before_av_textblock '><span class='hr-inner '><span class=\"hr-inner-style\"><\/span><\/span><\/div><br \/>\n\n<style type=\"text\/css\" data-created_by=\"avia_inline_auto\" id=\"style-css-av-av_textblock-8d09e837ca2380e6bdc85d849f6641d9\">\n#top .av_textblock_section.av-av_textblock-8d09e837ca2380e6bdc85d849f6641d9 .avia_textblock{\ncolor:#ffffff;\n}\n<\/style>\n<section  class='av_textblock_section av-av_textblock-8d09e837ca2380e6bdc85d849f6641d9 '   itemscope=\"itemscope\" itemtype=\"https:\/\/schema.org\/CreativeWork\" ><div class='avia_textblock av_inherit_color'  itemprop=\"text\" ><p style=\"text-align: left;\">Un viaje directo al conocimiento del mundo volc\u00e1nico de la mano de Anne Fornier y Fernando Minguela de Volcano Active Foundation.<br \/>\n<em>\u00abCuando comenzamos a impartir la masterclass de Volcano School a ni\u00f1os de las escuelas de primaria, nos dimos cuenta de que todos los libros sobre volcanes eran fant\u00e1sticos, pero ninguno explicaba de manera directa y pensada para los m\u00e1s peque\u00f1os, desde su origen, sus partes, tipos de volcanes, peligros&#8230;\u00bb\u00a0<\/em><\/p>\n<p style=\"text-align: left;\">Educar a nuestros hijos en el Medio Ambiente, a trav\u00e9s del conocimiento del mundo volc\u00e1nico, es dar una oportunidad m\u00e1s al planeta y a su generaci\u00f3n. Comprando nuestro libro colaboras en su educaci\u00f3n y en la de miles de ni\u00f1os de todo el mundo.<\/p>\n<\/div><\/section><br \/>\n\n<style type=\"text\/css\" data-created_by=\"avia_inline_auto\" id=\"style-css-av-av_hr-c1c0de9fd8446016fc7e439d4634093c\">\n#top .hr.hr-invisible.av-av_hr-c1c0de9fd8446016fc7e439d4634093c{\nheight:20px;\n}\n<\/style>\n<div  class='hr av-av_hr-c1c0de9fd8446016fc7e439d4634093c hr-invisible  avia-builder-el-13  el_after_av_textblock  el_before_av_button '><span class='hr-inner '><span class=\"hr-inner-style\"><\/span><\/span><\/div><br \/>\n<div  class='avia-button-wrap av-av_button-2932787f7338d793978c15b7280a3477-wrap avia-button-right  avia-builder-el-14  el_after_av_hr  avia-builder-el-last  para'><a href=''  class='avia-button av-av_button-2932787f7338d793978c15b7280a3477 av-link-btn avia-icon_select-no avia-size-large avia-position-right avia-color-light'   aria-label=\"\u00a1 COMPRAR !\"><span class='avia_iconbox_title' >\u00a1 COMPRAR !<\/span><\/a><\/div><\/p><\/div><\/div><!--close column table wrapper. Autoclose: 1 -->\n\n","protected":false},"excerpt":{"rendered":"<p>Educar a nuestros hijos en el Medio Ambiente, a trav\u00e9s del conocimiento del mundo volc\u00e1nico, es dar una oportunidad m\u00e1s al planeta y a su generaci\u00f3n. Comprando nuestro libro colaboras en su educaci\u00f3n y en la de miles de ni\u00f1os de todo el mundo.<\/p>\n","protected":false},"author":3,"featured_media":996,"parent":0,"menu_order":0,"comment_status":"closed","ping_status":"closed","template":"","meta":{"footnotes":""},"class_list":["post-103","page","type-page","status-publish","has-post-thumbnail","hentry"],"aioseo_notices":[],"_links":{"self":[{"href":"https:\/\/volcanoschool.org\/es\/wp-json\/wp\/v2\/pages\/103","targetHints":{"allow":["GET"]}}],"collection":[{"href":"https:\/\/volcanoschool.org\/es\/wp-json\/wp\/v2\/pages"}],"about":[{"href":"https:\/\/volcanoschool.org\/es\/wp-json\/wp\/v2\/types\/page"}],"author":[{"embeddable":true,"href":"https:\/\/volcanoschool.org\/es\/wp-json\/wp\/v2\/users\/3"}],"replies":[{"embeddable":true,"href":"https:\/\/volcanoschool.org\/es\/wp-json\/wp\/v2\/comments?post=103"}],"version-history":[{"count":6,"href":"https:\/\/volcanoschool.org\/es\/wp-json\/wp\/v2\/pages\/103\/revisions"}],"predecessor-version":[{"id":1820,"href":"https:\/\/volcanoschool.org\/es\/wp-json\/wp\/v2\/pages\/103\/revisions\/1820"}],"wp:featuredmedia":[{"embeddable":true,"href":"https:\/\/volcanoschool.org\/es\/wp-json\/wp\/v2\/media\/996"}],"wp:attachment":[{"href":"https:\/\/volcanoschool.org\/es\/wp-json\/wp\/v2\/media?parent=103"}],"curies":[{"name":"wp","href":"https:\/\/api.w.org\/{rel}","templated":true}]}}