{"id":1020,"date":"2021-05-12T16:23:47","date_gmt":"2021-05-12T16:23:47","guid":{"rendered":"https:\/\/volcanoschool.org\/?page_id=1020"},"modified":"2021-05-26T15:55:06","modified_gmt":"2021-05-26T15:55:06","slug":"contacto","status":"publish","type":"page","link":"https:\/\/volcanoschool.org\/es\/contacto\/","title":{"rendered":"CONTACTO"},"content":{"rendered":"\n<style type=\"text\/css\" data-created_by=\"avia_inline_auto\" id=\"style-css-av-koffb3gt-62152405f32e3c34ce58dc9ef46cb0aa\">\n.avia-section.av-koffb3gt-62152405f32e3c34ce58dc9ef46cb0aa{\nbackground-repeat:no-repeat;\nbackground-image:url(https:\/\/volcanoschool.org\/wp-content\/uploads\/2021\/04\/volcanoschool-fondo-estrellas-scaled.jpg);\nbackground-position:50% 50%;\nbackground-attachment:fixed;\n}\n<\/style>\n<div id='av_section_1'  class='avia-section av-koffb3gt-62152405f32e3c34ce58dc9ef46cb0aa main_color avia-section-large avia-no-border-styling  avia-builder-el-0  el_before_av_section  avia-builder-el-first  avia-full-stretch avia-bg-style-fixed av-minimum-height av-minimum-height-50 av-height-50  container_wrap fullsize'  data-section-bg-repeat='stretch' data-av_minimum_height_pc='50' data-av_min_height_opt='50'><div class='container av-section-cont-open' ><main  role=\"main\" itemprop=\"mainContentOfPage\"  class='template-page content  av-content-full alpha units'><div class='post-entry post-entry-type-page post-entry-1020'><div class='entry-content-wrapper clearfix'>\n\n<style type=\"text\/css\" data-created_by=\"avia_inline_auto\" id=\"style-css-av-1atcn-3a4a2ad69a52e40f0c1048e6eef82943\">\n.flex_column.av-1atcn-3a4a2ad69a52e40f0c1048e6eef82943{\nborder-radius:0px 0px 0px 0px;\npadding:0px 0px 0px 0px;\n}\n<\/style>\n<div  class='flex_column av-1atcn-3a4a2ad69a52e40f0c1048e6eef82943 av_one_fourth  avia-builder-el-1  el_before_av_one_fifth  avia-builder-el-first  first flex_column_div av-zero-column-padding  '     ><p>\n<style type=\"text\/css\" data-created_by=\"avia_inline_auto\" id=\"style-css-av-kogwx386-5c94fa8858738d574c56ec16f3ada805\">\n#top .av-special-heading.av-kogwx386-5c94fa8858738d574c56ec16f3ada805{\npadding-bottom:10px;\n}\nbody .av-special-heading.av-kogwx386-5c94fa8858738d574c56ec16f3ada805 .av-special-heading-tag .heading-char{\nfont-size:25px;\n}\n.av-special-heading.av-kogwx386-5c94fa8858738d574c56ec16f3ada805 .av-subheading{\nfont-size:15px;\n}\n<\/style>\n<div  class='av-special-heading av-kogwx386-5c94fa8858738d574c56ec16f3ada805 av-special-heading-h2 blockquote modern-quote modern-centered  avia-builder-el-2  el_before_av_image  avia-builder-el-first '><h2 class='av-special-heading-tag '  itemprop=\"headline\"  >CONTACTA CON<\/h2><div class=\"special-heading-border\"><div class=\"special-heading-inner-border\"><\/div><\/div><\/div><br \/>\n\n<style type=\"text\/css\" data-created_by=\"avia_inline_auto\" id=\"style-css-av-kogwvnok-158f2b34554b0e1fadaedba586c577a5\">\n.avia-image-container.av-kogwvnok-158f2b34554b0e1fadaedba586c577a5 img.avia_image{\nbox-shadow:none;\n}\n.avia-image-container.av-kogwvnok-158f2b34554b0e1fadaedba586c577a5 .av-image-caption-overlay-center{\ncolor:#ffffff;\n}\n<\/style>\n<div  class='avia-image-container av-kogwvnok-158f2b34554b0e1fadaedba586c577a5 av-styling- avia-align-center  avia-builder-el-3  el_after_av_heading  el_before_av_heading  logo-titular'   itemprop=\"image\" itemscope=\"itemscope\" itemtype=\"https:\/\/schema.org\/ImageObject\" ><div class=\"avia-image-container-inner\"><div class=\"avia-image-overlay-wrap\"><img decoding=\"async\" fetchpriority=\"high\" class='wp-image-25 avia-img-lazy-loading-not-25 avia_image ' src=\"https:\/\/volcanoschool.org\/wp-content\/uploads\/2021\/04\/logo_volcano_school.png\" alt='' title='logo_volcano_school'  height=\"291\" width=\"600\"  itemprop=\"thumbnailUrl\" srcset=\"https:\/\/volcanoschool.org\/wp-content\/uploads\/2021\/04\/logo_volcano_school.png 600w, https:\/\/volcanoschool.org\/wp-content\/uploads\/2021\/04\/logo_volcano_school-300x146.png 300w\" sizes=\"(max-width: 600px) 100vw, 600px\" \/><\/div><\/div><\/div><br \/>\n\n<style type=\"text\/css\" data-created_by=\"avia_inline_auto\" id=\"style-css-av-16bgv-3b33da07b0be4e2761cb45bd41c45b5d\">\n#top .av-special-heading.av-16bgv-3b33da07b0be4e2761cb45bd41c45b5d{\npadding-bottom:10px;\n}\nbody .av-special-heading.av-16bgv-3b33da07b0be4e2761cb45bd41c45b5d .av-special-heading-tag .heading-char{\nfont-size:25px;\n}\n.av-special-heading.av-16bgv-3b33da07b0be4e2761cb45bd41c45b5d .av-subheading{\nfont-size:15px;\n}\n<\/style>\n<div  class='av-special-heading av-16bgv-3b33da07b0be4e2761cb45bd41c45b5d av-special-heading-h1 blockquote modern-quote modern-centered  avia-builder-el-4  el_after_av_image  el_before_av_hr '><h1 class='av-special-heading-tag '  itemprop=\"headline\"  >La escuela medioambiental de<br \/>\nVolcano Active Foundation.<\/h1><div class=\"special-heading-border\"><div class=\"special-heading-inner-border\"><\/div><\/div><\/div><br \/>\n\n<style type=\"text\/css\" data-created_by=\"avia_inline_auto\" id=\"style-css-av-koia9b5p-29ea9998df048b66b78daadb9675d284\">\n#top .hr.hr-invisible.av-koia9b5p-29ea9998df048b66b78daadb9675d284{\nheight:20px;\n}\n<\/style>\n<div  class='hr av-koia9b5p-29ea9998df048b66b78daadb9675d284 hr-invisible  avia-builder-el-5  el_after_av_heading  el_before_av_image '><span class='hr-inner '><span class=\"hr-inner-style\"><\/span><\/span><\/div><br \/>\n\n<style type=\"text\/css\" data-created_by=\"avia_inline_auto\" id=\"style-css-av-kogwuati-5e7f63ab7814a20001753e96159229da\">\n.avia-image-container.av-kogwuati-5e7f63ab7814a20001753e96159229da img.avia_image{\nbox-shadow:none;\n}\n.avia-image-container.av-kogwuati-5e7f63ab7814a20001753e96159229da .av-image-caption-overlay-center{\ncolor:#ffffff;\n}\n<\/style>\n<div  class='avia-image-container av-kogwuati-5e7f63ab7814a20001753e96159229da av-styling- avia-align-center  avia-builder-el-6  el_after_av_hr  avia-builder-el-last '   itemprop=\"image\" itemscope=\"itemscope\" itemtype=\"https:\/\/schema.org\/ImageObject\" ><div class=\"avia-image-container-inner\"><div class=\"avia-image-overlay-wrap\"><img decoding=\"async\" fetchpriority=\"high\" class='wp-image-106 avia-img-lazy-loading-not-106 avia_image ' src=\"https:\/\/volcanoschool.org\/wp-content\/uploads\/2021\/05\/volcano-school-la-tierra.png\" alt='' title='volcano-school-la-tierra'  height=\"1557\" width=\"1781\"  itemprop=\"thumbnailUrl\" srcset=\"https:\/\/volcanoschool.org\/wp-content\/uploads\/2021\/05\/volcano-school-la-tierra.png 1781w, https:\/\/volcanoschool.org\/wp-content\/uploads\/2021\/05\/volcano-school-la-tierra-300x262.png 300w, https:\/\/volcanoschool.org\/wp-content\/uploads\/2021\/05\/volcano-school-la-tierra-1030x900.png 1030w, https:\/\/volcanoschool.org\/wp-content\/uploads\/2021\/05\/volcano-school-la-tierra-768x671.png 768w, https:\/\/volcanoschool.org\/wp-content\/uploads\/2021\/05\/volcano-school-la-tierra-1536x1343.png 1536w, https:\/\/volcanoschool.org\/wp-content\/uploads\/2021\/05\/volcano-school-la-tierra-1500x1311.png 1500w, https:\/\/volcanoschool.org\/wp-content\/uploads\/2021\/05\/volcano-school-la-tierra-705x616.png 705w\" sizes=\"(max-width: 1781px) 100vw, 1781px\" \/><\/div><\/div><\/div><\/p><\/div>\n<style type=\"text\/css\" data-created_by=\"avia_inline_auto\" id=\"style-css-av-egc8cs-0b26dc6809e8ea316ee1f7f407032e97\">\n.flex_column.av-egc8cs-0b26dc6809e8ea316ee1f7f407032e97{\nborder-radius:0px 0px 0px 0px;\npadding:0px 0px 0px 5px;\n}\n<\/style>\n<div  class='flex_column av-egc8cs-0b26dc6809e8ea316ee1f7f407032e97 av_one_fifth  avia-builder-el-7  el_after_av_one_fourth  el_before_av_one_half  flex_column_div  '     ><\/div>\n<style type=\"text\/css\" data-created_by=\"avia_inline_auto\" id=\"style-css-av-1s46x8-a7e2970baf98c7a2d32ba51f62e8fb27\">\n.flex_column.av-1s46x8-a7e2970baf98c7a2d32ba51f62e8fb27{\nborder-radius:0px 0px 0px 0px;\npadding:0px 0px 0px 5px;\n}\n<\/style>\n<div  class='flex_column av-1s46x8-a7e2970baf98c7a2d32ba51f62e8fb27 av_one_half  avia-builder-el-8  el_after_av_one_fifth  avia-builder-el-last  flex_column_div  '     ><p>\n<style type=\"text\/css\" data-created_by=\"avia_inline_auto\" id=\"style-css-av-fe5nik-525af2265110cfdcf77bdcc379c844d1\">\n#top .av-special-heading.av-fe5nik-525af2265110cfdcf77bdcc379c844d1{\npadding-bottom:10px;\ncolor:#ffffff;\n}\nbody .av-special-heading.av-fe5nik-525af2265110cfdcf77bdcc379c844d1 .av-special-heading-tag .heading-char{\nfont-size:25px;\n}\n.av-special-heading.av-fe5nik-525af2265110cfdcf77bdcc379c844d1 .special-heading-inner-border{\nborder-color:#ffffff;\n}\n.av-special-heading.av-fe5nik-525af2265110cfdcf77bdcc379c844d1 .av-subheading{\nfont-size:15px;\n}\n<\/style>\n<div  class='av-special-heading av-fe5nik-525af2265110cfdcf77bdcc379c844d1 av-special-heading-h2 custom-color-heading blockquote modern-quote modern-centered  avia-builder-el-9  el_before_av_textblock  avia-builder-el-first '><h2 class='av-special-heading-tag '  itemprop=\"headline\"  >\u00bfTe gustar\u00eda que la masterclass de Volcano School en tu cole?\u00bfTienes dudas sobre los volcanes?\u00bfQuieres saber m\u00e1s?<\/h2><div class=\"special-heading-border\"><div class=\"special-heading-inner-border\"><\/div><\/div><\/div><br \/>\n<section  class='av_textblock_section av-dxaczw-5d906306cd3875cc61fb62f54589a778 '   itemscope=\"itemscope\" itemtype=\"https:\/\/schema.org\/CreativeWork\" ><div class='avia_textblock'  itemprop=\"text\" ><p style=\"text-align: center;\">Ponte en contacto con nosotros a trav\u00e9s de este formulario, escr\u00edbenos a contact@volcanofoundation.org\u00a0o ven a vernos a VOLCANO ACTIVE SHOP, en Travessera de Gracia 108. Barcelona.<\/p>\n<\/div><\/section><br \/>\n<form action=\"https:\/\/volcanoschool.org\/es\/contacto\/\" method=\"post\" data-fields-with-error=\"Found errors in the following field(s):\" class=\"avia_ajax_form av-form-labels-hidden   avia-builder-el-11  el_after_av_textblock  avia-builder-el-last  av-custom-form-color av-light-form \" data-avia-form-id=\"1\" data-avia-redirect='' ><fieldset><p class='  first_form  form_element form_element_half' id='element_avia_1_1'><label for=\"avia_1_1\">TU NOMBRE <abbr class=\"required\" title=\"requerido\">*<\/abbr><\/label> <input name=\"avia_1_1\" class=\"text_input is_empty\" type=\"text\" id=\"avia_1_1\" value=\"\"  placeholder='TU NOMBRE*'\/><\/p><p class='  form_element form_element_half' id='element_avia_2_1'><label for=\"avia_2_1\">EMAIL DE CONTACTO <abbr class=\"required\" title=\"requerido\">*<\/abbr><\/label> <input name=\"avia_2_1\" class=\"text_input is_email\" type=\"text\" id=\"avia_2_1\" value=\"\"  placeholder='EMAIL DE CONTACTO*'\/><\/p><p class='  first_form  form_element form_element_third' id='element_avia_3_1'><label for=\"avia_3_1\">COLEGIO <abbr class=\"required\" title=\"requerido\">*<\/abbr><\/label> <input name=\"avia_3_1\" class=\"text_input is_empty\" type=\"text\" id=\"avia_3_1\" value=\"\"  placeholder='COLEGIO*'\/><\/p><p class='  form_element form_element_third' id='element_avia_4_1'><label for=\"avia_4_1\">CURSO <abbr class=\"required\" title=\"requerido\">*<\/abbr><\/label> <input name=\"avia_4_1\" class=\"text_input is_empty\" type=\"text\" id=\"avia_4_1\" value=\"\"  placeholder='CURSO*'\/><\/p><p class='  form_element form_element_third' id='element_avia_5_1'><label for=\"avia_5_1\">CUIDAD <abbr class=\"required\" title=\"requerido\">*<\/abbr><\/label> <input name=\"avia_5_1\" class=\"text_input is_empty\" type=\"text\" id=\"avia_5_1\" value=\"\"  placeholder='CUIDAD*'\/><\/p><p class='  first_form  form_element form_fullwidth' id='element_avia_6_1'><label for=\"avia_6_1\" class=\"textare_label hidden textare_label_avia_6_1\">MENSAJE<\/label><textarea  placeholder='MENSAJE' name=\"avia_6_1\" class=\"text_area \" cols=\"40\" rows=\"7\" id=\"avia_6_1\" ><\/textarea><\/p><p class=\"hidden\"><input type=\"text\" name=\"avia_7_1\" class=\"hidden \" id=\"avia_7_1\" value=\"\" \/><\/p><p class='   form_element form_fullwidth' id='element_avia_8_1'><span class='value_verifier_label'>2 + 5 = ?<\/span><input name=\"avia_8_1_verifier\" type=\"hidden\" id=\"avia_8_1_verifier\" value=\"134247375\"\/><label for=\"avia_8_1\">Para mayor seguridad, responde la siguiente pregunta <abbr class=\"required\" title=\"requerido\">*<\/abbr><\/label><input name=\"avia_8_1\" class=\"text_input captcha\" type=\"text\" id=\"avia_8_1\" value=\"\"\/><\/p><p class=\"form_element \"><input type=\"hidden\" value=\"1\" name=\"avia_generated_form1\" \/><input type=\"submit\" value=\"Enviar\" class=\"button\"  data-sending-label=\"Enviando\"\/><\/p><\/fieldset><\/form><div id=\"ajaxresponse_1\" class=\"ajaxresponse ajaxresponse_1 hidden\"><\/div><\/p><\/div><\/div><\/div><\/main><!-- close content main element --><\/div><\/div>\n<style type=\"text\/css\" data-created_by=\"avia_inline_auto\" id=\"style-css-av-jtpji9bn-aed0224483a7d2096c70ef170bd3d0ca\">\n.avia-section.av-jtpji9bn-aed0224483a7d2096c70ef170bd3d0ca{\nbackground-color:#c1ce2d;\nbackground-image:unset;\n}\n<\/style>\n<div id='av_section_2'  class='avia-section av-jtpji9bn-aed0224483a7d2096c70ef170bd3d0ca main_color avia-section-default avia-no-border-styling  avia-builder-el-12  el_after_av_section  el_before_av_section  cinta-roja-dona avia-bg-style-scroll container_wrap fullsize'  ><div class='container av-section-cont-open' ><div class='template-page content  av-content-full alpha units'><div class='post-entry post-entry-type-page post-entry-1020'><div class='entry-content-wrapper clearfix'>\n<div class='flex_column_table av-4nozjm-8d6c2f478602b271a17c75e551950969 sc-av_one_third av-equal-height-column-flextable'>\n<style type=\"text\/css\" data-created_by=\"avia_inline_auto\" id=\"style-css-av-4nozjm-8d6c2f478602b271a17c75e551950969\">\n.flex_column.av-4nozjm-8d6c2f478602b271a17c75e551950969{\nborder-radius:0px 0px 0px 0px;\npadding:0px 0px 0px 0px;\n}\n<\/style>\n<div  class='flex_column av-4nozjm-8d6c2f478602b271a17c75e551950969 av_one_third  avia-builder-el-13  el_before_av_two_third  avia-builder-el-first  first flex_column_table_cell av-equal-height-column av-align-middle av-animated-generic fade-in av-zero-column-padding avia-link-column av-column-link  '    data-link-column-url=\"https:\/\/volcanoactive.shop\/producto\/la-tierra-y-los-volcanes\/\"  data-link-column-target=\"_blank\"   ><a class=\"av-screen-reader-only\" href=https:\/\/volcanoactive.shop\/producto\/la-tierra-y-los-volcanes\/  target=\"_blank\" >Follow a manual added link<\/a><style type=\"text\/css\" data-created_by=\"avia_inline_auto\" id=\"style-css-av-koicjiwd-3b185736f3ab046160b32408432dc517\">\n.avia-image-container.av-koicjiwd-3b185736f3ab046160b32408432dc517 img.avia_image{\nbox-shadow:none;\n}\n.avia-image-container.av-koicjiwd-3b185736f3ab046160b32408432dc517 .av-image-caption-overlay-center{\ncolor:#ffffff;\n}\n<\/style>\n<div  class='avia-image-container av-koicjiwd-3b185736f3ab046160b32408432dc517 av-styling- avia-align-center  avia-builder-el-14  avia-builder-el-no-sibling '   itemprop=\"image\" itemscope=\"itemscope\" itemtype=\"https:\/\/schema.org\/ImageObject\" ><div class=\"avia-image-container-inner\"><div class=\"avia-image-overlay-wrap\"><img decoding=\"async\" fetchpriority=\"high\" class='wp-image-239 avia-img-lazy-loading-not-239 avia_image ' src=\"https:\/\/volcanoschool.org\/wp-content\/uploads\/2021\/05\/la-tierra-y-los-volcanes.png\" alt='' title='la-tierra-y-los-volcanes'  height=\"690\" width=\"465\"  itemprop=\"thumbnailUrl\" srcset=\"https:\/\/volcanoschool.org\/wp-content\/uploads\/2021\/05\/la-tierra-y-los-volcanes.png 465w, https:\/\/volcanoschool.org\/wp-content\/uploads\/2021\/05\/la-tierra-y-los-volcanes-202x300.png 202w\" sizes=\"(max-width: 465px) 100vw, 465px\" \/><\/div><\/div><\/div><\/div><div class='av-flex-placeholder'><\/div>\n<style type=\"text\/css\" data-created_by=\"avia_inline_auto\" id=\"style-css-av-5dvf0i-6207a9e15ed36dc2bd4862296c95ff87\">\n.flex_column.av-5dvf0i-6207a9e15ed36dc2bd4862296c95ff87{\nborder-radius:0px 0px 0px 0px;\npadding:0px 0px 0px 0px;\n}\n<\/style>\n<div  class='flex_column av-5dvf0i-6207a9e15ed36dc2bd4862296c95ff87 av_two_third  avia-builder-el-15  el_after_av_one_third  avia-builder-el-last  flex_column_table_cell av-equal-height-column av-align-middle av-animated-generic fade-in av-zero-column-padding avia-link-column av-column-link  '    data-link-column-url=\"https:\/\/volcanoactive.shop\/producto\/la-tierra-y-los-volcanes\/\"  data-link-column-target=\"_blank\"   ><a class=\"av-screen-reader-only\" href=https:\/\/volcanoactive.shop\/producto\/la-tierra-y-los-volcanes\/  target=\"_blank\" >Follow a manual added link<\/a><p>\n<style type=\"text\/css\" data-created_by=\"avia_inline_auto\" id=\"style-css-av-koidbkvi-8d853c0834dc77dfcfc491055cb3d6c1\">\n#top .av-special-heading.av-koidbkvi-8d853c0834dc77dfcfc491055cb3d6c1{\npadding-bottom:10px;\n}\nbody .av-special-heading.av-koidbkvi-8d853c0834dc77dfcfc491055cb3d6c1 .av-special-heading-tag .heading-char{\nfont-size:25px;\n}\n.av-special-heading.av-koidbkvi-8d853c0834dc77dfcfc491055cb3d6c1 .av-subheading{\nfont-size:15px;\n}\n<\/style>\n<div  class='av-special-heading av-koidbkvi-8d853c0834dc77dfcfc491055cb3d6c1 av-special-heading-h2 blockquote modern-quote  avia-builder-el-16  el_before_av_textblock  avia-builder-el-first '><h2 class='av-special-heading-tag '  itemprop=\"headline\"  >NUESTRO LIBRO<\/h2><div class=\"special-heading-border\"><div class=\"special-heading-inner-border\"><\/div><\/div><\/div><br \/>\n\n<style type=\"text\/css\" data-created_by=\"avia_inline_auto\" id=\"style-css-av-jqp4rkna-b45d12817ed92b7be3e23d763d778257\">\n#top .av_textblock_section.av-jqp4rkna-b45d12817ed92b7be3e23d763d778257 .avia_textblock{\nfont-size:40px;\ncolor:#15255f;\n}\n<\/style>\n<section  class='av_textblock_section av-jqp4rkna-b45d12817ed92b7be3e23d763d778257 '   itemscope=\"itemscope\" itemtype=\"https:\/\/schema.org\/CreativeWork\" ><div class='avia_textblock av_inherit_color'  itemprop=\"text\" ><p class=\"handwrite\" style=\"text-align: center; font-size: 1.7em; color: #2c3849;\">LA TIERRA Y LOS VOLCANES<span class=\"flecha-donativo\" style=\"color: #2c3849; font-size: 60px; font-weight: 900px; vertical-align: inherit;\">&gt;<\/span><\/p>\n<\/div><\/section><br \/>\n\n<style type=\"text\/css\" data-created_by=\"avia_inline_auto\" id=\"style-css-av-jq6f4xlz-a064c49010f1acdcec548d76b67b0746\">\n#top .hr.hr-invisible.av-jq6f4xlz-a064c49010f1acdcec548d76b67b0746{\nheight:20px;\n}\n<\/style>\n<div  class='hr av-jq6f4xlz-a064c49010f1acdcec548d76b67b0746 hr-invisible  avia-builder-el-18  el_after_av_textblock  el_before_av_textblock '><span class='hr-inner '><span class=\"hr-inner-style\"><\/span><\/span><\/div><br \/>\n\n<style type=\"text\/css\" data-created_by=\"avia_inline_auto\" id=\"style-css-av-jtpmddsb-a7ec7dd0797f0f057dbce917de26e3db\">\n#top .av_textblock_section.av-jtpmddsb-a7ec7dd0797f0f057dbce917de26e3db .avia_textblock{\ncolor:#ffffff;\n}\n<\/style>\n<section  class='av_textblock_section av-jtpmddsb-a7ec7dd0797f0f057dbce917de26e3db '   itemscope=\"itemscope\" itemtype=\"https:\/\/schema.org\/CreativeWork\" ><div class='avia_textblock av_inherit_color'  itemprop=\"text\" ><p style=\"text-align: left;\">Un viaje directo al conocimiento del mundo volc\u00e1nico de la mano de Anne Fornier y Fernando Minguela de Volcano Active Foundation.<br \/>\n<em>\u00abCuando comenzamos a impartir la masterclass de Volcano School a ni\u00f1os de las escuelas de primaria, nos dimos cuenta de que todos los libros sobre volcanes eran fant\u00e1sticos, pero ninguno explicaba de manera directa y pensada para los m\u00e1s peque\u00f1os, desde su origen, sus partes, tipos de volcanes, peligros&#8230;\u00bb\u00a0<\/em><\/p>\n<p style=\"text-align: left;\">Educar a nuestros hijos en el Medio Ambiente, a trav\u00e9s del conocimiento del mundo volc\u00e1nico, es dar una oportunidad m\u00e1s al planeta y a su generaci\u00f3n. Comprando nuestro libro colaboras en su educaci\u00f3n y en la de miles de ni\u00f1os de todo el mundo.<\/p>\n<\/div><\/section><br \/>\n\n<style type=\"text\/css\" data-created_by=\"avia_inline_auto\" id=\"style-css-av-qxj7-530d76fc015d489d4140e11be8d5c6bf\">\n#top .hr.hr-invisible.av-qxj7-530d76fc015d489d4140e11be8d5c6bf{\nheight:20px;\n}\n<\/style>\n<div  class='hr av-qxj7-530d76fc015d489d4140e11be8d5c6bf hr-invisible  avia-builder-el-20  el_after_av_textblock  el_before_av_button '><span class='hr-inner '><span class=\"hr-inner-style\"><\/span><\/span><\/div><br \/>\n<div  class='avia-button-wrap av-koidc647-fd5e5dc9c5789cf6334db28093cd0d4c-wrap avia-button-right  avia-builder-el-21  el_after_av_hr  avia-builder-el-last  para'><a href=''  class='avia-button av-koidc647-fd5e5dc9c5789cf6334db28093cd0d4c av-link-btn avia-icon_select-no avia-size-large avia-position-right avia-color-light'   aria-label=\"\u00a1 COMPRAR !\"><span class='avia_iconbox_title' >\u00a1 COMPRAR !<\/span><\/a><\/div><\/p><\/div><\/div><!--close column table wrapper. Autoclose: 1 -->\n<\/p>\n<\/div><\/div><\/div><!-- close content main div --><\/div><\/div>\n<style type=\"text\/css\" data-created_by=\"avia_inline_auto\" id=\"style-css-av-8nc9n-78521be0e969dbb273dbb48456b9d1b3\">\n.avia-section.av-8nc9n-78521be0e969dbb273dbb48456b9d1b3{\nbackground-repeat:no-repeat;\nbackground-image:url(https:\/\/volcanoschool.org\/wp-content\/uploads\/2021\/04\/volcanoschool-fondo-estrellas-scaled.jpg);\nbackground-position:50% 50%;\nbackground-attachment:fixed;\n}\n<\/style>\n<div id='av_section_3'  class='avia-section av-8nc9n-78521be0e969dbb273dbb48456b9d1b3 main_color avia-section-no-padding avia-no-border-styling  avia-builder-el-22  el_after_av_section  avia-builder-el-last  avia-full-stretch avia-bg-style-fixed container_wrap fullsize'  data-section-bg-repeat='stretch'><div class='container av-section-cont-open' ><div class='template-page content  av-content-full alpha units'><div class='post-entry post-entry-type-page post-entry-1020'><div class='entry-content-wrapper clearfix'>\n","protected":false},"excerpt":{"rendered":"","protected":false},"author":3,"featured_media":993,"parent":0,"menu_order":0,"comment_status":"closed","ping_status":"closed","template":"","meta":{"footnotes":""},"class_list":["post-1020","page","type-page","status-publish","has-post-thumbnail","hentry"],"aioseo_notices":[],"_links":{"self":[{"href":"https:\/\/volcanoschool.org\/es\/wp-json\/wp\/v2\/pages\/1020","targetHints":{"allow":["GET"]}}],"collection":[{"href":"https:\/\/volcanoschool.org\/es\/wp-json\/wp\/v2\/pages"}],"about":[{"href":"https:\/\/volcanoschool.org\/es\/wp-json\/wp\/v2\/types\/page"}],"author":[{"embeddable":true,"href":"https:\/\/volcanoschool.org\/es\/wp-json\/wp\/v2\/users\/3"}],"replies":[{"embeddable":true,"href":"https:\/\/volcanoschool.org\/es\/wp-json\/wp\/v2\/comments?post=1020"}],"version-history":[{"count":7,"href":"https:\/\/volcanoschool.org\/es\/wp-json\/wp\/v2\/pages\/1020\/revisions"}],"predecessor-version":[{"id":1927,"href":"https:\/\/volcanoschool.org\/es\/wp-json\/wp\/v2\/pages\/1020\/revisions\/1927"}],"wp:featuredmedia":[{"embeddable":true,"href":"https:\/\/volcanoschool.org\/es\/wp-json\/wp\/v2\/media\/993"}],"wp:attachment":[{"href":"https:\/\/volcanoschool.org\/es\/wp-json\/wp\/v2\/media?parent=1020"}],"curies":[{"name":"wp","href":"https:\/\/api.w.org\/{rel}","templated":true}]}}