{"id":1010,"date":"2021-05-12T16:05:19","date_gmt":"2021-05-12T16:05:19","guid":{"rendered":"https:\/\/volcanoschool.org\/?page_id=1010"},"modified":"2021-06-03T06:45:05","modified_gmt":"2021-06-03T06:45:05","slug":"politica-de-cookies","status":"publish","type":"page","link":"https:\/\/volcanoschool.org\/es\/politica-de-cookies\/","title":{"rendered":"POL\u00cdTICA DE COOKIES"},"content":{"rendered":"<div id='av_section_1'  class='avia-section av-av_section-46ce1733c35ae24b9d75b0cc88a8631c main_color avia-section-default avia-no-border-styling  avia-builder-el-0  avia-builder-el-no-sibling  avia-bg-style-scroll container_wrap fullsize'  ><div class='container av-section-cont-open' ><main  role=\"main\" itemprop=\"mainContentOfPage\"  class='template-page content  av-content-full alpha units'><div class='post-entry post-entry-type-page post-entry-1010'><div class='entry-content-wrapper clearfix'>\n\n<style type=\"text\/css\" data-created_by=\"avia_inline_auto\" id=\"style-css-av-g98ue-9f3cf2945e90ce221832bb5dcbe64623\">\n.flex_column.av-g98ue-9f3cf2945e90ce221832bb5dcbe64623{\nborder-radius:0px 0px 0px 0px;\npadding:0px 0px 0px 0px;\n}\n<\/style>\n<div  class='flex_column av-g98ue-9f3cf2945e90ce221832bb5dcbe64623 av_one_fifth  avia-builder-el-1  el_before_av_four_fifth  avia-builder-el-first  first flex_column_div av-zero-column-padding  '     ><style type=\"text\/css\" data-created_by=\"avia_inline_auto\" id=\"style-css-av-k9oannmy-70f0d3aee519d28dea358d191cbcaee2\">\n#top .av-special-heading.av-k9oannmy-70f0d3aee519d28dea358d191cbcaee2{\npadding-bottom:10px;\n}\nbody .av-special-heading.av-k9oannmy-70f0d3aee519d28dea358d191cbcaee2 .av-special-heading-tag .heading-char{\nfont-size:25px;\n}\n.av-special-heading.av-k9oannmy-70f0d3aee519d28dea358d191cbcaee2 .av-subheading{\nfont-size:15px;\n}\n<\/style>\n<div  class='av-special-heading av-k9oannmy-70f0d3aee519d28dea358d191cbcaee2 av-special-heading-h1 blockquote modern-quote  avia-builder-el-2  avia-builder-el-no-sibling  av-linked-heading'><h1 class='av-special-heading-tag '  itemprop=\"headline\"  >POLITICA DE COOKIES<\/h1><div class=\"special-heading-border\"><div class=\"special-heading-inner-border\"><\/div><\/div><\/div><\/div>\n<style type=\"text\/css\" data-created_by=\"avia_inline_auto\" id=\"style-css-av-104bq-72c960c03c5cd8d3735ee28eea5b3423\">\n.flex_column.av-104bq-72c960c03c5cd8d3735ee28eea5b3423{\nborder-radius:0px 0px 0px 0px;\npadding:0px 0px 0px 0px;\n}\n<\/style>\n<div  class='flex_column av-104bq-72c960c03c5cd8d3735ee28eea5b3423 av_four_fifth  avia-builder-el-3  el_after_av_one_fifth  avia-builder-el-last  flex_column_div av-zero-column-padding  '     ><section  class='av_textblock_section av-joisq06q-d3a03da2086628b536c6487d7241217d '   itemscope=\"itemscope\" itemtype=\"https:\/\/schema.org\/CreativeWork\" ><div class='avia_textblock'  itemprop=\"text\" ><h5>DEFINICI\u00d3N Y FUNCI\u00d3N DE LAS COOKIES<\/h5>\n<p>Una cookie es un fichero que se descarga en su ordenador al acceder a determinadas p\u00e1ginas web. Las cookies permiten a una p\u00e1gina web, entre otras cosas, almacenar y recuperar informaci\u00f3n sobre los h\u00e1bitos de navegaci\u00f3n de un usuario o de su equipo y, dependiendo de la informaci\u00f3n que contengan y de la forma en que utilice su equipo, pueden utilizarse para reconocer al usuario.<br \/>\nEste sitio web, al igual que la mayor\u00eda de los sitios en Internet, utiliza Cookies para mejorar y optimizar la experiencia del usuario. A continuaci\u00f3n encontrar\u00e1 informaci\u00f3n detallada sobre la tipolog\u00eda de Cookies que utiliza este sitio web, sobre c\u00f3mo puede desactivarlas en su navegador y de c\u00f3mo bloquear espec\u00edficamente la instalaci\u00f3n de Cookies de terceros.<\/p>\n<h5>TIPO DE COOKIES QUE UTILIZA LA P\u00c1GINA WEB Y SU FINALIDAD<\/h5>\n<ul>\n<li><strong>De funcionamiento<\/strong>. Estas cookies permiten la navegaci\u00f3n a trav\u00e9s de la web y la utilizaci\u00f3n de las diferentes opciones o servicios que se prestan. Tambi\u00e9n se utilizan para mejorar su experiencia de navegaci\u00f3n y para optimizar el funcionamiento de nuestra p\u00e1gina. Almacenan configuraciones de servicios para que el usuario no tenga que reconfigurarlos cada vez que nos visita.<\/li>\n<li><strong>Anal\u00edticas<\/strong>. Estas cookies se utilizan para recoger informaci\u00f3n sobre el uso de nuestro sitio web por parte de los visitantes. Utilizamos la informaci\u00f3n para elaborar informes y para mejorar el sitio. Estas cookies se asocian \u00fanicamente a un usuario an\u00f3nimo y a su ordenador\/dispositivo sin proporcionar referencias que permitan conocer datos personales. Recogen el n\u00famero de visitantes al sitio, el tiempo que duran las visitas, el navegador, el tipo de terminal, el lugar de procedencia de los visitantes y las p\u00e1ginas visitadas.<\/li>\n<\/ul>\n<p>El uso de Cookies nos permite facilitar la navegaci\u00f3n del usuario y adaptar la informaci\u00f3n y los servicios que ofrecemos a sus intereses.<br \/>\nLas cookies se usan tanto de modo permanente como temporal (cookies de sesi\u00f3n). Las cookies permanentes se almacenan en su ordenador o dispositivo m\u00f3vil durante un periodo de tiempo no superior a 24 meses.<br \/>\nUsamos cookies propias y de terceros para recopilar datos estad\u00edsticos de forma agregada a trav\u00e9s de los datos que nos proporciona su utilizaci\u00f3n.<\/p>\n<h5>TRATAMIENTO DE LAS COOKIES<\/h5>\n<p>La informaci\u00f3n obtenida del tratamiento de las cookies es tratada por FUNDACI\u00d3N VOLCANO ACTIVE RESPONSABILITY.<\/p>\n<h5>QU\u00c9 OCURRE SI SE DESHABILITAN LAS COOKIES<\/h5>\n<p>En todo momento podr\u00e1 acceder a la configuraci\u00f3n de su navegador para modificar y\/o bloquear la instalaci\u00f3n de las Cookies, pero ello puede implicar que algunas funcionalidades queden deshabilitadas y que pueda verse limitado el acceso a algunos contenidos. La calidad del funcionamiento de los servicios puede verse afectada.<\/p>\n<h5>FORMA DE DESACTIVAR O ELIMINAR LAS COOKIES<\/h5>\n<p>Para permitir, conocer, bloquear o eliminar las cookies instaladas en su equipo, puede hacerlo mediante la configuraci\u00f3n de las opciones del navegador instalado en su ordenador.<br \/>\nPuede encontrar informaci\u00f3n de c\u00f3mo hacerlo en el caso que utilice uno de los siguientes navegadores:<br \/>\nInternet Explorer:\u00a0 <a href=\"https:\/\/privacy.microsoft.com\/es-es\/privacystatement\">https:\/\/privacy.microsoft.com\/es-es\/privacystatement<\/a><br \/>\nSafari: <a href=\"https:\/\/www.apple.com\/legal\/privacy\/es\/cookies\/\">https:\/\/www.apple.com\/legal\/privacy\/es\/cookies\/<\/a>\u00a0\u00a0\u00a0\u00a0\u00a0\u00a0<a href=\"https:\/\/support.apple.com\/es-es\/HT201265\">https:\/\/support.apple.com\/es-es\/HT201265<\/a><br \/>\nGoogle Chrome: <a href=\"https:\/\/support.google.com\/chrome\/answer\/95647?hl=es&amp;hlrm=en\">https:\/\/support.google.com\/chrome\/answer\/95647?hl=es&amp;hlrm=en<\/a><br \/>\nGoogle:\u00a0 <a href=\"https:\/\/www.google.com\/intl\/es\/policies\/privacy\/\">https:\/\/www.google.com\/intl\/es\/policies\/privacy\/<\/a><br \/>\nFirefox: <a href=\"http:\/\/support.mozilla.org\/es\/kb\/Borrar%20cookies\">http:\/\/support.mozilla.org\/es\/kb\/Borrar%20cookies<\/a><br \/>\nOpera: <a href=\"http:\/\/help.opera.com\/Windows\/11.50\/es-ES\/cookies.html\">http:\/\/help.opera.com\/Windows\/11.50\/es-ES\/cookies.html<\/a><br \/>\nAndroid (Google):\u00a0 <a href=\"https:\/\/www.google.com\/intl\/es\/policies\/privacy\/\">https:\/\/www.google.com\/intl\/es\/policies\/privacy\/<\/a><br \/>\nWindows Phone (Microsoft): <a href=\"https:\/\/privacy.microsoft.com\/es-es\/privacystatement\">https:\/\/privacy.microsoft.com\/es-es\/privacystatement<\/a><br \/>\nBlackberry: <a href=\"http:\/\/global.blackberry.com\/es\/legal\/privacy-policy.html\">http:\/\/global.blackberry.com\/es\/legal\/privacy-policy.html<\/a><br \/>\nTambi\u00e9n puedes eliminar f\u00e1cilmente las cookies de tu ordenador o dispositivo m\u00f3vil mediante el uso de tu navegador. Para obtener indicaciones de c\u00f3mo gestionar y eliminar las cookies, dir\u00edjase a la pesta\u00f1a \u201cAyuda\u201d de su navegador. Podr\u00e1s desactivar las cookies o recibir una notificaci\u00f3n cada vez que se env\u00eda una nueva cookie a tu ordenador o dispositivo m\u00f3vil.<br \/>\nExisten herramientas disponibles on line, que permiten a los usuarios detectar las cookies en cada sitio web que visitan y gestionar su desactivaci\u00f3n (por ejemplo, Ghostery: <a href=\"https:\/\/www.ghostery.com\/about-ghostery\/privacy-statements\/\">https:\/\/www.ghostery.com\/about-ghostery\/privacy-statements\/<\/a>,<br \/>\n<a href=\"http:\/\/www.ghostery.com\/faq\">http:\/\/www.ghostery.com\/faq<\/a>).<\/p>\n<h5>ACTUALIZACI\u00d3N DE NUESTRA POL\u00cdTICA DE COOKIES<\/h5>\n<p>Es posible que actualicemos la Pol\u00edtica de Cookies de nuestro Sitio Web, por ello le recomendamos revisar esta pol\u00edtica cada vez que acceda a nuestro Sitio Web con el objetivo de estar adecuadamente informado sobre c\u00f3mo y para qu\u00e9 usamos las cookies. Tengan en cuenta que los navegadores pueden tambi\u00e9n cambiar sus pol\u00edticas y la ubicaci\u00f3n de la informaci\u00f3n.<br \/>\nLa Pol\u00edtica de Cookies se actualiz\u00f3 por \u00faltima el 13 de Marzo de 2019.<\/p>\n<\/div><\/section><\/div>\n","protected":false},"excerpt":{"rendered":"","protected":false},"author":3,"featured_media":0,"parent":0,"menu_order":0,"comment_status":"closed","ping_status":"closed","template":"","meta":{"footnotes":""},"class_list":["post-1010","page","type-page","status-publish","hentry"],"aioseo_notices":[],"_links":{"self":[{"href":"https:\/\/volcanoschool.org\/es\/wp-json\/wp\/v2\/pages\/1010","targetHints":{"allow":["GET"]}}],"collection":[{"href":"https:\/\/volcanoschool.org\/es\/wp-json\/wp\/v2\/pages"}],"about":[{"href":"https:\/\/volcanoschool.org\/es\/wp-json\/wp\/v2\/types\/page"}],"author":[{"embeddable":true,"href":"https:\/\/volcanoschool.org\/es\/wp-json\/wp\/v2\/users\/3"}],"replies":[{"embeddable":true,"href":"https:\/\/volcanoschool.org\/es\/wp-json\/wp\/v2\/comments?post=1010"}],"version-history":[{"count":3,"href":"https:\/\/volcanoschool.org\/es\/wp-json\/wp\/v2\/pages\/1010\/revisions"}],"predecessor-version":[{"id":1980,"href":"https:\/\/volcanoschool.org\/es\/wp-json\/wp\/v2\/pages\/1010\/revisions\/1980"}],"wp:attachment":[{"href":"https:\/\/volcanoschool.org\/es\/wp-json\/wp\/v2\/media?parent=1010"}],"curies":[{"name":"wp","href":"https:\/\/api.w.org\/{rel}","templated":true}]}}