{"id":1004,"date":"2021-05-12T16:03:21","date_gmt":"2021-05-12T16:03:21","guid":{"rendered":"https:\/\/volcanoschool.org\/?page_id=1004"},"modified":"2021-06-02T15:28:16","modified_gmt":"2021-06-02T15:28:16","slug":"aviso-legal","status":"publish","type":"page","link":"https:\/\/volcanoschool.org\/es\/aviso-legal\/","title":{"rendered":"AVISO LEGAL"},"content":{"rendered":"<div id='av_section_1'  class='avia-section av-2j5p7g-0ea051c4d2ced1313819c3e62312fb56 main_color avia-section-default avia-no-border-styling  avia-builder-el-0  el_before_av_hr  avia-builder-el-first  avia-bg-style-scroll container_wrap fullsize'  ><div class='container av-section-cont-open' ><main  role=\"main\" itemprop=\"mainContentOfPage\"  class='template-page content  av-content-full alpha units'><div class='post-entry post-entry-type-page post-entry-1004'><div class='entry-content-wrapper clearfix'>\n\n<style type=\"text\/css\" data-created_by=\"avia_inline_auto\" id=\"style-css-av-dpupw-f0196d3809a053fbbf02720fdda7c443\">\n.flex_column.av-dpupw-f0196d3809a053fbbf02720fdda7c443{\nborder-radius:0px 0px 0px 0px;\npadding:0px 0px 0px 0px;\n}\n<\/style>\n<div  class='flex_column av-dpupw-f0196d3809a053fbbf02720fdda7c443 av_one_fifth  avia-builder-el-1  el_before_av_four_fifth  avia-builder-el-first  first flex_column_div av-zero-column-padding  '     ><style type=\"text\/css\" data-created_by=\"avia_inline_auto\" id=\"style-css-av-k9o9tzfx-5594337d21c98ea24b8aba7fcd034f88\">\n#top .av-special-heading.av-k9o9tzfx-5594337d21c98ea24b8aba7fcd034f88{\npadding-bottom:10px;\n}\nbody .av-special-heading.av-k9o9tzfx-5594337d21c98ea24b8aba7fcd034f88 .av-special-heading-tag .heading-char{\nfont-size:25px;\n}\n.av-special-heading.av-k9o9tzfx-5594337d21c98ea24b8aba7fcd034f88 .av-subheading{\nfont-size:15px;\n}\n<\/style>\n<div  class='av-special-heading av-k9o9tzfx-5594337d21c98ea24b8aba7fcd034f88 av-special-heading-h1 blockquote modern-quote modern-centered  avia-builder-el-2  avia-builder-el-no-sibling  av-linked-heading'><h1 class='av-special-heading-tag '  itemprop=\"headline\"  >AVISO LEGAL<\/h1><div class=\"special-heading-border\"><div class=\"special-heading-inner-border\"><\/div><\/div><\/div><\/div>\n<style type=\"text\/css\" data-created_by=\"avia_inline_auto\" id=\"style-css-av-bp9ak-bf84b6da3904b345aa12583a19585a8a\">\n.flex_column.av-bp9ak-bf84b6da3904b345aa12583a19585a8a{\nborder-radius:0px 0px 0px 0px;\npadding:0px 0px 0px 0px;\n}\n<\/style>\n<div  class='flex_column av-bp9ak-bf84b6da3904b345aa12583a19585a8a av_four_fifth  avia-builder-el-3  el_after_av_one_fifth  avia-builder-el-last  flex_column_div av-zero-column-padding  '     ><section  class='av_textblock_section av-joisodmx-93f424d645c878496809fa0a1f6381e6 '   itemscope=\"itemscope\" itemtype=\"https:\/\/schema.org\/CreativeWork\" ><div class='avia_textblock'  itemprop=\"text\" ><h5>Identificaci\u00f3n<\/h5>\n<p>En cumplimiento con el deber de informaci\u00f3n recogido en art\u00edculo 10 de la Ley 34\/2002, de 11 de julio, de Servicios de la Sociedad de la Informaci\u00f3n y del Comercio Electr\u00f3nico,\u00a0FUNDACI\u00d3N VOLCANO ACTIVE RESPONSABILITY, le informa que los datos aqu\u00ed consignados corresponden a la entidad titular del sitio web\u00a0https:\/\/volcanofoundation.org\/<br \/>\nDenominaci\u00f3n:\u00a0FUNDACI\u00d3N VOLCANO ACTIVE RESPONSABILITY<br \/>\nDomicilio:\u00a0TRAVESSERA DE GRACIA, 108, BARCELONA (08012) BARCELONA, ESPA\u00d1A<br \/>\nTel\u00e9fono:\u00a0+34\/689254645<br \/>\nEmail:\u00a0contact@volcanofoundation.org<br \/>\nCIF:\u00a0G67314625<br \/>\nInscripci\u00f3n registral:\u00a0REGISTRO DE FUNDACIONES Autorizada por el Ministerio de Justicia con n\u00ba 2195<\/p>\n<h5>Propiedad intelectual e industrial<\/h5>\n<p>Todos los derechos de Propiedad Industrial e Intelectual de la totalidad de elementos contenidos en este sitio web, incluidas las marcas comerciales, formatos, dise\u00f1os gr\u00e1ficos, textos, im\u00e1genes y documentos, pertenecen a\u00a0FUNDACI\u00d3N VOLCANO ACTIVE RESPONSABILITY\u00a0y se encuentran protegidos por las leyes espa\u00f1olas e internacionales sobre propiedad Intelectual e Industrial. Queda expresamente prohibida la reproducci\u00f3n total o parcial de este sitio Web y de cualquiera de sus contenidos sin el permiso expreso y por escrito de\u00a0FUNDACI\u00d3N VOLCANO ACTIVE RESPONSABILITY.<\/p>\n<p>El acceso al sitio web no implica ning\u00fan tipo de renuncia, transmisi\u00f3n, licencia o cesi\u00f3n de dichos derechos por parte de\u00a0FUNDACI\u00d3N VOLCANO ACTIVE RESPONSABILITY, salvo que se establezca expresamente lo contrario.<\/p>\n<h5>Condiciones de uso<\/h5>\n<p>El acceso a este sitio Web implica la aceptaci\u00f3n de estas condiciones de uso sin reservas que regulan el acceso y la utilizaci\u00f3n del mismo con el fin de poner a disposici\u00f3n de los usuarios informaci\u00f3n sobre nuestros productos.<\/p>\n<p>Se proh\u00edbe expresamente la utilizaci\u00f3n de los contenidos de este sitio Web para su utilizaci\u00f3n con fines comerciales o para su distribuci\u00f3n, transformaci\u00f3n o comunicaci\u00f3n.<br \/>\nFUNDACI\u00d3N VOLCANO ACTIVE RESPONSABILITY, no responder\u00e1 de ninguna consecuencia, da\u00f1o o perjuicio que pudieran derivarse de dicha utilizaci\u00f3n o uso de la informaci\u00f3n.<\/p>\n<p>Tanto el acceso a esta Web como el uso que pueda hacerse de la informaci\u00f3n contenida en la misma es de la exclusiva responsabilidad de quien lo realiza.<\/p>\n<p>El usuario se obliga a no utilizar la informaci\u00f3n que se publica en esta Web con fines o efectos il\u00edcitos o lesivos, a no da\u00f1ar o inutilizar la informaci\u00f3n y a no realizar cualquier otra acci\u00f3n que puedan ser contraria al contenido de este Aviso Legal.<\/p>\n<p>FUNDACI\u00d3N VOLCANO ACTIVE RESPONSABILITY\u00a0no puede asegurar la inexistencia de interrupciones o errores en el acceso a este sitio Web, aunque pondr\u00e1 sus mayores esfuerzos para evitarlos.<\/p>\n<h5>Enlaces a otras webs<\/h5>\n<p>Los enlaces (links) que puede encontrar en esta Web son un servicio a los usuarios. Estas p\u00e1ginas no son operadas ni controladas por\u00a0FUNDACI\u00d3N VOLCANO ACTIVE RESPONSABILITY, por ello, no se hace responsable de los contenidos de esos sitios Web ni est\u00e1n cubiertas por el presente Aviso Legal. Si accede a estas p\u00e1ginas Webs deber\u00e1 tener en cuenta que sus pol\u00edticas de privacidad pueden ser diferentes a la nuestra.<\/p>\n<h5>Legislaci\u00f3n aplicable y competencia jurisdiccional<\/h5>\n<p>El presente Aviso Legal se rige por la normativa espa\u00f1ola vigente que le es de aplicaci\u00f3n.<\/p>\n<p>Para la resoluci\u00f3n de las controversias que pudieran derivarse como consecuencia de lo dispuesto en las presentes disposiciones y sobre su interpretaci\u00f3n, aplicaci\u00f3n y cumplimiento, el usuario, en virtud de la aceptaci\u00f3n de las condiciones recogidas en este Aviso legal, renuncia expresamente a cualquier otro fuero que pudiera corresponderle.<\/p>\n<p>En cualquier caso, dentro de la jurisdicci\u00f3n espa\u00f1ola, si la legislaci\u00f3n permitiese someterse a un fuero en concreto, el usuario renuncia expresamente al fuero que pudiera corresponderle y se somete voluntariamente a la jurisdicci\u00f3n de los Juzgados y Tribunales de\u00a0BARCELONA.<\/p>\n<\/div><\/section><\/div>\n<\/div><\/div><\/main><!-- close content main element --><\/div><\/div><div id='after_section_1'  class='main_color av_default_container_wrap container_wrap fullsize'  ><div class='container av-section-cont-open' ><div class='template-page content  av-content-full alpha units'><div class='post-entry post-entry-type-page post-entry-1004'><div class='entry-content-wrapper clearfix'>\n\n<style type=\"text\/css\" data-created_by=\"avia_inline_auto\" id=\"style-css-av-k9o9xn5t-ca87a7df89da9c4e87b76669fa53b093\">\n#top .hr.hr-invisible.av-k9o9xn5t-ca87a7df89da9c4e87b76669fa53b093{\nheight:50px;\n}\n<\/style>\n<div  id=\"espanol\"  class='hr av-k9o9xn5t-ca87a7df89da9c4e87b76669fa53b093 hr-invisible  avia-builder-el-5  el_after_av_section  avia-builder-el-no-sibling '><span class='hr-inner '><span class=\"hr-inner-style\"><\/span><\/span><\/div>\n","protected":false},"excerpt":{"rendered":"","protected":false},"author":3,"featured_media":0,"parent":0,"menu_order":0,"comment_status":"closed","ping_status":"closed","template":"","meta":{"footnotes":""},"class_list":["post-1004","page","type-page","status-publish","hentry"],"aioseo_notices":[],"_links":{"self":[{"href":"https:\/\/volcanoschool.org\/es\/wp-json\/wp\/v2\/pages\/1004","targetHints":{"allow":["GET"]}}],"collection":[{"href":"https:\/\/volcanoschool.org\/es\/wp-json\/wp\/v2\/pages"}],"about":[{"href":"https:\/\/volcanoschool.org\/es\/wp-json\/wp\/v2\/types\/page"}],"author":[{"embeddable":true,"href":"https:\/\/volcanoschool.org\/es\/wp-json\/wp\/v2\/users\/3"}],"replies":[{"embeddable":true,"href":"https:\/\/volcanoschool.org\/es\/wp-json\/wp\/v2\/comments?post=1004"}],"version-history":[{"count":6,"href":"https:\/\/volcanoschool.org\/es\/wp-json\/wp\/v2\/pages\/1004\/revisions"}],"predecessor-version":[{"id":1963,"href":"https:\/\/volcanoschool.org\/es\/wp-json\/wp\/v2\/pages\/1004\/revisions\/1963"}],"wp:attachment":[{"href":"https:\/\/volcanoschool.org\/es\/wp-json\/wp\/v2\/media?parent=1004"}],"curies":[{"name":"wp","href":"https:\/\/api.w.org\/{rel}","templated":true}]}}